{"id":1253,"date":"2025-10-06T11:16:06","date_gmt":"2025-10-06T09:16:06","guid":{"rendered":"https:\/\/farapej-1.rezo.pro\/?page_id=1253"},"modified":"2025-10-31T11:17:52","modified_gmt":"2025-10-31T10:17:52","slug":"les-colloques","status":"publish","type":"page","link":"https:\/\/farapej-1.rezo.pro\/index.php\/nos-actions\/les-conferences-journees-detude-colloques\/les-colloques\/","title":{"rendered":"Les colloques"},"content":{"rendered":"\n<h3 class=\"wp-block-heading\">Save the date du 15 novembre 2025 <\/h3>\n\n\n\n<p><strong>La FARAPEJ vous propose&nbsp;:<\/strong><\/p>\n\n\n\n<h6 class=\"wp-block-heading has-text-align-center\">Samedi 15 novembre 2025<br>H\u00f4tel de Ville de Paris<br>Auditorium<\/h6>\n\n\n\n<p><strong>Un colloque dont le th\u00e8me sera&nbsp;:<\/strong><\/p>\n\n\n\n<blockquote class=\"wp-block-quote is-layout-flow wp-block-quote-is-layout-flow\">\n<p>Quelles r\u00e9ponses \u00e0 la d\u00e9linquance des mineurs&nbsp;? Regards crois\u00e9s europ\u00e9ens<\/p>\n<\/blockquote>\n\n\n\n<p class=\"has-text-align-center\">La d\u00e9linquance des mineur\u00b7es en Europe soul\u00e8ve des enjeux complexes et actuels. Ce colloque r\u00e9unira des chercheurs, des professionnels de l\u2019administration, des responsables d\u2019\u00e9tablissements pour mineurs et des acteurs associatifs. Ensemble, nous croiserons les regards, partagerons des pratiques et explorerons les mod\u00e8les d\u2019intervention existants.<br><br>Au programme :<br>\ud83d\udd39 Tables rondes et retours d\u2019exp\u00e9riences de terrain<br>\ud83d\udd39 \u00c9changes interdisciplinaires<br>\ud83d\udd39 R\u00e9flexion collective sur les r\u00e9ponses possibles<br><br>\ud83d\udce9 Contact : <a href=\"mailto:farapej@farapej.fr\">farapej@farapej.fr<\/a><\/p>\n\n\n\n<div class=\"wp-block-file aligncenter\"><a id=\"wp-block-file--media-0a38b165-a838-41b9-8812-5d9e11c36867\" href=\"https:\/\/farapej.fr\/wp-content\/uploads\/2025\/10\/Programme-colloque-1.pdf\">Programme colloque FARAPEJ<\/a><a href=\"https:\/\/farapej.fr\/wp-content\/uploads\/2025\/10\/Programme-colloque-1.pdf\" class=\"wp-block-file__button wp-element-button\" download aria-describedby=\"wp-block-file--media-0a38b165-a838-41b9-8812-5d9e11c36867\">T\u00e9l\u00e9charger<\/a><\/div>\n\n\n\n<figure class=\"wp-block-image aligncenter size-medium\"><img decoding=\"async\" src=\"\/wp-content\/uploads\/2025\/10\/Capture-decran-save-the-date-recadre-300x285.jpeg\" alt=\"\" class=\"wp-image-1181\"\/><\/figure>\n\n\n\n<h3 class=\"wp-block-heading\"> Participation gratuite, mais inscription obligatoire<\/h3>\n\n\n\n<iframe id=\"haWidget\" allowtransparency=\"true\" src=\"https:\/\/www.helloasso.com\/associations\/farapej\/evenements\/quelles-reponses-a-la-delinquance-des-mineurs-regards-croises-europeens\/widget\" style=\"width: 100%; border: none;\" onload=\"window.addEventListener( 'message', function(e) { const dataHeight = e.data.height; const haWidgetElement = document.getElementById('haWidget'); haWidgetElement.height = dataHeight + 'px'; } )\" ><\/iframe>\n","protected":false},"excerpt":{"rendered":"<p>Save the date du 15 novembre 2025 La FARAPEJ vous propose&nbsp;: Samedi 15 novembre 2025H\u00f4tel de Ville de ParisAuditorium Un colloque dont le th\u00e8me sera&nbsp;: Quelles r\u00e9ponses \u00e0 la d\u00e9linquance des mineurs&nbsp;? Regards crois\u00e9s europ\u00e9ens La d\u00e9linquance des mineur\u00b7es en Europe soul\u00e8ve des enjeux complexes et actuels. Ce colloque r\u00e9unira des chercheurs, des professionnels de [&hellip;]<\/p>\n","protected":false},"author":1,"featured_media":1179,"parent":66,"menu_order":0,"comment_status":"closed","ping_status":"closed","template":"","meta":{"_acf_changed":false,"footnotes":""},"class_list":["post-1253","page","type-page","status-publish","has-post-thumbnail","hentry"],"acf":[],"_links":{"self":[{"href":"https:\/\/farapej-1.rezo.pro\/index.php\/wp-json\/wp\/v2\/pages\/1253","targetHints":{"allow":["GET"]}}],"collection":[{"href":"https:\/\/farapej-1.rezo.pro\/index.php\/wp-json\/wp\/v2\/pages"}],"about":[{"href":"https:\/\/farapej-1.rezo.pro\/index.php\/wp-json\/wp\/v2\/types\/page"}],"author":[{"embeddable":true,"href":"https:\/\/farapej-1.rezo.pro\/index.php\/wp-json\/wp\/v2\/users\/1"}],"replies":[{"embeddable":true,"href":"https:\/\/farapej-1.rezo.pro\/index.php\/wp-json\/wp\/v2\/comments?post=1253"}],"version-history":[{"count":13,"href":"https:\/\/farapej-1.rezo.pro\/index.php\/wp-json\/wp\/v2\/pages\/1253\/revisions"}],"predecessor-version":[{"id":2367,"href":"https:\/\/farapej-1.rezo.pro\/index.php\/wp-json\/wp\/v2\/pages\/1253\/revisions\/2367"}],"up":[{"embeddable":true,"href":"https:\/\/farapej-1.rezo.pro\/index.php\/wp-json\/wp\/v2\/pages\/66"}],"wp:featuredmedia":[{"embeddable":true,"href":"https:\/\/farapej-1.rezo.pro\/index.php\/wp-json\/wp\/v2\/media\/1179"}],"wp:attachment":[{"href":"https:\/\/farapej-1.rezo.pro\/index.php\/wp-json\/wp\/v2\/media?parent=1253"}],"curies":[{"name":"wp","href":"https:\/\/api.w.org\/{rel}","templated":true}]}}