{"id":1257,"date":"2025-10-06T11:21:09","date_gmt":"2025-10-06T09:21:09","guid":{"rendered":"https:\/\/farapej-1.rezo.pro\/?page_id=1257"},"modified":"2026-02-04T10:22:18","modified_gmt":"2026-02-04T09:22:18","slug":"les-conferences","status":"publish","type":"page","link":"https:\/\/farapej-1.rezo.pro\/index.php\/nos-actions\/les-conferences-journees-detude-colloques\/les-conferences\/","title":{"rendered":"Les conf\u00e9rences"},"content":{"rendered":"\n<p>La FARAPEJ organise r\u00e9guli\u00e8rement des conf\u00e9rences pour sensibiliser sur les questions p\u00e9nales et judiciaires, sous un format plus accessible que les formations par exemple. Les conf\u00e9rences sont l&rsquo;occasion de rencontrer des professionnel\u00b7les, chercheur\u00b7euses, etc., pour pr\u00e9senter des travaux r\u00e9cents, partager une r\u00e9flexion engag\u00e9e sur la justice en g\u00e9n\u00e9ral. <\/p>\n\n\n\n<p>Les conf\u00e9rences durent g\u00e9n\u00e9ralement deux heures. Elles ne sont pas toujours disponibles en replay mais vous trouverez des r\u00e9sum\u00e9s des \u00e9l\u00e9ments abord\u00e9s. <\/p>\n\n\n\n<p><\/p>\n\n\n\n<p><\/p>\n\n\n\n<div class=\"wp-block-query alignwide is-layout-flow wp-block-query-is-layout-flow\">\n<div class=\"wp-block-group is-layout-flow wp-block-group-is-layout-flow\" style=\"margin-top:0;margin-bottom:0;padding-top:var(--wp--preset--spacing--10);padding-right:var(--wp--preset--spacing--10);padding-bottom:var(--wp--preset--spacing--10);padding-left:var(--wp--preset--spacing--10)\"><ul class=\"columns-3 alignfull wp-block-post-template is-layout-grid wp-container-core-post-template-is-layout-2d080239 wp-block-post-template-is-layout-grid\"><li class=\"wp-block-post post-2592 page type-page status-publish has-post-thumbnail hentry\">\n\n<div class=\"wp-block-group is-vertical is-content-justification-center is-nowrap is-layout-flex wp-container-core-group-is-layout-7be2fa9c wp-block-group-is-layout-flex\" style=\"margin-top:var(--wp--preset--spacing--20);padding-top:0\"><figure style=\"aspect-ratio:16\/9;height:100px; padding-bottom:0;margin-bottom:0;\" class=\"wp-block-post-featured-image\"><a href=\"https:\/\/farapej-1.rezo.pro\/index.php\/nos-actions\/les-conferences-journees-detude-colloques\/les-conferences\/conference-le-droit-de-vote-en-prison\/\" target=\"_self\"  style=\"height:100px\"><img loading=\"lazy\" decoding=\"async\" width=\"1200\" height=\"1200\" src=\"https:\/\/farapej-1.rezo.pro\/wp-content\/uploads\/2026\/02\/Conference-droit-de-vote.png\" class=\"attachment-full size-full wp-post-image\" alt=\"Conf\u00e9rence &#8211; Le droit de vote en prison\" style=\"width:100%;height:100%;object-fit:contain;\" srcset=\"https:\/\/farapej-1.rezo.pro\/wp-content\/uploads\/2026\/02\/Conference-droit-de-vote.png 1200w, https:\/\/farapej-1.rezo.pro\/wp-content\/uploads\/2026\/02\/Conference-droit-de-vote-300x300.png 300w, https:\/\/farapej-1.rezo.pro\/wp-content\/uploads\/2026\/02\/Conference-droit-de-vote-1024x1024.png 1024w, https:\/\/farapej-1.rezo.pro\/wp-content\/uploads\/2026\/02\/Conference-droit-de-vote-150x150.png 150w, https:\/\/farapej-1.rezo.pro\/wp-content\/uploads\/2026\/02\/Conference-droit-de-vote-768x768.png 768w\" sizes=\"auto, (max-width: 1200px) 100vw, 1200px\" \/><\/a><\/figure>\n\n<h2 class=\"has-text-align-center has-link-color wp-elements-e9dbd46998321df0402018f70002c1a8 wp-block-post-title has-text-color has-accent-3-color has-medium-font-size wp-container-content-32e3a40d\"><a href=\"https:\/\/farapej-1.rezo.pro\/index.php\/nos-actions\/les-conferences-journees-detude-colloques\/les-conferences\/conference-le-droit-de-vote-en-prison\/\" target=\"_self\" >Conf\u00e9rence &#8211; Le droit de vote en prison<\/a><\/h2>\n\n<div class=\"has-text-align-center wp-block-post-excerpt has-text-color has-contrast-2-color has-small-font-size wp-container-content-32e3a40d\"><p class=\"wp-block-post-excerpt__excerpt\">La FARAPEJ a le plaisir de vous convier \u00e0 une conf\u00e9rence consacr\u00e9e au droit de\u2026 <\/p><\/div>\n\n\n<div style=\"height:23px\" aria-hidden=\"true\" class=\"wp-block-spacer wp-container-content-78b3b043\"><\/div>\n<\/div>\n\n<\/li><li class=\"wp-block-post post-2589 page type-page status-publish has-post-thumbnail hentry\">\n\n<div class=\"wp-block-group is-vertical is-content-justification-center is-nowrap is-layout-flex wp-container-core-group-is-layout-7be2fa9c wp-block-group-is-layout-flex\" style=\"margin-top:var(--wp--preset--spacing--20);padding-top:0\"><figure style=\"aspect-ratio:16\/9;height:100px; padding-bottom:0;margin-bottom:0;\" class=\"wp-block-post-featured-image\"><a href=\"https:\/\/farapej-1.rezo.pro\/index.php\/nos-actions\/les-conferences-journees-detude-colloques\/les-conferences\/conference-le-sens-de-la-peine\/\" target=\"_self\"  style=\"height:100px\"><img loading=\"lazy\" decoding=\"async\" width=\"1200\" height=\"1200\" src=\"https:\/\/farapej-1.rezo.pro\/wp-content\/uploads\/2025\/10\/Copie-de-Linkedin-Conference-Sens-de-la-peine.png\" class=\"attachment-full size-full wp-post-image\" alt=\"Conf\u00e9rence &#8211; Le sens de la peine\" style=\"width:100%;height:100%;object-fit:contain;\" srcset=\"https:\/\/farapej-1.rezo.pro\/wp-content\/uploads\/2025\/10\/Copie-de-Linkedin-Conference-Sens-de-la-peine.png 1200w, https:\/\/farapej-1.rezo.pro\/wp-content\/uploads\/2025\/10\/Copie-de-Linkedin-Conference-Sens-de-la-peine-300x300.png 300w, https:\/\/farapej-1.rezo.pro\/wp-content\/uploads\/2025\/10\/Copie-de-Linkedin-Conference-Sens-de-la-peine-1024x1024.png 1024w, https:\/\/farapej-1.rezo.pro\/wp-content\/uploads\/2025\/10\/Copie-de-Linkedin-Conference-Sens-de-la-peine-150x150.png 150w, https:\/\/farapej-1.rezo.pro\/wp-content\/uploads\/2025\/10\/Copie-de-Linkedin-Conference-Sens-de-la-peine-768x768.png 768w\" sizes=\"auto, (max-width: 1200px) 100vw, 1200px\" \/><\/a><\/figure>\n\n<h2 class=\"has-text-align-center has-link-color wp-elements-e9dbd46998321df0402018f70002c1a8 wp-block-post-title has-text-color has-accent-3-color has-medium-font-size wp-container-content-32e3a40d\"><a href=\"https:\/\/farapej-1.rezo.pro\/index.php\/nos-actions\/les-conferences-journees-detude-colloques\/les-conferences\/conference-le-sens-de-la-peine\/\" target=\"_self\" >Conf\u00e9rence &#8211; Le sens de la peine<\/a><\/h2>\n\n<div class=\"has-text-align-center wp-block-post-excerpt has-text-color has-contrast-2-color has-small-font-size wp-container-content-32e3a40d\"><p class=\"wp-block-post-excerpt__excerpt\">Dans le cadre de ses r\u00e9flexions collectives sur les pratiques p\u00e9nales et la justice, la\u2026 <\/p><\/div>\n\n\n<div style=\"height:23px\" aria-hidden=\"true\" class=\"wp-block-spacer wp-container-content-78b3b043\"><\/div>\n<\/div>\n\n<\/li><\/ul>\n\n\n<div style=\"margin-top:0;margin-bottom:0;height:30px\" aria-hidden=\"true\" class=\"wp-block-spacer\"><\/div>\n\n\n<\/div>\n<\/div>\n\n\n\n<p><\/p>\n","protected":false},"excerpt":{"rendered":"<p>La FARAPEJ organise r\u00e9guli\u00e8rement des conf\u00e9rences pour sensibiliser sur les questions p\u00e9nales et judiciaires, sous un format plus accessible que les formations par exemple. Les conf\u00e9rences sont l&rsquo;occasion de rencontrer des professionnel\u00b7les, chercheur\u00b7euses, etc., pour pr\u00e9senter des travaux r\u00e9cents, partager une r\u00e9flexion engag\u00e9e sur la justice en g\u00e9n\u00e9ral. Les conf\u00e9rences durent g\u00e9n\u00e9ralement deux heures. Elles [&hellip;]<\/p>\n","protected":false},"author":1,"featured_media":1179,"parent":66,"menu_order":0,"comment_status":"closed","ping_status":"closed","template":"","meta":{"_acf_changed":false,"footnotes":""},"class_list":["post-1257","page","type-page","status-publish","has-post-thumbnail","hentry"],"acf":[],"_links":{"self":[{"href":"https:\/\/farapej-1.rezo.pro\/index.php\/wp-json\/wp\/v2\/pages\/1257","targetHints":{"allow":["GET"]}}],"collection":[{"href":"https:\/\/farapej-1.rezo.pro\/index.php\/wp-json\/wp\/v2\/pages"}],"about":[{"href":"https:\/\/farapej-1.rezo.pro\/index.php\/wp-json\/wp\/v2\/types\/page"}],"author":[{"embeddable":true,"href":"https:\/\/farapej-1.rezo.pro\/index.php\/wp-json\/wp\/v2\/users\/1"}],"replies":[{"embeddable":true,"href":"https:\/\/farapej-1.rezo.pro\/index.php\/wp-json\/wp\/v2\/comments?post=1257"}],"version-history":[{"count":9,"href":"https:\/\/farapej-1.rezo.pro\/index.php\/wp-json\/wp\/v2\/pages\/1257\/revisions"}],"predecessor-version":[{"id":2595,"href":"https:\/\/farapej-1.rezo.pro\/index.php\/wp-json\/wp\/v2\/pages\/1257\/revisions\/2595"}],"up":[{"embeddable":true,"href":"https:\/\/farapej-1.rezo.pro\/index.php\/wp-json\/wp\/v2\/pages\/66"}],"wp:featuredmedia":[{"embeddable":true,"href":"https:\/\/farapej-1.rezo.pro\/index.php\/wp-json\/wp\/v2\/media\/1179"}],"wp:attachment":[{"href":"https:\/\/farapej-1.rezo.pro\/index.php\/wp-json\/wp\/v2\/media?parent=1257"}],"curies":[{"name":"wp","href":"https:\/\/api.w.org\/{rel}","templated":true}]}}