{"id":1276,"date":"2025-10-06T16:27:12","date_gmt":"2025-10-06T14:27:12","guid":{"rendered":"https:\/\/farapej-1.rezo.pro\/?page_id=1276"},"modified":"2025-11-04T17:45:22","modified_gmt":"2025-11-04T16:45:22","slug":"assemblee-generale","status":"publish","type":"page","link":"https:\/\/farapej-1.rezo.pro\/index.php\/notre-identite\/assemblee-generale\/","title":{"rendered":"Assembl\u00e9e g\u00e9n\u00e9rale"},"content":{"rendered":"\n<p>Les Assembl\u00e9es G\u00e9n\u00e9rales sont constitu\u00e9es de deux coll\u00e8ges, le coll\u00e8ge des Associations et le coll\u00e8ge des Adh\u00e9rents individuels<\/p>\n\n\n\n<p>Voir et\/ou t\u00e9l\u00e9charger le programme de l&rsquo;Assembl\u00e9e G\u00e9n\u00e9rale du  vendredi 4 avril 2025<\/p>\n\n\n\n<div class=\"wp-block-file\"><a id=\"wp-block-file--media-966c6f7a-03c9-4ecf-ae7a-6866c8c8b1f1\" href=\"https:\/\/farapej.fr\/wp-content\/uploads\/2025\/10\/Programme-AG-2025.docx.pdf\">Programme AG 2025.docx<\/a><a href=\"https:\/\/farapej.fr\/wp-content\/uploads\/2025\/10\/Programme-AG-2025.docx.pdf\" class=\"wp-block-file__button wp-element-button\" download aria-describedby=\"wp-block-file--media-966c6f7a-03c9-4ecf-ae7a-6866c8c8b1f1\">T\u00e9l\u00e9charger<\/a><\/div>\n\n\n\n<p><\/p>\n","protected":false},"excerpt":{"rendered":"<p>Les Assembl\u00e9es G\u00e9n\u00e9rales sont constitu\u00e9es de deux coll\u00e8ges, le coll\u00e8ge des Associations et le coll\u00e8ge des Adh\u00e9rents individuels Voir et\/ou t\u00e9l\u00e9charger le programme de l&rsquo;Assembl\u00e9e G\u00e9n\u00e9rale du vendredi 4 avril 2025<\/p>\n","protected":false},"author":1,"featured_media":2379,"parent":36,"menu_order":25,"comment_status":"closed","ping_status":"closed","template":"","meta":{"_acf_changed":false,"footnotes":""},"class_list":["post-1276","page","type-page","status-publish","has-post-thumbnail","hentry"],"acf":[],"_links":{"self":[{"href":"https:\/\/farapej-1.rezo.pro\/index.php\/wp-json\/wp\/v2\/pages\/1276","targetHints":{"allow":["GET"]}}],"collection":[{"href":"https:\/\/farapej-1.rezo.pro\/index.php\/wp-json\/wp\/v2\/pages"}],"about":[{"href":"https:\/\/farapej-1.rezo.pro\/index.php\/wp-json\/wp\/v2\/types\/page"}],"author":[{"embeddable":true,"href":"https:\/\/farapej-1.rezo.pro\/index.php\/wp-json\/wp\/v2\/users\/1"}],"replies":[{"embeddable":true,"href":"https:\/\/farapej-1.rezo.pro\/index.php\/wp-json\/wp\/v2\/comments?post=1276"}],"version-history":[{"count":3,"href":"https:\/\/farapej-1.rezo.pro\/index.php\/wp-json\/wp\/v2\/pages\/1276\/revisions"}],"predecessor-version":[{"id":2347,"href":"https:\/\/farapej-1.rezo.pro\/index.php\/wp-json\/wp\/v2\/pages\/1276\/revisions\/2347"}],"up":[{"embeddable":true,"href":"https:\/\/farapej-1.rezo.pro\/index.php\/wp-json\/wp\/v2\/pages\/36"}],"wp:featuredmedia":[{"embeddable":true,"href":"https:\/\/farapej-1.rezo.pro\/index.php\/wp-json\/wp\/v2\/media\/2379"}],"wp:attachment":[{"href":"https:\/\/farapej-1.rezo.pro\/index.php\/wp-json\/wp\/v2\/media?parent=1276"}],"curies":[{"name":"wp","href":"https:\/\/api.w.org\/{rel}","templated":true}]}}