{"id":1331,"date":"2025-10-07T12:25:15","date_gmt":"2025-10-07T10:25:15","guid":{"rendered":"https:\/\/farapej-1.rezo.pro\/?page_id=1331"},"modified":"2026-02-11T15:47:10","modified_gmt":"2026-02-11T14:47:10","slug":"adhesion-association","status":"publish","type":"page","link":"https:\/\/farapej-1.rezo.pro\/index.php\/notre-reseau\/adhesion-association\/","title":{"rendered":"Adh\u00e9sion d&rsquo;une association"},"content":{"rendered":"\n<div class=\"wp-block-buttons is-content-justification-center is-layout-flex wp-container-core-buttons-is-layout-a89b3969 wp-block-buttons-is-layout-flex\">\n<div class=\"wp-block-button\"><a class=\"wp-block-button__link wp-element-button\" href=\"\/index.php\/notre-reseau\/adhesion-individuelle\/\">Si vous souhaitez adh\u00e9rer \u00e0 titre individuel, cliquez sur ce bouton<\/a><\/div>\n<\/div>\n\n\n\n<p>Article 7 des statuts de la F\u00e9d\u00e9ration<\/p>\n\n\n\n<p>La demande d\u2019adh\u00e9sion d&rsquo;une association \u00e0 la F\u00e9d\u00e9ration, soit comme membre actif, soit comme membre associ\u00e9, implique l\u2019obligation de fournir les documents demand\u00e9s par le Conseil d\u2019administration et l\u2019acceptation sans r\u00e9serve des buts tels qu\u2019ils sont d\u00e9crits \u00e0 l\u2019article 3 des statuts. Le Conseil d&rsquo;administration \u00e9tudie les demandes d&rsquo;adh\u00e9sion et statue sur celles-ci au vu, en particulier, d&rsquo;une  demande \u00e9crite de l&rsquo;association (y compris par mail), des statuts et du dernier rapport d\u2019activit\u00e9. <\/p>\n\n\n\n<p>L&rsquo;adh\u00e9sion \u00e0 la F\u00e9d\u00e9ration ne devient d\u00e9finitive qu&rsquo;apr\u00e8s versement de la cotisation vot\u00e9e chaque ann\u00e9e par l&rsquo;Assembl\u00e9e g\u00e9n\u00e9rale. Les cotisations peuvent \u00eatre pay\u00e9es sur HelloAsso, par virement ou par ch\u00e8que ; une attestation de cotisation sera renvoy\u00e9e.<\/p>\n\n\n\n<p>Chaque association adh\u00e9rente s&rsquo;engage \u00e0 transmettre annuellement au bureau les informations actualis\u00e9es sur ses activit\u00e9s.<\/p>\n\n\n\n<p>\u00catre adh\u00e9rente permet \u00e0 une association d\u2019acc\u00e9der et de faire acc\u00e9der ses salari\u00e9s et b\u00e9n\u00e9voles \u00e0 des tarifs r\u00e9duits pour toutes les formations propos\u00e9es par la FARAPEJ, d\u2019agir aux c\u00f4t\u00e9s de la F\u00e9d\u00e9ration et de participer \u00e0 ses projets et r\u00e9flexions<\/p>\n\n\n\n<p><\/p>\n\n\n\n<div class=\"wp-block-group helloasso-formations is-content-justification-center is-layout-flex wp-container-core-group-is-layout-a363e33b wp-block-group-is-layout-flex\">\n<iframe id=\"haWidgetVignette\" allowtransparency=\"true\" src=\"https:\/\/www.helloasso.com\/associations\/farapej\/adhesions\/adhesion-des-associations-2026\/widget-vignette\" style=\"width: 350px; height: 450px; border: none;\"><\/iframe>\n<\/div>\n\n\n\n<blockquote class=\"wp-block-quote is-layout-flow wp-block-quote-is-layout-flow\">\n<p><strong>Pour toute question, vous pouvez joindre Camille au 07.45.24.08.58<\/strong><\/p>\n<\/blockquote>\n\n\n\n<p><\/p>\n\n\n\n<h3 class=\"wp-block-heading\">Fonctionnement de notre gouvernance<\/h3>\n\n\n\n<p>La FARAPEJ est administr\u00e9e par un conseil d&rsquo;administration, instance centrale de la f\u00e9d\u00e9ration. \u00e0 cette fin, il dispose d&rsquo;une comp\u00e9tence g\u00e9n\u00e9rale : il pr\u00e9conise les grandes orientations (y compris financi\u00e8res) de la f\u00e9d\u00e9ration, est responsable en dernier ressort de ses projets, et s&rsquo;assure que ceux-ci sont en conformit\u00e9 avec le projet associatif de la FARAPEJ<\/p>\n\n\n\n<p>Lors de l&rsquo;assembl\u00e9e g\u00e9n\u00e9rale, les membres du conseil d&rsquo;administration sont \u00e9lus par le coll\u00e8ge des adh\u00e9rents individuels ou par le coll\u00e8ge des associations \u00e9manation du conseil d&rsquo;administration, le bureau assure la gestion op\u00e9rationnelle des projets de la &nbsp;f\u00e9d\u00e9ration, et r\u00e9pond aux sollicitations courantes, ainsi qu&rsquo;aux demandes de partenariat et aux rendez-vous ext\u00e9rieurs.<\/p>\n","protected":false},"excerpt":{"rendered":"<p>Article 7 des statuts de la F\u00e9d\u00e9ration La demande d\u2019adh\u00e9sion d&rsquo;une association \u00e0 la F\u00e9d\u00e9ration, soit comme membre actif, soit comme membre associ\u00e9, implique l\u2019obligation de fournir les documents demand\u00e9s par le Conseil d\u2019administration et l\u2019acceptation sans r\u00e9serve des buts tels qu\u2019ils sont d\u00e9crits \u00e0 l\u2019article 3 des statuts. Le Conseil d&rsquo;administration \u00e9tudie les demandes [&hellip;]<\/p>\n","protected":false},"author":1,"featured_media":2381,"parent":39,"menu_order":20,"comment_status":"closed","ping_status":"closed","template":"","meta":{"_acf_changed":false,"footnotes":""},"class_list":["post-1331","page","type-page","status-publish","has-post-thumbnail","hentry"],"acf":[],"_links":{"self":[{"href":"https:\/\/farapej-1.rezo.pro\/index.php\/wp-json\/wp\/v2\/pages\/1331","targetHints":{"allow":["GET"]}}],"collection":[{"href":"https:\/\/farapej-1.rezo.pro\/index.php\/wp-json\/wp\/v2\/pages"}],"about":[{"href":"https:\/\/farapej-1.rezo.pro\/index.php\/wp-json\/wp\/v2\/types\/page"}],"author":[{"embeddable":true,"href":"https:\/\/farapej-1.rezo.pro\/index.php\/wp-json\/wp\/v2\/users\/1"}],"replies":[{"embeddable":true,"href":"https:\/\/farapej-1.rezo.pro\/index.php\/wp-json\/wp\/v2\/comments?post=1331"}],"version-history":[{"count":27,"href":"https:\/\/farapej-1.rezo.pro\/index.php\/wp-json\/wp\/v2\/pages\/1331\/revisions"}],"predecessor-version":[{"id":2642,"href":"https:\/\/farapej-1.rezo.pro\/index.php\/wp-json\/wp\/v2\/pages\/1331\/revisions\/2642"}],"up":[{"embeddable":true,"href":"https:\/\/farapej-1.rezo.pro\/index.php\/wp-json\/wp\/v2\/pages\/39"}],"wp:featuredmedia":[{"embeddable":true,"href":"https:\/\/farapej-1.rezo.pro\/index.php\/wp-json\/wp\/v2\/media\/2381"}],"wp:attachment":[{"href":"https:\/\/farapej-1.rezo.pro\/index.php\/wp-json\/wp\/v2\/media?parent=1331"}],"curies":[{"name":"wp","href":"https:\/\/api.w.org\/{rel}","templated":true}]}}