{"id":1333,"date":"2025-10-07T12:25:54","date_gmt":"2025-10-07T10:25:54","guid":{"rendered":"https:\/\/farapej-1.rezo.pro\/?page_id=1333"},"modified":"2026-02-11T15:48:32","modified_gmt":"2026-02-11T14:48:32","slug":"adhesion-individuelle","status":"publish","type":"page","link":"https:\/\/farapej-1.rezo.pro\/index.php\/notre-reseau\/adhesion-individuelle\/","title":{"rendered":"Adh\u00e9sion individuelle"},"content":{"rendered":"\n<div class=\"wp-block-buttons is-content-justification-center is-layout-flex wp-container-core-buttons-is-layout-a89b3969 wp-block-buttons-is-layout-flex\">\n<div class=\"wp-block-button\"><a class=\"wp-block-button__link wp-element-button\" href=\"\/index.php\/notre-reseau\/adhesion-association\/\">Si vous souhaitez adh\u00e9rer en tant qu&rsquo;association, cliquez sur ce bouton<\/a><\/div>\n<\/div>\n\n\n\n<p>Il est possible d&rsquo;adh\u00e9rer individuellement \u00e0 la FARAPEJ. <br>L&rsquo;adh\u00e9sion peut se faire sur Helloasso, (voir le formulaire ci-dessous) ou par envoi d&rsquo;une demande \u00e9crite accompagn\u00e9e d&rsquo;un ch\u00e8que.<\/p>\n\n\n\n<p>Les demandes d&rsquo;adh\u00e9sion \u00e0 la F\u00e9d\u00e9ration comme membre individuel sont re\u00e7ues par le bureau qui les \u00e9tudie et les valide, puis notifie et justifie sa d\u00e9cision au Conseil d&rsquo;administration. Le demandeur re\u00e7oit une carte d&rsquo;adh\u00e9sion en cas de r\u00e9ponse positive ; en cas de r\u00e9ponse n\u00e9gative, il est imm\u00e9diatement inform\u00e9 et le montant de la cotisation vers\u00e9 pr\u00e9alablement lui est aussit\u00f4t restitu\u00e9.<\/p>\n\n\n\n<p>Devenir adh\u00e9rent.e, c&rsquo;est aussi acc\u00e9der aux formations \u00e0 un tarif r\u00e9duit, participer aux r\u00e9flexions de la FARAPEJ et \u00e0 l&rsquo;organisation de ses \u00e9v\u00e9nements, faire avancer les discussions sur la justice et la prison.<\/p>\n\n\n\n<p><\/p>\n\n\n\n<div class=\"wp-block-group helloasso-formations is-content-justification-center is-layout-flex wp-container-core-group-is-layout-a363e33b wp-block-group-is-layout-flex\">\n<iframe id=\"haWidgetVignette\" allowtransparency=\"true\" src=\"https:\/\/www.helloasso.com\/associations\/farapej\/adhesions\/adhesion-individuelle-2026\/widget-vignette\" style=\"width: 350px; height: 450px; border: none;\"><\/iframe>\n<\/div>\n\n\n\n<p>Apr\u00e8s votre adh\u00e9sion, vous serez rapidement contact\u00e9 par la f\u00e9d\u00e9ration<\/p>\n\n\n\n<blockquote class=\"wp-block-quote is-layout-flow wp-block-quote-is-layout-flow\">\n<p><strong>Pour toute question, vous pouvez joindre Camille au 07.45.24.08.58<\/strong><\/p>\n<\/blockquote>\n\n\n\n<h3 class=\"wp-block-heading\">Fonctionnement de notre gouvernance<\/h3>\n\n\n\n<p>La FARAPEJ est administr\u00e9e par un conseil d&rsquo;administration, instance centrale de la f\u00e9d\u00e9ration. \u00e0 cette fin, il dispose d&rsquo;une comp\u00e9tence g\u00e9n\u00e9rale : il pr\u00e9conise les grandes orientations (y compris financi\u00e8res) de la f\u00e9d\u00e9ration, est responsable en dernier ressort de ses projets, et s&rsquo;assure que ceux-ci sont en conformit\u00e9 avec le projet associatif de la FARAPEJ<\/p>\n\n\n\n<p>Lors de l&rsquo;assembl\u00e9e g\u00e9n\u00e9rale, les membres du conseil d&rsquo;administration sont \u00e9lus par le coll\u00e8ge des adh\u00e9rents individuels ou par le coll\u00e8ge des associations \u00e9manation du conseil d&rsquo;administration, le bureau assure la gestion op\u00e9rationnelle des projets de la &nbsp;f\u00e9d\u00e9ration, et r\u00e9pond aux sollicitations courantes, ainsi qu&rsquo;aux demandes de partenariat et aux rendez-vous ext\u00e9rieurs.<\/p>\n","protected":false},"excerpt":{"rendered":"<p>Il est possible d&rsquo;adh\u00e9rer individuellement \u00e0 la FARAPEJ. L&rsquo;adh\u00e9sion peut se faire sur Helloasso, (voir le formulaire ci-dessous) ou par envoi d&rsquo;une demande \u00e9crite accompagn\u00e9e d&rsquo;un ch\u00e8que. Les demandes d&rsquo;adh\u00e9sion \u00e0 la F\u00e9d\u00e9ration comme membre individuel sont re\u00e7ues par le bureau qui les \u00e9tudie et les valide, puis notifie et justifie sa d\u00e9cision au Conseil [&hellip;]<\/p>\n","protected":false},"author":1,"featured_media":2381,"parent":39,"menu_order":30,"comment_status":"closed","ping_status":"closed","template":"","meta":{"_acf_changed":false,"footnotes":""},"class_list":["post-1333","page","type-page","status-publish","has-post-thumbnail","hentry"],"acf":[],"_links":{"self":[{"href":"https:\/\/farapej-1.rezo.pro\/index.php\/wp-json\/wp\/v2\/pages\/1333","targetHints":{"allow":["GET"]}}],"collection":[{"href":"https:\/\/farapej-1.rezo.pro\/index.php\/wp-json\/wp\/v2\/pages"}],"about":[{"href":"https:\/\/farapej-1.rezo.pro\/index.php\/wp-json\/wp\/v2\/types\/page"}],"author":[{"embeddable":true,"href":"https:\/\/farapej-1.rezo.pro\/index.php\/wp-json\/wp\/v2\/users\/1"}],"replies":[{"embeddable":true,"href":"https:\/\/farapej-1.rezo.pro\/index.php\/wp-json\/wp\/v2\/comments?post=1333"}],"version-history":[{"count":11,"href":"https:\/\/farapej-1.rezo.pro\/index.php\/wp-json\/wp\/v2\/pages\/1333\/revisions"}],"predecessor-version":[{"id":2644,"href":"https:\/\/farapej-1.rezo.pro\/index.php\/wp-json\/wp\/v2\/pages\/1333\/revisions\/2644"}],"up":[{"embeddable":true,"href":"https:\/\/farapej-1.rezo.pro\/index.php\/wp-json\/wp\/v2\/pages\/39"}],"wp:featuredmedia":[{"embeddable":true,"href":"https:\/\/farapej-1.rezo.pro\/index.php\/wp-json\/wp\/v2\/media\/2381"}],"wp:attachment":[{"href":"https:\/\/farapej-1.rezo.pro\/index.php\/wp-json\/wp\/v2\/media?parent=1333"}],"curies":[{"name":"wp","href":"https:\/\/api.w.org\/{rel}","templated":true}]}}