{"id":1362,"date":"2025-10-07T15:52:13","date_gmt":"2025-10-07T13:52:13","guid":{"rendered":"https:\/\/farapej-1.rezo.pro\/?page_id=1362"},"modified":"2026-02-17T10:50:16","modified_gmt":"2026-02-17T09:50:16","slug":"les-formations-a-paris","status":"publish","type":"page","link":"https:\/\/farapej-1.rezo.pro\/index.php\/nos-actions\/les-formations\/les-formations-a-paris\/","title":{"rendered":"Les formations \u00e0 Paris"},"content":{"rendered":"\n<h2 class=\"wp-block-heading\">Programme des formations \u00e0 Paris.<\/h2>\n\n\n\n<div style=\"height:25px\" aria-hidden=\"true\" class=\"wp-block-spacer\"><\/div>\n\n\n\n<div class=\"wp-block-file\"><a id=\"wp-block-file--media-34b58dde-c48e-47d0-afac-2a0b0c17b633\" href=\"https:\/\/farapej.fr\/wp-content\/uploads\/2026\/02\/Catalogue-Formations-Paris-2026.pdf\">Catalogue Formations Paris 2026<\/a><a href=\"https:\/\/farapej.fr\/wp-content\/uploads\/2026\/02\/Catalogue-Formations-Paris-2026.pdf\" class=\"wp-block-file__button wp-element-button\" download aria-describedby=\"wp-block-file--media-34b58dde-c48e-47d0-afac-2a0b0c17b633\">T\u00e9l\u00e9charger<\/a><\/div>\n\n\n\n<h2 class=\"wp-block-heading\">Inscriptions aux formations parisiennes.<\/h2>\n\n\n\n<blockquote class=\"wp-block-quote is-layout-flow wp-block-quote-is-layout-flow\">\n<p>Pour toutes questions sur les formations ou difficult\u00e9s li\u00e9es aux inscriptions, n\u2019h\u00e9sitez pas \u00e0 nous contacter : <a href=\"mailto:formation@farapej.fr\">formation@farapej.fr<\/a>&nbsp;ou 07.45.24.08.58<\/p>\n<\/blockquote>\n\n\n\n<h4 class=\"wp-block-heading\">Pour vous inscrire \u00e0 une formation, merci d&rsquo;utiliser le bouton \u00ab\u00a0participer\u00a0\u00bb de la formation concern\u00e9e.<\/h4>\n\n\n\n<div class=\"wp-block-group helloasso-formations is-content-justification-center is-layout-flex wp-container-core-group-is-layout-a363e33b wp-block-group-is-layout-flex\">\n<iframe id=\"haWidget\" allowtransparency=\"true\" src=\"https:\/\/www.helloasso.com\/associations\/farapej\/evenements\/formation-l-accueil-et-l-ecoute-niveau-1-sensibilisation-13-03-2026\/widget-vignette\" style=\"width:350px;border:none;\" onload=\"window.addEventListener( 'message', function(e) { const dataHeight = e.data.height; const haWidgetElement = document.getElementById('haWidget'); haWidgetElement.height = dataHeight + 'px'; } )\"><\/iframe>\n\n\n\n<iframe id=\"haWidget\" allowtransparency=\"true\" src=\"https:\/\/www.helloasso.com\/associations\/farapej\/evenements\/formation-l-accueil-et-l-ecoute-niveau-2-12-03-2026\/widget-vignette\" style=\"width:350px;border:none;\" onload=\"window.addEventListener( 'message', function(e) { const dataHeight = e.data.height; const haWidgetElement = document.getElementById('haWidget'); haWidgetElement.height = dataHeight + 'px'; } )\"><\/iframe>\n\n\n\n<iframe id=\"haWidget\" allowtransparency=\"true\" src=\"https:\/\/www.helloasso.com\/associations\/farapej\/evenements\/mieux-comprendre-la-prison-10-04-26\/widget-vignette\" style=\"width:350px;border:none;\" onload=\"window.addEventListener( 'message', function(e) { const dataHeight = e.data.height; const haWidgetElement = document.getElementById('haWidget'); haWidgetElement.height = dataHeight + 'px'; } )\"><\/iframe>\n\n\n\n<iframe id=\"haWidget\" allowtransparency=\"true\" src=\"https:\/\/www.helloasso.com\/associations\/farapej\/evenements\/droits-des-personnes-etrangeres-detenues-10-04-26\/widget-vignette\" style=\"width:350px;border:none;\" onload=\"window.addEventListener( 'message', function(e) { const dataHeight = e.data.height; const haWidgetElement = document.getElementById('haWidget'); haWidgetElement.height = dataHeight + 'px'; } )\"><\/iframe>\n\n\n\n<iframe id=\"haWidget\" allowtransparency=\"true\" src=\"https:\/\/www.helloasso.com\/associations\/farapej\/evenements\/le-parcours-de-la-personne-detenue-1ere-seance-17-04-2026\/widget-vignette\" style=\"width:350px;border:none;\" onload=\"window.addEventListener( 'message', function(e) { const dataHeight = e.data.height; const haWidgetElement = document.getElementById('haWidget'); haWidgetElement.height = dataHeight + 'px'; } )\"><\/iframe>\n\n\n\n<iframe id=\"haWidget\" allowtransparency=\"true\" src=\"https:\/\/www.helloasso.com\/associations\/farapej\/evenements\/accompagnement-des-auteurs-d-infraction-a-caractere-sexuel-12-05-2026\/widget-vignette\" style=\"width:350px;border:none;\" onload=\"window.addEventListener( 'message', function(e) { const dataHeight = e.data.height; const haWidgetElement = document.getElementById('haWidget'); haWidgetElement.height = dataHeight + 'px'; } )\"><\/iframe>\n\n\n\n<iframe id=\"haWidget\" allowtransparency=\"true\" src=\"https:\/\/www.helloasso.com\/associations\/farapej\/evenements\/la-parentalite-en-prison-21-05-2025\/widget-vignette\" style=\"width:350px;border:none;\" onload=\"window.addEventListener( 'message', function(e) { const dataHeight = e.data.height; const haWidgetElement = document.getElementById('haWidget'); haWidgetElement.height = dataHeight + 'px'; } )\"><\/iframe>\n\n\n\n<iframe id=\"haWidget\" allowtransparency=\"true\" src=\"https:\/\/www.helloasso.com\/associations\/farapej\/evenements\/le-parcours-de-la-personne-detenue-2eme-seance-29-05-2026\/widget-vignette\" style=\"width:350px;border:none;\" onload=\"window.addEventListener( 'message', function(e) { const dataHeight = e.data.height; const haWidgetElement = document.getElementById('haWidget'); haWidgetElement.height = dataHeight + 'px'; } )\"><\/iframe>\n\n\n\n<iframe id=\"haWidget\" allowtransparency=\"true\" src=\"https:\/\/www.helloasso.com\/associations\/farapej\/evenements\/le-parcours-de-la-personne-detenue-3eme-seance-12-06-2026\/widget-vignette\" style=\"width:350px;border:none;\" onload=\"window.addEventListener( 'message', function(e) { const dataHeight = e.data.height; const haWidgetElement = document.getElementById('haWidget'); haWidgetElement.height = dataHeight + 'px'; } )\"><\/iframe>\n\n\n\n<iframe id=\"haWidget\" allowtransparency=\"true\" src=\"https:\/\/www.helloasso.com\/associations\/farapej\/evenements\/la-religion-en-prison-18-06-2025\/widget-vignette\" style=\"width:350px;border:none;\" onload=\"window.addEventListener( 'message', function(e) { const dataHeight = e.data.height; const haWidgetElement = document.getElementById('haWidget'); haWidgetElement.height = dataHeight + 'px'; } )\"><\/iframe>\n<\/div>\n\n\n\n<p><\/p>\n","protected":false},"excerpt":{"rendered":"<p>Programme des formations \u00e0 Paris. Inscriptions aux formations parisiennes. Pour toutes questions sur les formations ou difficult\u00e9s li\u00e9es aux inscriptions, n\u2019h\u00e9sitez pas \u00e0 nous contacter : formation@farapej.fr&nbsp;ou 07.45.24.08.58 Pour vous inscrire \u00e0 une formation, merci d&rsquo;utiliser le bouton \u00ab\u00a0participer\u00a0\u00bb de la formation concern\u00e9e.<\/p>\n","protected":false},"author":1,"featured_media":1776,"parent":62,"menu_order":10,"comment_status":"closed","ping_status":"closed","template":"","meta":{"_acf_changed":false,"footnotes":""},"class_list":["post-1362","page","type-page","status-publish","has-post-thumbnail","hentry"],"acf":[],"_links":{"self":[{"href":"https:\/\/farapej-1.rezo.pro\/index.php\/wp-json\/wp\/v2\/pages\/1362","targetHints":{"allow":["GET"]}}],"collection":[{"href":"https:\/\/farapej-1.rezo.pro\/index.php\/wp-json\/wp\/v2\/pages"}],"about":[{"href":"https:\/\/farapej-1.rezo.pro\/index.php\/wp-json\/wp\/v2\/types\/page"}],"author":[{"embeddable":true,"href":"https:\/\/farapej-1.rezo.pro\/index.php\/wp-json\/wp\/v2\/users\/1"}],"replies":[{"embeddable":true,"href":"https:\/\/farapej-1.rezo.pro\/index.php\/wp-json\/wp\/v2\/comments?post=1362"}],"version-history":[{"count":46,"href":"https:\/\/farapej-1.rezo.pro\/index.php\/wp-json\/wp\/v2\/pages\/1362\/revisions"}],"predecessor-version":[{"id":2649,"href":"https:\/\/farapej-1.rezo.pro\/index.php\/wp-json\/wp\/v2\/pages\/1362\/revisions\/2649"}],"up":[{"embeddable":true,"href":"https:\/\/farapej-1.rezo.pro\/index.php\/wp-json\/wp\/v2\/pages\/62"}],"wp:featuredmedia":[{"embeddable":true,"href":"https:\/\/farapej-1.rezo.pro\/index.php\/wp-json\/wp\/v2\/media\/1776"}],"wp:attachment":[{"href":"https:\/\/farapej-1.rezo.pro\/index.php\/wp-json\/wp\/v2\/media?parent=1362"}],"curies":[{"name":"wp","href":"https:\/\/api.w.org\/{rel}","templated":true}]}}