{"id":1364,"date":"2025-10-07T15:53:30","date_gmt":"2025-10-07T13:53:30","guid":{"rendered":"https:\/\/farapej-1.rezo.pro\/?page_id=1364"},"modified":"2026-02-05T14:30:22","modified_gmt":"2026-02-05T13:30:22","slug":"les-formations-a-lyon","status":"publish","type":"page","link":"https:\/\/farapej-1.rezo.pro\/index.php\/nos-actions\/les-formations\/les-formations-a-lyon\/","title":{"rendered":"Les formations \u00e0 Lyon"},"content":{"rendered":"\n<h3 class=\"wp-block-heading\">Programme des formations \u00e0 Lyon Villeurbanne.<\/h3>\n\n\n\n<p>T\u00e9l\u00e9charger le programme du premier semestre 2026<\/p>\n\n\n\n<div class=\"wp-block-file\"><a id=\"wp-block-file--media-bc4c30cf-b38d-492f-b926-62d049f0dfc5\" href=\"https:\/\/farapej.fr\/wp-content\/uploads\/2026\/01\/Catalogue-Formations-Lyon-2026-1.pdf\">Catalogue Formations Lyon 2026<\/a><a href=\"https:\/\/farapej.fr\/wp-content\/uploads\/2026\/01\/Catalogue-Formations-Lyon-2026-1.pdf\" class=\"wp-block-file__button wp-element-button\" download aria-describedby=\"wp-block-file--media-bc4c30cf-b38d-492f-b926-62d049f0dfc5\">T\u00e9l\u00e9charger<\/a><\/div>\n\n\n\n<p><\/p>\n\n\n\n<p>Pour toutes questions sur les formations ou probl\u00e9matiques li\u00e9es aux inscriptions, n\u2019h\u00e9sitez pas \u00e0 nous contacter \u00e0&nbsp;<a href=\"mailto:formation@farapej.fr\">formation@farapej.fr<\/a>&nbsp;ou au 07.45.24.08.58<\/p>\n\n\n\n<div class=\"wp-block-group helloasso-formations is-content-justification-center is-layout-flex wp-container-core-group-is-layout-b02886af wp-block-group-is-layout-flex\">\n<h3 class=\"wp-block-heading\">Les formations \u00e0 Lyon Villeurbanne ne sont pas disponibles actuellement sur HelloAsso.<\/h3>\n\n\n\n<h5 class=\"wp-block-heading\">Contactez directement le D\u00e9l\u00e9gu\u00e9 r\u00e9gional Auvergne-Rh\u00f4ne-Alpes de la FARAPEJ : bernard.lecogne@gmail.com<br>Paiement par ch\u00e8que ou esp\u00e8ce le jour de la formation.<\/h5>\n<\/div>\n\n\n\n<p><\/p>\n","protected":false},"excerpt":{"rendered":"<p>Programme des formations \u00e0 Lyon Villeurbanne. T\u00e9l\u00e9charger le programme du premier semestre 2026 Pour toutes questions sur les formations ou probl\u00e9matiques li\u00e9es aux inscriptions, n\u2019h\u00e9sitez pas \u00e0 nous contacter \u00e0&nbsp;formation@farapej.fr&nbsp;ou au 07.45.24.08.58 Les formations \u00e0 Lyon Villeurbanne ne sont pas disponibles actuellement sur HelloAsso. Contactez directement le D\u00e9l\u00e9gu\u00e9 r\u00e9gional Auvergne-Rh\u00f4ne-Alpes de la FARAPEJ : bernard.lecogne@gmail.comPaiement [&hellip;]<\/p>\n","protected":false},"author":1,"featured_media":1776,"parent":62,"menu_order":20,"comment_status":"closed","ping_status":"closed","template":"","meta":{"_acf_changed":false,"footnotes":""},"class_list":["post-1364","page","type-page","status-publish","has-post-thumbnail","hentry"],"acf":[],"_links":{"self":[{"href":"https:\/\/farapej-1.rezo.pro\/index.php\/wp-json\/wp\/v2\/pages\/1364","targetHints":{"allow":["GET"]}}],"collection":[{"href":"https:\/\/farapej-1.rezo.pro\/index.php\/wp-json\/wp\/v2\/pages"}],"about":[{"href":"https:\/\/farapej-1.rezo.pro\/index.php\/wp-json\/wp\/v2\/types\/page"}],"author":[{"embeddable":true,"href":"https:\/\/farapej-1.rezo.pro\/index.php\/wp-json\/wp\/v2\/users\/1"}],"replies":[{"embeddable":true,"href":"https:\/\/farapej-1.rezo.pro\/index.php\/wp-json\/wp\/v2\/comments?post=1364"}],"version-history":[{"count":21,"href":"https:\/\/farapej-1.rezo.pro\/index.php\/wp-json\/wp\/v2\/pages\/1364\/revisions"}],"predecessor-version":[{"id":2619,"href":"https:\/\/farapej-1.rezo.pro\/index.php\/wp-json\/wp\/v2\/pages\/1364\/revisions\/2619"}],"up":[{"embeddable":true,"href":"https:\/\/farapej-1.rezo.pro\/index.php\/wp-json\/wp\/v2\/pages\/62"}],"wp:featuredmedia":[{"embeddable":true,"href":"https:\/\/farapej-1.rezo.pro\/index.php\/wp-json\/wp\/v2\/media\/1776"}],"wp:attachment":[{"href":"https:\/\/farapej-1.rezo.pro\/index.php\/wp-json\/wp\/v2\/media?parent=1364"}],"curies":[{"name":"wp","href":"https:\/\/api.w.org\/{rel}","templated":true}]}}