{"id":1515,"date":"2025-10-08T18:20:41","date_gmt":"2025-10-08T16:20:41","guid":{"rendered":"https:\/\/farapej-1.rezo.pro\/?page_id=1515"},"modified":"2025-11-12T20:59:57","modified_gmt":"2025-11-12T19:59:57","slug":"partenaires","status":"publish","type":"page","link":"https:\/\/farapej-1.rezo.pro\/index.php\/notre-reseau\/partenaires\/","title":{"rendered":"Partenaires"},"content":{"rendered":"\n<p><\/p>\n\n\n\n<div class=\"wp-block-group sous-pages has-global-padding is-layout-constrained wp-block-group-is-layout-constrained\" data-aos=\"fade-up\" data-aos-delay=\"950\" data-aos-duration=\"1000\">\n<h3 class=\"wp-block-heading alignfull has-text-align-center has-accent-2-color has-text-color has-link-color wp-elements-46e88da0c928c87d1d68944965bd37b4\">Les partenaires et  soutiens<\/h3>\n\n\n\n<div class=\"wp-block-query alignwide is-layout-flow wp-block-query-is-layout-flow\">\n<div class=\"wp-block-group is-layout-flow wp-block-group-is-layout-flow\" style=\"margin-top:0;margin-bottom:0;padding-top:var(--wp--preset--spacing--10);padding-right:var(--wp--preset--spacing--10);padding-bottom:var(--wp--preset--spacing--10);padding-left:var(--wp--preset--spacing--10)\"><ul class=\"columns-3 alignfull wp-block-post-template is-layout-grid wp-container-core-post-template-is-layout-2d080239 wp-block-post-template-is-layout-grid\"><li class=\"wp-block-post post-1701 page type-page status-publish has-post-thumbnail hentry\">\n\n<div class=\"wp-block-group is-vertical is-content-justification-center is-nowrap is-layout-flex wp-container-core-group-is-layout-7be2fa9c wp-block-group-is-layout-flex\" style=\"margin-top:var(--wp--preset--spacing--20);padding-top:0\"><figure style=\"aspect-ratio:16\/9;height:100px; padding-bottom:0;margin-bottom:0;\" class=\"wp-block-post-featured-image\"><a href=\"https:\/\/farapej-1.rezo.pro\/index.php\/notre-reseau\/partenaires\/nos-partenaires-majeurs\/\" target=\"_self\"  style=\"height:100px\"><img loading=\"lazy\" decoding=\"async\" width=\"400\" height=\"400\" src=\"https:\/\/farapej-1.rezo.pro\/wp-content\/uploads\/2025\/11\/SUPPLEMENT-ARBRE-PARTENAIRES-Origina-vignette-400x400l.jpeg\" class=\"attachment-full size-full wp-post-image\" alt=\"Nos partenaires  majeurs\" style=\"width:100%;height:100%;object-fit:contain;\" srcset=\"https:\/\/farapej-1.rezo.pro\/wp-content\/uploads\/2025\/11\/SUPPLEMENT-ARBRE-PARTENAIRES-Origina-vignette-400x400l.jpeg 400w, https:\/\/farapej-1.rezo.pro\/wp-content\/uploads\/2025\/11\/SUPPLEMENT-ARBRE-PARTENAIRES-Origina-vignette-400x400l-300x300.jpeg 300w, https:\/\/farapej-1.rezo.pro\/wp-content\/uploads\/2025\/11\/SUPPLEMENT-ARBRE-PARTENAIRES-Origina-vignette-400x400l-150x150.jpeg 150w\" sizes=\"auto, (max-width: 400px) 100vw, 400px\" \/><\/a><\/figure>\n\n<h2 class=\"has-text-align-center has-link-color wp-elements-e9dbd46998321df0402018f70002c1a8 wp-block-post-title has-text-color has-accent-3-color has-medium-font-size wp-container-content-32e3a40d\"><a href=\"https:\/\/farapej-1.rezo.pro\/index.php\/notre-reseau\/partenaires\/nos-partenaires-majeurs\/\" target=\"_self\" >Nos partenaires  majeurs<\/a><\/h2>\n\n<div class=\"has-text-align-center wp-block-post-excerpt has-text-color has-contrast-2-color has-small-font-size wp-container-content-32e3a40d\"><p class=\"wp-block-post-excerpt__excerpt\">La FARAPEJ est en relations avec de nombreuses associations ou organismes dont vous d\u00e9couvrirez ci-apr\u00e8s\u2026 <\/p><\/div>\n\n\n<div style=\"height:23px\" aria-hidden=\"true\" class=\"wp-block-spacer wp-container-content-78b3b043\"><\/div>\n<\/div>\n\n<\/li><li class=\"wp-block-post post-1720 page type-page status-publish has-post-thumbnail hentry\">\n\n<div class=\"wp-block-group is-vertical is-content-justification-center is-nowrap is-layout-flex wp-container-core-group-is-layout-7be2fa9c wp-block-group-is-layout-flex\" style=\"margin-top:var(--wp--preset--spacing--20);padding-top:0\"><figure style=\"aspect-ratio:16\/9;height:100px; padding-bottom:0;margin-bottom:0;\" class=\"wp-block-post-featured-image\"><a href=\"https:\/\/farapej-1.rezo.pro\/index.php\/notre-reseau\/partenaires\/nos-collaborations\/\" target=\"_self\"  style=\"height:100px\"><img loading=\"lazy\" decoding=\"async\" width=\"400\" height=\"400\" src=\"https:\/\/farapej-1.rezo.pro\/wp-content\/uploads\/2025\/11\/SUPPLEMENT-ARBRE-PARTENAIRES-Origina-vignette-400x400l.jpeg\" class=\"attachment-full size-full wp-post-image\" alt=\"Nos financeurs\" style=\"width:100%;height:100%;object-fit:contain;\" srcset=\"https:\/\/farapej-1.rezo.pro\/wp-content\/uploads\/2025\/11\/SUPPLEMENT-ARBRE-PARTENAIRES-Origina-vignette-400x400l.jpeg 400w, https:\/\/farapej-1.rezo.pro\/wp-content\/uploads\/2025\/11\/SUPPLEMENT-ARBRE-PARTENAIRES-Origina-vignette-400x400l-300x300.jpeg 300w, https:\/\/farapej-1.rezo.pro\/wp-content\/uploads\/2025\/11\/SUPPLEMENT-ARBRE-PARTENAIRES-Origina-vignette-400x400l-150x150.jpeg 150w\" sizes=\"auto, (max-width: 400px) 100vw, 400px\" \/><\/a><\/figure>\n\n<h2 class=\"has-text-align-center has-link-color wp-elements-e9dbd46998321df0402018f70002c1a8 wp-block-post-title has-text-color has-accent-3-color has-medium-font-size wp-container-content-32e3a40d\"><a href=\"https:\/\/farapej-1.rezo.pro\/index.php\/notre-reseau\/partenaires\/nos-collaborations\/\" target=\"_self\" >Nos financeurs<\/a><\/h2>\n\n<div class=\"has-text-align-center wp-block-post-excerpt has-text-color has-contrast-2-color has-small-font-size wp-container-content-32e3a40d\"><p class=\"wp-block-post-excerpt__excerpt\">Pour mener \u00e0 bien ses missions, la FARAPEJ re\u00e7oit le soutien de ses adh\u00e9rent\u00b7es et\u2026 <\/p><\/div>\n\n\n<div style=\"height:23px\" aria-hidden=\"true\" class=\"wp-block-spacer wp-container-content-78b3b043\"><\/div>\n<\/div>\n\n<\/li><\/ul>\n\n\n<div style=\"margin-top:0;margin-bottom:0;height:30px\" aria-hidden=\"true\" class=\"wp-block-spacer\"><\/div>\n\n\n<\/div>\n<\/div>\n<\/div>\n\n\n\n<p><\/p>\n","protected":false},"excerpt":{"rendered":"<p>Les partenaires et soutiens<\/p>\n","protected":false},"author":1,"featured_media":2381,"parent":39,"menu_order":40,"comment_status":"closed","ping_status":"closed","template":"","meta":{"_acf_changed":false,"footnotes":""},"class_list":["post-1515","page","type-page","status-publish","has-post-thumbnail","hentry"],"acf":[],"_links":{"self":[{"href":"https:\/\/farapej-1.rezo.pro\/index.php\/wp-json\/wp\/v2\/pages\/1515","targetHints":{"allow":["GET"]}}],"collection":[{"href":"https:\/\/farapej-1.rezo.pro\/index.php\/wp-json\/wp\/v2\/pages"}],"about":[{"href":"https:\/\/farapej-1.rezo.pro\/index.php\/wp-json\/wp\/v2\/types\/page"}],"author":[{"embeddable":true,"href":"https:\/\/farapej-1.rezo.pro\/index.php\/wp-json\/wp\/v2\/users\/1"}],"replies":[{"embeddable":true,"href":"https:\/\/farapej-1.rezo.pro\/index.php\/wp-json\/wp\/v2\/comments?post=1515"}],"version-history":[{"count":42,"href":"https:\/\/farapej-1.rezo.pro\/index.php\/wp-json\/wp\/v2\/pages\/1515\/revisions"}],"predecessor-version":[{"id":2466,"href":"https:\/\/farapej-1.rezo.pro\/index.php\/wp-json\/wp\/v2\/pages\/1515\/revisions\/2466"}],"up":[{"embeddable":true,"href":"https:\/\/farapej-1.rezo.pro\/index.php\/wp-json\/wp\/v2\/pages\/39"}],"wp:featuredmedia":[{"embeddable":true,"href":"https:\/\/farapej-1.rezo.pro\/index.php\/wp-json\/wp\/v2\/media\/2381"}],"wp:attachment":[{"href":"https:\/\/farapej-1.rezo.pro\/index.php\/wp-json\/wp\/v2\/media?parent=1515"}],"curies":[{"name":"wp","href":"https:\/\/api.w.org\/{rel}","templated":true}]}}