{"id":1720,"date":"2025-10-13T11:46:43","date_gmt":"2025-10-13T09:46:43","guid":{"rendered":"https:\/\/farapej-1.rezo.pro\/?page_id=1720"},"modified":"2025-11-04T17:55:42","modified_gmt":"2025-11-04T16:55:42","slug":"nos-collaborations","status":"publish","type":"page","link":"https:\/\/farapej-1.rezo.pro\/index.php\/notre-reseau\/partenaires\/nos-collaborations\/","title":{"rendered":"Nos financeurs"},"content":{"rendered":"\n<p>Pour mener \u00e0 bien ses missions, la FARAPEJ re\u00e7oit le soutien de ses adh\u00e9rent\u00b7es et d&rsquo;organismes publics et priv\u00e9s que nous remercions.<\/p>\n\n\n\n<div class=\"wp-block-group sous-pages has-global-padding is-layout-constrained wp-block-group-is-layout-constrained\" data-aos=\"fade-up\" data-aos-delay=\"950\" data-aos-duration=\"1000\">\n<h3 class=\"wp-block-heading alignfull has-text-align-center has-accent-2-color has-text-color has-link-color wp-elements-d7ff0b3e37f318a1a1b0759196c758d3\">Financeurs  : pages associ\u00e9es<\/h3>\n\n\n\n<div class=\"wp-block-query alignwide is-layout-flow wp-block-query-is-layout-flow\">\n<div class=\"wp-block-group is-layout-flow wp-block-group-is-layout-flow\" style=\"margin-top:0;margin-bottom:0;padding-top:var(--wp--preset--spacing--10);padding-right:var(--wp--preset--spacing--10);padding-bottom:var(--wp--preset--spacing--10);padding-left:var(--wp--preset--spacing--10)\"><ul class=\"columns-3 alignfull wp-block-post-template is-layout-grid wp-container-core-post-template-is-layout-2d080239 wp-block-post-template-is-layout-grid\"><li class=\"wp-block-post post-1923 page type-page status-publish has-post-thumbnail hentry\">\n\n<div class=\"wp-block-group is-vertical is-content-justification-center is-nowrap is-layout-flex wp-container-core-group-is-layout-7be2fa9c wp-block-group-is-layout-flex\" style=\"margin-top:var(--wp--preset--spacing--20);padding-top:0\"><figure style=\"aspect-ratio:16\/9;height:100px; padding-bottom:0;margin-bottom:0;\" class=\"wp-block-post-featured-image\"><a href=\"https:\/\/farapej-1.rezo.pro\/index.php\/notre-reseau\/partenaires\/nos-collaborations\/direction-de-ladministration-penitentiaire\/\" target=\"_self\"  style=\"height:100px\"><img loading=\"lazy\" decoding=\"async\" width=\"1200\" height=\"432\" src=\"https:\/\/farapej-1.rezo.pro\/wp-content\/uploads\/2025\/10\/Direction_de_ladministration_penitentiaire_DAP.svg_.png\" class=\"attachment-full size-full wp-post-image\" alt=\"Direction de l&rsquo;administration p\u00e9nitentiaire\" style=\"width:100%;height:100%;object-fit:contain;\" srcset=\"https:\/\/farapej-1.rezo.pro\/wp-content\/uploads\/2025\/10\/Direction_de_ladministration_penitentiaire_DAP.svg_.png 1200w, https:\/\/farapej-1.rezo.pro\/wp-content\/uploads\/2025\/10\/Direction_de_ladministration_penitentiaire_DAP.svg_-300x108.png 300w, https:\/\/farapej-1.rezo.pro\/wp-content\/uploads\/2025\/10\/Direction_de_ladministration_penitentiaire_DAP.svg_-1024x369.png 1024w, https:\/\/farapej-1.rezo.pro\/wp-content\/uploads\/2025\/10\/Direction_de_ladministration_penitentiaire_DAP.svg_-768x276.png 768w\" sizes=\"auto, (max-width: 1200px) 100vw, 1200px\" \/><\/a><\/figure>\n\n<h2 class=\"has-text-align-center has-link-color wp-elements-e9dbd46998321df0402018f70002c1a8 wp-block-post-title has-text-color has-accent-3-color has-medium-font-size wp-container-content-32e3a40d\"><a href=\"https:\/\/farapej-1.rezo.pro\/index.php\/notre-reseau\/partenaires\/nos-collaborations\/direction-de-ladministration-penitentiaire\/\" target=\"_self\" >Direction de l&rsquo;administration p\u00e9nitentiaire<\/a><\/h2>\n\n<div class=\"has-text-align-center wp-block-post-excerpt has-text-color has-contrast-2-color has-small-font-size wp-container-content-32e3a40d\"><p class=\"wp-block-post-excerpt__excerpt\">La Direction de l&rsquo;Administration P\u00e9nitentiaire (DAP) est un partenaire strat\u00e9gique de la FARAPEJ. Elle soutient\u2026 <\/p><\/div>\n\n\n<div style=\"height:23px\" aria-hidden=\"true\" class=\"wp-block-spacer wp-container-content-78b3b043\"><\/div>\n<\/div>\n\n<\/li><li class=\"wp-block-post post-1925 page type-page status-publish has-post-thumbnail hentry\">\n\n<div class=\"wp-block-group is-vertical is-content-justification-center is-nowrap is-layout-flex wp-container-core-group-is-layout-7be2fa9c wp-block-group-is-layout-flex\" style=\"margin-top:var(--wp--preset--spacing--20);padding-top:0\"><figure style=\"aspect-ratio:16\/9;height:100px; padding-bottom:0;margin-bottom:0;\" class=\"wp-block-post-featured-image\"><a href=\"https:\/\/farapej-1.rezo.pro\/index.php\/notre-reseau\/partenaires\/nos-collaborations\/delegation-interministerielle-a-lhebergement-et-a-lacces-au-logement\/\" target=\"_self\"  style=\"height:100px\"><img loading=\"lazy\" decoding=\"async\" width=\"405\" height=\"124\" src=\"https:\/\/farapej-1.rezo.pro\/wp-content\/uploads\/2025\/09\/dihal.png\" class=\"attachment-full size-full wp-post-image\" alt=\"D\u00e9l\u00e9gation interminist\u00e9rielle \u00e0 l&rsquo;h\u00e9bergement et \u00e0 l&rsquo;acc\u00e8s au logement\" style=\"width:100%;height:100%;object-fit:contain;\" srcset=\"https:\/\/farapej-1.rezo.pro\/wp-content\/uploads\/2025\/09\/dihal.png 405w, https:\/\/farapej-1.rezo.pro\/wp-content\/uploads\/2025\/09\/dihal-300x92.png 300w\" sizes=\"auto, (max-width: 405px) 100vw, 405px\" \/><\/a><\/figure>\n\n<h2 class=\"has-text-align-center has-link-color wp-elements-e9dbd46998321df0402018f70002c1a8 wp-block-post-title has-text-color has-accent-3-color has-medium-font-size wp-container-content-32e3a40d\"><a href=\"https:\/\/farapej-1.rezo.pro\/index.php\/notre-reseau\/partenaires\/nos-collaborations\/delegation-interministerielle-a-lhebergement-et-a-lacces-au-logement\/\" target=\"_self\" >D\u00e9l\u00e9gation interminist\u00e9rielle \u00e0 l&rsquo;h\u00e9bergement et \u00e0 l&rsquo;acc\u00e8s au logement<\/a><\/h2>\n\n<div class=\"has-text-align-center wp-block-post-excerpt has-text-color has-contrast-2-color has-small-font-size wp-container-content-32e3a40d\"><p class=\"wp-block-post-excerpt__excerpt\">La r\u00e9insertion ne se limite pas \u00e0 l\u2019accompagnement social ou professionnel, mais inclut \u00e9galement un\u2026 <\/p><\/div>\n\n\n<div style=\"height:23px\" aria-hidden=\"true\" class=\"wp-block-spacer wp-container-content-78b3b043\"><\/div>\n<\/div>\n\n<\/li><li class=\"wp-block-post post-1928 page type-page status-publish has-post-thumbnail hentry\">\n\n<div class=\"wp-block-group is-vertical is-content-justification-center is-nowrap is-layout-flex wp-container-core-group-is-layout-7be2fa9c wp-block-group-is-layout-flex\" style=\"margin-top:var(--wp--preset--spacing--20);padding-top:0\"><figure style=\"aspect-ratio:16\/9;height:100px; padding-bottom:0;margin-bottom:0;\" class=\"wp-block-post-featured-image\"><a href=\"https:\/\/farapej-1.rezo.pro\/index.php\/notre-reseau\/partenaires\/nos-collaborations\/fond-de-developpement-de-la-vie-associative\/\" target=\"_self\"  style=\"height:100px\"><img loading=\"lazy\" decoding=\"async\" width=\"268\" height=\"188\" src=\"https:\/\/farapej-1.rezo.pro\/wp-content\/uploads\/2025\/09\/fdva.png\" class=\"attachment-full size-full wp-post-image\" alt=\"Fonds pour le d\u00e9veloppement de la vie associative\" style=\"width:100%;height:100%;object-fit:contain;\" \/><\/a><\/figure>\n\n<h2 class=\"has-text-align-center has-link-color wp-elements-e9dbd46998321df0402018f70002c1a8 wp-block-post-title has-text-color has-accent-3-color has-medium-font-size wp-container-content-32e3a40d\"><a href=\"https:\/\/farapej-1.rezo.pro\/index.php\/notre-reseau\/partenaires\/nos-collaborations\/fond-de-developpement-de-la-vie-associative\/\" target=\"_self\" >Fonds pour le d\u00e9veloppement de la vie associative<\/a><\/h2>\n\n<div class=\"has-text-align-center wp-block-post-excerpt has-text-color has-contrast-2-color has-small-font-size wp-container-content-32e3a40d\"><p class=\"wp-block-post-excerpt__excerpt\">Le Fonds pour le D\u00e9veloppement de la Vie Associative (FDVA) soutient la FARAPEJ dans ses\u2026 <\/p><\/div>\n\n\n<div style=\"height:23px\" aria-hidden=\"true\" class=\"wp-block-spacer wp-container-content-78b3b043\"><\/div>\n<\/div>\n\n<\/li><li class=\"wp-block-post post-2001 page type-page status-publish has-post-thumbnail hentry\">\n\n<div class=\"wp-block-group is-vertical is-content-justification-center is-nowrap is-layout-flex wp-container-core-group-is-layout-7be2fa9c wp-block-group-is-layout-flex\" style=\"margin-top:var(--wp--preset--spacing--20);padding-top:0\"><figure style=\"aspect-ratio:16\/9;height:100px; padding-bottom:0;margin-bottom:0;\" class=\"wp-block-post-featured-image\"><a href=\"https:\/\/farapej-1.rezo.pro\/index.php\/notre-reseau\/partenaires\/nos-collaborations\/fondation-de-france\/\" target=\"_self\"  style=\"height:100px\"><img loading=\"lazy\" decoding=\"async\" width=\"90\" height=\"90\" src=\"https:\/\/farapej-1.rezo.pro\/wp-content\/uploads\/2025\/10\/logo_fondation_de_france-a459ef54.webp\" class=\"attachment-full size-full wp-post-image\" alt=\"Fondation de France\" style=\"width:100%;height:100%;object-fit:contain;\" \/><\/a><\/figure>\n\n<h2 class=\"has-text-align-center has-link-color wp-elements-e9dbd46998321df0402018f70002c1a8 wp-block-post-title has-text-color has-accent-3-color has-medium-font-size wp-container-content-32e3a40d\"><a href=\"https:\/\/farapej-1.rezo.pro\/index.php\/notre-reseau\/partenaires\/nos-collaborations\/fondation-de-france\/\" target=\"_self\" >Fondation de France<\/a><\/h2>\n\n<div class=\"has-text-align-center wp-block-post-excerpt has-text-color has-contrast-2-color has-small-font-size wp-container-content-32e3a40d\"><p class=\"wp-block-post-excerpt__excerpt\">La Fondation de France soutient la FARAPEJ pour des projets qui visent \u00e0 am\u00e9liorer la\u2026 <\/p><\/div>\n\n\n<div style=\"height:23px\" aria-hidden=\"true\" class=\"wp-block-spacer wp-container-content-78b3b043\"><\/div>\n<\/div>\n\n<\/li><li class=\"wp-block-post post-1930 page type-page status-publish has-post-thumbnail hentry\">\n\n<div class=\"wp-block-group is-vertical is-content-justification-center is-nowrap is-layout-flex wp-container-core-group-is-layout-7be2fa9c wp-block-group-is-layout-flex\" style=\"margin-top:var(--wp--preset--spacing--20);padding-top:0\"><figure style=\"aspect-ratio:16\/9;height:100px; padding-bottom:0;margin-bottom:0;\" class=\"wp-block-post-featured-image\"><a href=\"https:\/\/farapej-1.rezo.pro\/index.php\/notre-reseau\/partenaires\/nos-collaborations\/mairie-de-paris\/\" target=\"_self\"  style=\"height:100px\"><img loading=\"lazy\" decoding=\"async\" width=\"240\" height=\"240\" src=\"https:\/\/farapej-1.rezo.pro\/wp-content\/uploads\/2025\/09\/paris-240x240-1.png\" class=\"attachment-full size-full wp-post-image\" alt=\"Mairie de Paris\" style=\"width:100%;height:100%;object-fit:contain;\" srcset=\"https:\/\/farapej-1.rezo.pro\/wp-content\/uploads\/2025\/09\/paris-240x240-1.png 240w, https:\/\/farapej-1.rezo.pro\/wp-content\/uploads\/2025\/09\/paris-240x240-1-150x150.png 150w\" sizes=\"auto, (max-width: 240px) 100vw, 240px\" \/><\/a><\/figure>\n\n<h2 class=\"has-text-align-center has-link-color wp-elements-e9dbd46998321df0402018f70002c1a8 wp-block-post-title has-text-color has-accent-3-color has-medium-font-size wp-container-content-32e3a40d\"><a href=\"https:\/\/farapej-1.rezo.pro\/index.php\/notre-reseau\/partenaires\/nos-collaborations\/mairie-de-paris\/\" target=\"_self\" >Mairie de Paris<\/a><\/h2>\n\n<div class=\"has-text-align-center wp-block-post-excerpt has-text-color has-contrast-2-color has-small-font-size wp-container-content-32e3a40d\"><p class=\"wp-block-post-excerpt__excerpt\">La Mairie de Paris soutient la FARAPEJ dans le cadre de ses actions en faveur\u2026 <\/p><\/div>\n\n\n<div style=\"height:23px\" aria-hidden=\"true\" class=\"wp-block-spacer wp-container-content-78b3b043\"><\/div>\n<\/div>\n\n<\/li><\/ul>\n\n\n<div style=\"margin-top:0;margin-bottom:0;height:30px\" aria-hidden=\"true\" class=\"wp-block-spacer\"><\/div>\n\n\n<\/div>\n<\/div>\n<\/div>\n","protected":false},"excerpt":{"rendered":"<p>Pour mener \u00e0 bien ses missions, la FARAPEJ re\u00e7oit le soutien de ses adh\u00e9rent\u00b7es et d&rsquo;organismes publics et priv\u00e9s que nous remercions. Financeurs : pages associ\u00e9es<\/p>\n","protected":false},"author":4,"featured_media":2381,"parent":1515,"menu_order":20,"comment_status":"closed","ping_status":"closed","template":"","meta":{"_acf_changed":false,"footnotes":""},"class_list":["post-1720","page","type-page","status-publish","has-post-thumbnail","hentry"],"acf":[],"_links":{"self":[{"href":"https:\/\/farapej-1.rezo.pro\/index.php\/wp-json\/wp\/v2\/pages\/1720","targetHints":{"allow":["GET"]}}],"collection":[{"href":"https:\/\/farapej-1.rezo.pro\/index.php\/wp-json\/wp\/v2\/pages"}],"about":[{"href":"https:\/\/farapej-1.rezo.pro\/index.php\/wp-json\/wp\/v2\/types\/page"}],"author":[{"embeddable":true,"href":"https:\/\/farapej-1.rezo.pro\/index.php\/wp-json\/wp\/v2\/users\/4"}],"replies":[{"embeddable":true,"href":"https:\/\/farapej-1.rezo.pro\/index.php\/wp-json\/wp\/v2\/comments?post=1720"}],"version-history":[{"count":18,"href":"https:\/\/farapej-1.rezo.pro\/index.php\/wp-json\/wp\/v2\/pages\/1720\/revisions"}],"predecessor-version":[{"id":2342,"href":"https:\/\/farapej-1.rezo.pro\/index.php\/wp-json\/wp\/v2\/pages\/1720\/revisions\/2342"}],"up":[{"embeddable":true,"href":"https:\/\/farapej-1.rezo.pro\/index.php\/wp-json\/wp\/v2\/pages\/1515"}],"wp:featuredmedia":[{"embeddable":true,"href":"https:\/\/farapej-1.rezo.pro\/index.php\/wp-json\/wp\/v2\/media\/2381"}],"wp:attachment":[{"href":"https:\/\/farapej-1.rezo.pro\/index.php\/wp-json\/wp\/v2\/media?parent=1720"}],"curies":[{"name":"wp","href":"https:\/\/api.w.org\/{rel}","templated":true}]}}