{"id":1722,"date":"2025-10-13T11:51:23","date_gmt":"2025-10-13T09:51:23","guid":{"rendered":"https:\/\/farapej-1.rezo.pro\/?page_id=1722"},"modified":"2025-10-18T18:27:23","modified_gmt":"2025-10-18T16:27:23","slug":"lobservatoire-international-des-prisons","status":"publish","type":"page","link":"https:\/\/farapej-1.rezo.pro\/index.php\/notre-reseau\/partenaires\/nos-partenaires-majeurs\/lobservatoire-international-des-prisons\/","title":{"rendered":"L&rsquo;observatoire international des prisons"},"content":{"rendered":"\n<p>L&rsquo;Observatoire International des Prisons (OIP) est une organisation non gouvernementale cr\u00e9\u00e9e en 1990, qui \u0153uvre pour la d\u00e9fense des droits des personnes d\u00e9tenues et pour l\u2019am\u00e9lioration des conditions de d\u00e9tention dans le monde.<\/p>\n\n\n\n<p>En France, comme \u00e0 l\u2019international, l&rsquo;OIP agit en tant qu&rsquo;alerte ind\u00e9pendante sur la situation des prisons, menant des actions de plaidoyer, des rapports d\u2019enqu\u00eate et des actions juridiques pour garantir que les droits des d\u00e9tenus soient respect\u00e9s. L&rsquo;organisation se concentre particuli\u00e8rement sur les violations des droits humains au sein des prisons et plaide pour une r\u00e9forme du syst\u00e8me p\u00e9nitentiaire, en favorisant une approche de r\u00e9habilitation plut\u00f4t que de punition.<\/p>\n\n\n\n<p>En plus de ses actions en France, l&rsquo;OIP agit \u00e0 l\u2019international, en collaboration avec des organisations partenaires \u00e0 travers le monde, pour d\u00e9noncer les abus dans les prisons et soutenir les initiatives visant \u00e0 am\u00e9liorer les conditions de d\u00e9tention. L\u2019OIP fait partie de r\u00e9seaux internationaux de d\u00e9fense des droits humains, tels que la F\u00e9d\u00e9ration internationale des ligues des droits de l&rsquo;homme (FIDH) et le Comit\u00e9 pour la pr\u00e9vention de la torture (CPT), pour faire pression sur les \u00c9tats afin qu\u2019ils respectent les normes internationales relatives aux droits des d\u00e9tenus.<\/p>\n\n\n\n<div style=\"height:21px\" aria-hidden=\"true\" class=\"wp-block-spacer\"><\/div>\n\n\n\n<p>Vous retrouverez toutes leurs informations sur leur <a href=\"https:\/\/oip.org\/\" data-type=\"link\" data-id=\"https:\/\/oip.org\/\">site internet<\/a>. <\/p>\n","protected":false},"excerpt":{"rendered":"<p>L&rsquo;Observatoire International des Prisons (OIP) est une organisation non gouvernementale cr\u00e9\u00e9e en 1990, qui \u0153uvre pour la d\u00e9fense des droits des personnes d\u00e9tenues et pour l\u2019am\u00e9lioration des conditions de d\u00e9tention dans le monde. En France, comme \u00e0 l\u2019international, l&rsquo;OIP agit en tant qu&rsquo;alerte ind\u00e9pendante sur la situation des prisons, menant des actions de plaidoyer, des [&hellip;]<\/p>\n","protected":false},"author":4,"featured_media":1730,"parent":1701,"menu_order":0,"comment_status":"closed","ping_status":"closed","template":"","meta":{"_acf_changed":false,"footnotes":""},"class_list":["post-1722","page","type-page","status-publish","has-post-thumbnail","hentry"],"acf":[],"_links":{"self":[{"href":"https:\/\/farapej-1.rezo.pro\/index.php\/wp-json\/wp\/v2\/pages\/1722","targetHints":{"allow":["GET"]}}],"collection":[{"href":"https:\/\/farapej-1.rezo.pro\/index.php\/wp-json\/wp\/v2\/pages"}],"about":[{"href":"https:\/\/farapej-1.rezo.pro\/index.php\/wp-json\/wp\/v2\/types\/page"}],"author":[{"embeddable":true,"href":"https:\/\/farapej-1.rezo.pro\/index.php\/wp-json\/wp\/v2\/users\/4"}],"replies":[{"embeddable":true,"href":"https:\/\/farapej-1.rezo.pro\/index.php\/wp-json\/wp\/v2\/comments?post=1722"}],"version-history":[{"count":6,"href":"https:\/\/farapej-1.rezo.pro\/index.php\/wp-json\/wp\/v2\/pages\/1722\/revisions"}],"predecessor-version":[{"id":1855,"href":"https:\/\/farapej-1.rezo.pro\/index.php\/wp-json\/wp\/v2\/pages\/1722\/revisions\/1855"}],"up":[{"embeddable":true,"href":"https:\/\/farapej-1.rezo.pro\/index.php\/wp-json\/wp\/v2\/pages\/1701"}],"wp:featuredmedia":[{"embeddable":true,"href":"https:\/\/farapej-1.rezo.pro\/index.php\/wp-json\/wp\/v2\/media\/1730"}],"wp:attachment":[{"href":"https:\/\/farapej-1.rezo.pro\/index.php\/wp-json\/wp\/v2\/media?parent=1722"}],"curies":[{"name":"wp","href":"https:\/\/api.w.org\/{rel}","templated":true}]}}