{"id":1725,"date":"2025-10-13T11:53:30","date_gmt":"2025-10-13T09:53:30","guid":{"rendered":"https:\/\/farapej-1.rezo.pro\/?page_id=1725"},"modified":"2025-10-18T18:27:33","modified_gmt":"2025-10-18T16:27:33","slug":"n-vert-arapej","status":"publish","type":"page","link":"https:\/\/farapej-1.rezo.pro\/index.php\/notre-reseau\/partenaires\/nos-partenaires-majeurs\/n-vert-arapej\/","title":{"rendered":"N\u00b0 vert ARAPEJ"},"content":{"rendered":"\n<blockquote class=\"wp-block-quote is-layout-flow wp-block-quote-is-layout-flow\">\n<p><strong>Information juridique et sociale par t\u00e9l\u00e9phon<\/strong>e<\/p>\n<\/blockquote>\n\n\n\n<h3 class=\"wp-block-heading\">Ses objectifs<\/h3>\n\n\n\n<p>Contribuer \u00e0 l\u2019acc\u00e8s au droit pour tous et \u00e0 la lutte contre l\u2019exclusion des personnes confront\u00e9es \u00e0 la prison.<br>Permettre aux personnes d\u00e9tenues et \u00e0 leurs proches de mieux conna\u00eetre et exercer leurs droits et obligations, de mieux pr\u00e9parer la sortie de prison.<\/p>\n\n\n\n<h3 class=\"wp-block-heading\">Ses b\u00e9n\u00e9ficiaires<\/h3>\n\n\n\n<p>Les personnes d\u00e9tenues dans l\u2019ensemble des 185 prisons de France ( plus de 70 000 personnes) peuvent acc\u00e9der directement au Num\u00e9ro vert ARAPEJ via les points phone de la d\u00e9tention, en composant le&nbsp;<strong>0800 870 745<\/strong><\/p>\n\n\n\n<p>Les familles et proches de personnes d\u00e9tenues, mais aussi les personnes sortant de prison, les professionnels et les b\u00e9n\u00e9voles qui les accompagnent, peuvent contacter le Num\u00e9ro vert ARAPEJ via une ligne distincte, le&nbsp;<strong>01 43 72 98 41<\/strong><\/p>\n\n\n\n<h3 class=\"wp-block-heading\">Ses missions<\/h3>\n\n\n\n<ul class=\"wp-block-list\">\n<li><strong>\u00c9couter et comprendre<\/strong>&nbsp;les situations juridiques, sociales et administratives complexes auxquelles les personnes sont confront\u00e9es afin d\u2019identifier leurs pr\u00e9occupations et leur demande.<\/li>\n\n\n\n<li><strong>Apporter des informations<\/strong>&nbsp;permettant aux appelants d\u2019avoir une vision plus claire de leur situation juridique, de leurs droits et de leurs obligations&nbsp;:<br>Droit de la d\u00e9fense, d\u00e9tention provisoire, am\u00e9nagement de peine, obligations judiciaires, transfert, conditions de d\u00e9tention, discipline, relations avec les proches, d\u00e9marches li\u00e9es \u00e0 la r\u00e9insertion sociale et professionnelles, etc.<\/li>\n\n\n\n<li><strong>Orienter<\/strong>&nbsp;les personnes d\u00e9tenues et leurs proches vers les personnes ou autorit\u00e9s comp\u00e9tentes pour traiter leur demande ou les accompagner dans leurs d\u00e9marches (administration p\u00e9nitentiaire, juge, avocat, autorit\u00e9 administrative ind\u00e9pendante, etc.).<\/li>\n<\/ul>\n\n\n\n<h3 class=\"wp-block-heading\">Une \u00e9quipe mobilis\u00e9e<\/h3>\n\n\n\n<p>Une \u00e9quipe r\u00e9unissant des salari\u00e9s juristes et des b\u00e9n\u00e9voles form\u00e9s assure&nbsp;:<\/p>\n\n\n\n<ul class=\"wp-block-list\">\n<li>une information fiable et adapt\u00e9e<\/li>\n\n\n\n<li>une \u00e9coute neutre et bienveillante<\/li>\n\n\n\n<li>un engagement social et citoyen<\/li>\n<\/ul>\n\n\n\n<h3 class=\"wp-block-heading\">Une activit\u00e9 en constante progression<\/h3>\n\n\n\n<p>Ouvert du lundi au vendredi, de 9h \u00e0 17h, le Num\u00e9ro vert ARAPEJ traite plus de 8 000 appels par an, dont 93% \u00e9manent de personnes d\u00e9tenues.<br>Le service a \u00e9t\u00e9 cr\u00e9 en 1997 pour les familles et proches des personnes d\u00e9tenues. Depuis qu\u2019il est devenu accessible en d\u00e9tention en 2009, le service traite trois fois plus d\u2019appels.<\/p>\n\n\n\n<p>Sur pr\u00e8s de 22 000 appels re\u00e7us annuellement pendant les horaires d\u2019ouverture, le nombre d\u2019appels non trait\u00e9s du fait de la saturation des lignes ou d\u2019effectifs insuffisants est d\u2019environ 14 000 appels.<\/p>\n\n\n\n<p>Conscient d\u2019une importante marge de progression de l\u2019activit\u00e9, le service souhaite se d\u00e9velopper et renforcer son \u00e9quipe de fa\u00e7on \u00e0 r\u00e9pondre davantage aux besoins des personnes d\u00e9tenues et de leurs proches.<\/p>\n\n\n\n<h3 class=\"wp-block-heading\">Le Num\u00e9ro vert ARAPEJ a besoin de vous<\/h3>\n\n\n\n<p><strong>Parce que&#8230;<\/strong><\/p>\n\n\n\n<ul class=\"wp-block-list\">\n<li>&#8230; l\u2019acc\u00e8s \u00e0 l\u2019information est indispensable pour favoriser le respect des droits fondamentaux des personnes priv\u00e9es de libert\u00e9 et leurs proches<\/li>\n\n\n\n<li>&#8230; une personne d\u00e9tenue doit \u00eatre inform\u00e9e pour exercer ses droits, mais aussi respecter ses obligations et \u00eatre en capacit\u00e9 de faire des choix libres et responsables<\/li>\n\n\n\n<li>&#8230; l\u2019acc\u00e8s \u00e0 l\u2019information permet aux personnes d\u00e9tenues de mieux pr\u00e9parer leur sortie et donc de faciliter leur r\u00e9insertion<\/li>\n\n\n\n<li>&#8230; l\u2019acc\u00e8s \u00e0 un tiers ind\u00e9pendant et ext\u00e9rieur \u00e0 la prison favorise l\u2019autonomie , la citoyennet\u00e9 et contribue \u00e0 am\u00e9liorer les relations avec les institutions et la soci\u00e9t\u00e9 civile<\/li>\n\n\n\n<li>&#8230; la surpopulation actuelle des prisons aggrave les conditions de d\u00e9tention et de pr\u00e9paration \u00e0 la sortie et laisse de nombreuses personnes d\u00e9tenues livr\u00e9es \u00e0 elles-m\u00eames sans r\u00e9ponse \u00e0 leurs interrogations<\/li>\n\n\n\n<li>&#8230; les proches d\u2019une personne arr\u00eat\u00e9e puis d\u00e9tenue sont souvent peu inform\u00e9s, isol\u00e9s et d\u00e9munis pour faire face aux cons\u00e9quences de l\u2019incarc\u00e9ration.<\/li>\n<\/ul>\n\n\n\n<h3 class=\"wp-block-heading\">Pour soutenir l\u2019action du Num\u00e9ro vert<\/h3>\n\n\n\n<p><strong>Faire un don<\/strong><\/p>\n\n\n\n<p>En utilisant le bon de soutien et en envoyant un ch\u00e8que \u00e0 l\u2019ordre du \u00ab\u00a0CASP \/ Num\u00e9ro vert Arapej\u00a0\u00bb \u00e0&nbsp;:<\/p>\n\n\n\n<p><strong>CASP, 88 rue Robespierre &#8211; 93100 Montreuil<\/strong><\/p>\n\n\n\n<p>Votre soutien permettrait de financer par exemple&nbsp;: des formations suppl\u00e9mentaires pour les b\u00e9n\u00e9voles, le travail de mise \u00e0 jour r\u00e9guli\u00e8re de la documentation juridique, l\u2019extension du plateau t\u00e9l\u00e9phonique et l\u2019ouverture de lignes suppl\u00e9mentaires, une nouvelle campagne d\u2019affichage aupr\u00e8s des personnes d\u00e9tenues et des proches.<\/p>\n\n\n\n<p><strong>Devenir b\u00e9n\u00e9vole<\/strong><\/p>\n\n\n\n<p>Une demi-journ\u00e9e minimum par semaine pour assurer des permanences t\u00e9l\u00e9phoniques.<br>l\u2019accompagnement et la formation des b\u00e9n\u00e9voles sont assur\u00e9s par l\u2019association.<\/p>\n\n\n\n<h3 class=\"wp-block-heading\">Contact<\/h3>\n\n\n\n<p>Le Num\u00e9ro vert est un service propos\u00e9 par le CASP-ARAPEJ<\/p>\n\n\n\n<p><\/p>\n\n\n\n<p><\/p>\n","protected":false},"excerpt":{"rendered":"<p>Information juridique et sociale par t\u00e9l\u00e9phone Ses objectifs Contribuer \u00e0 l\u2019acc\u00e8s au droit pour tous et \u00e0 la lutte contre l\u2019exclusion des personnes confront\u00e9es \u00e0 la prison.Permettre aux personnes d\u00e9tenues et \u00e0 leurs proches de mieux conna\u00eetre et exercer leurs droits et obligations, de mieux pr\u00e9parer la sortie de prison. Ses b\u00e9n\u00e9ficiaires Les personnes d\u00e9tenues [&hellip;]<\/p>\n","protected":false},"author":4,"featured_media":1564,"parent":1701,"menu_order":0,"comment_status":"closed","ping_status":"closed","template":"","meta":{"_acf_changed":false,"footnotes":""},"class_list":["post-1725","page","type-page","status-publish","has-post-thumbnail","hentry"],"acf":[],"_links":{"self":[{"href":"https:\/\/farapej-1.rezo.pro\/index.php\/wp-json\/wp\/v2\/pages\/1725","targetHints":{"allow":["GET"]}}],"collection":[{"href":"https:\/\/farapej-1.rezo.pro\/index.php\/wp-json\/wp\/v2\/pages"}],"about":[{"href":"https:\/\/farapej-1.rezo.pro\/index.php\/wp-json\/wp\/v2\/types\/page"}],"author":[{"embeddable":true,"href":"https:\/\/farapej-1.rezo.pro\/index.php\/wp-json\/wp\/v2\/users\/4"}],"replies":[{"embeddable":true,"href":"https:\/\/farapej-1.rezo.pro\/index.php\/wp-json\/wp\/v2\/comments?post=1725"}],"version-history":[{"count":2,"href":"https:\/\/farapej-1.rezo.pro\/index.php\/wp-json\/wp\/v2\/pages\/1725\/revisions"}],"predecessor-version":[{"id":1728,"href":"https:\/\/farapej-1.rezo.pro\/index.php\/wp-json\/wp\/v2\/pages\/1725\/revisions\/1728"}],"up":[{"embeddable":true,"href":"https:\/\/farapej-1.rezo.pro\/index.php\/wp-json\/wp\/v2\/pages\/1701"}],"wp:featuredmedia":[{"embeddable":true,"href":"https:\/\/farapej-1.rezo.pro\/index.php\/wp-json\/wp\/v2\/media\/1564"}],"wp:attachment":[{"href":"https:\/\/farapej-1.rezo.pro\/index.php\/wp-json\/wp\/v2\/media?parent=1725"}],"curies":[{"name":"wp","href":"https:\/\/api.w.org\/{rel}","templated":true}]}}