{"id":1923,"date":"2025-10-15T16:46:01","date_gmt":"2025-10-15T14:46:01","guid":{"rendered":"https:\/\/farapej-1.rezo.pro\/?page_id=1923"},"modified":"2025-10-20T16:11:23","modified_gmt":"2025-10-20T14:11:23","slug":"direction-de-ladministration-penitentiaire","status":"publish","type":"page","link":"https:\/\/farapej-1.rezo.pro\/index.php\/notre-reseau\/partenaires\/nos-collaborations\/direction-de-ladministration-penitentiaire\/","title":{"rendered":"Direction de l&rsquo;administration p\u00e9nitentiaire"},"content":{"rendered":"\n<p>La Direction de l&rsquo;Administration P\u00e9nitentiaire (DAP) est un partenaire strat\u00e9gique de la FARAPEJ. Elle soutient financi\u00e8rement nos actions visant \u00e0 am\u00e9liorer les conditions de d\u00e9tention et \u00e0 favoriser la r\u00e9insertion des personnes d\u00e9tenues. Ce partenariat s&rsquo;inscrit dans un objectif commun : renforcer la coop\u00e9ration entre les acteurs publics et les associations pour garantir une prise en charge compl\u00e8te des d\u00e9tenus, avant, pendant et apr\u00e8s leur incarc\u00e9ration. <\/p>\n\n\n\n<p>Gr\u00e2ce \u00e0 ce financement, la FARAPEJ est en mesure de mener des projets de sensibilisation aux questions carc\u00e9rales, de r\u00e9flexion \u00e0 l&rsquo;am\u00e9lioration de la justice et de formations pour les b\u00e9n\u00e9voles et salari\u00e9\u00b7es de nos associations adh\u00e9rentes, intervenant en prison aupr\u00e8s personnes en d\u00e9tention ou \u00e0 la sortie.<\/p>\n","protected":false},"excerpt":{"rendered":"<p>La Direction de l&rsquo;Administration P\u00e9nitentiaire (DAP) est un partenaire strat\u00e9gique de la FARAPEJ. Elle soutient financi\u00e8rement nos actions visant \u00e0 am\u00e9liorer les conditions de d\u00e9tention et \u00e0 favoriser la r\u00e9insertion des personnes d\u00e9tenues. Ce partenariat s&rsquo;inscrit dans un objectif commun : renforcer la coop\u00e9ration entre les acteurs publics et les associations pour garantir une prise [&hellip;]<\/p>\n","protected":false},"author":4,"featured_media":1906,"parent":1720,"menu_order":0,"comment_status":"closed","ping_status":"closed","template":"","meta":{"_acf_changed":false,"footnotes":""},"class_list":["post-1923","page","type-page","status-publish","has-post-thumbnail","hentry"],"acf":[],"_links":{"self":[{"href":"https:\/\/farapej-1.rezo.pro\/index.php\/wp-json\/wp\/v2\/pages\/1923","targetHints":{"allow":["GET"]}}],"collection":[{"href":"https:\/\/farapej-1.rezo.pro\/index.php\/wp-json\/wp\/v2\/pages"}],"about":[{"href":"https:\/\/farapej-1.rezo.pro\/index.php\/wp-json\/wp\/v2\/types\/page"}],"author":[{"embeddable":true,"href":"https:\/\/farapej-1.rezo.pro\/index.php\/wp-json\/wp\/v2\/users\/4"}],"replies":[{"embeddable":true,"href":"https:\/\/farapej-1.rezo.pro\/index.php\/wp-json\/wp\/v2\/comments?post=1923"}],"version-history":[{"count":3,"href":"https:\/\/farapej-1.rezo.pro\/index.php\/wp-json\/wp\/v2\/pages\/1923\/revisions"}],"predecessor-version":[{"id":2278,"href":"https:\/\/farapej-1.rezo.pro\/index.php\/wp-json\/wp\/v2\/pages\/1923\/revisions\/2278"}],"up":[{"embeddable":true,"href":"https:\/\/farapej-1.rezo.pro\/index.php\/wp-json\/wp\/v2\/pages\/1720"}],"wp:featuredmedia":[{"embeddable":true,"href":"https:\/\/farapej-1.rezo.pro\/index.php\/wp-json\/wp\/v2\/media\/1906"}],"wp:attachment":[{"href":"https:\/\/farapej-1.rezo.pro\/index.php\/wp-json\/wp\/v2\/media?parent=1923"}],"curies":[{"name":"wp","href":"https:\/\/api.w.org\/{rel}","templated":true}]}}