{"id":1925,"date":"2025-10-15T16:47:03","date_gmt":"2025-10-15T14:47:03","guid":{"rendered":"https:\/\/farapej-1.rezo.pro\/?page_id=1925"},"modified":"2025-10-20T16:14:31","modified_gmt":"2025-10-20T14:14:31","slug":"delegation-interministerielle-a-lhebergement-et-a-lacces-au-logement","status":"publish","type":"page","link":"https:\/\/farapej-1.rezo.pro\/index.php\/notre-reseau\/partenaires\/nos-collaborations\/delegation-interministerielle-a-lhebergement-et-a-lacces-au-logement\/","title":{"rendered":"D\u00e9l\u00e9gation interminist\u00e9rielle \u00e0 l&rsquo;h\u00e9bergement et \u00e0 l&rsquo;acc\u00e8s au logement"},"content":{"rendered":"\n<p>La r\u00e9insertion ne se limite pas \u00e0 l\u2019accompagnement social ou professionnel, mais inclut \u00e9galement un acc\u00e8s durable au logement, essentiel pour une r\u00e9insertion r\u00e9ussie. La DIHAL, \u00e0 travers son financement, permet \u00e0 la FARAPEJ de sensibiliser aux enjeux de l&rsquo;acc\u00e8s au logement et \u00e0 l&rsquo;h\u00e9bergement des personnes sortant de prison, un levier essentiel dans leur parcours de r\u00e9insertion.<\/p>\n\n\n\n<p>d\u00e9ployer des actions concr\u00e8tes pour aider les anciens d\u00e9tenus \u00e0 trouver un logement stable et \u00e0 int\u00e9grer durablement la soci\u00e9t\u00e9. Ce soutien est un gage de la volont\u00e9 de l&rsquo;\u00c9tat d&rsquo;am\u00e9liorer l&rsquo;accompagnement des personnes vuln\u00e9rables, en particulier les personnes sous main de justice. <\/p>\n\n\n\n<p><\/p>\n","protected":false},"excerpt":{"rendered":"<p>La r\u00e9insertion ne se limite pas \u00e0 l\u2019accompagnement social ou professionnel, mais inclut \u00e9galement un acc\u00e8s durable au logement, essentiel pour une r\u00e9insertion r\u00e9ussie. La DIHAL, \u00e0 travers son financement, permet \u00e0 la FARAPEJ de sensibiliser aux enjeux de l&rsquo;acc\u00e8s au logement et \u00e0 l&rsquo;h\u00e9bergement des personnes sortant de prison, un levier essentiel dans leur [&hellip;]<\/p>\n","protected":false},"author":4,"featured_media":1019,"parent":1720,"menu_order":1,"comment_status":"closed","ping_status":"closed","template":"","meta":{"_acf_changed":false,"footnotes":""},"class_list":["post-1925","page","type-page","status-publish","has-post-thumbnail","hentry"],"acf":[],"_links":{"self":[{"href":"https:\/\/farapej-1.rezo.pro\/index.php\/wp-json\/wp\/v2\/pages\/1925","targetHints":{"allow":["GET"]}}],"collection":[{"href":"https:\/\/farapej-1.rezo.pro\/index.php\/wp-json\/wp\/v2\/pages"}],"about":[{"href":"https:\/\/farapej-1.rezo.pro\/index.php\/wp-json\/wp\/v2\/types\/page"}],"author":[{"embeddable":true,"href":"https:\/\/farapej-1.rezo.pro\/index.php\/wp-json\/wp\/v2\/users\/4"}],"replies":[{"embeddable":true,"href":"https:\/\/farapej-1.rezo.pro\/index.php\/wp-json\/wp\/v2\/comments?post=1925"}],"version-history":[{"count":3,"href":"https:\/\/farapej-1.rezo.pro\/index.php\/wp-json\/wp\/v2\/pages\/1925\/revisions"}],"predecessor-version":[{"id":2280,"href":"https:\/\/farapej-1.rezo.pro\/index.php\/wp-json\/wp\/v2\/pages\/1925\/revisions\/2280"}],"up":[{"embeddable":true,"href":"https:\/\/farapej-1.rezo.pro\/index.php\/wp-json\/wp\/v2\/pages\/1720"}],"wp:featuredmedia":[{"embeddable":true,"href":"https:\/\/farapej-1.rezo.pro\/index.php\/wp-json\/wp\/v2\/media\/1019"}],"wp:attachment":[{"href":"https:\/\/farapej-1.rezo.pro\/index.php\/wp-json\/wp\/v2\/media?parent=1925"}],"curies":[{"name":"wp","href":"https:\/\/api.w.org\/{rel}","templated":true}]}}