{"id":1928,"date":"2025-10-15T16:47:48","date_gmt":"2025-10-15T14:47:48","guid":{"rendered":"https:\/\/farapej-1.rezo.pro\/?page_id=1928"},"modified":"2025-10-20T16:16:51","modified_gmt":"2025-10-20T14:16:51","slug":"fond-de-developpement-de-la-vie-associative","status":"publish","type":"page","link":"https:\/\/farapej-1.rezo.pro\/index.php\/notre-reseau\/partenaires\/nos-collaborations\/fond-de-developpement-de-la-vie-associative\/","title":{"rendered":"Fonds pour le d\u00e9veloppement de la vie associative"},"content":{"rendered":"\n<p>Le Fonds pour le D\u00e9veloppement de la Vie Associative (FDVA) soutient la FARAPEJ dans ses actions de formation \u00e0 destination des b\u00e9n\u00e9voles des associations membres. Ce financement permet d\u2019outiller les b\u00e9n\u00e9voles pour qu\u2019ils soient au clair sur les enjeux li\u00e9s au milieu p\u00e9nitentiaire, les cadres d\u2019intervention possibles et leur r\u00f4le au sein de la cha\u00eene d&rsquo;accompagnement. Gr\u00e2ce \u00e0 ce soutien, la FARAPEJ renforce les comp\u00e9tences du tissu associatif engag\u00e9 en prison et dans le champ de la justice, afin que chacun puisse remplir sa mission avec justesse, \u00e9thique et efficacit\u00e9.<\/p>\n","protected":false},"excerpt":{"rendered":"<p>Le Fonds pour le D\u00e9veloppement de la Vie Associative (FDVA) soutient la FARAPEJ dans ses actions de formation \u00e0 destination des b\u00e9n\u00e9voles des associations membres. Ce financement permet d\u2019outiller les b\u00e9n\u00e9voles pour qu\u2019ils soient au clair sur les enjeux li\u00e9s au milieu p\u00e9nitentiaire, les cadres d\u2019intervention possibles et leur r\u00f4le au sein de la cha\u00eene [&hellip;]<\/p>\n","protected":false},"author":4,"featured_media":1020,"parent":1720,"menu_order":2,"comment_status":"closed","ping_status":"closed","template":"","meta":{"_acf_changed":false,"footnotes":""},"class_list":["post-1928","page","type-page","status-publish","has-post-thumbnail","hentry"],"acf":[],"_links":{"self":[{"href":"https:\/\/farapej-1.rezo.pro\/index.php\/wp-json\/wp\/v2\/pages\/1928","targetHints":{"allow":["GET"]}}],"collection":[{"href":"https:\/\/farapej-1.rezo.pro\/index.php\/wp-json\/wp\/v2\/pages"}],"about":[{"href":"https:\/\/farapej-1.rezo.pro\/index.php\/wp-json\/wp\/v2\/types\/page"}],"author":[{"embeddable":true,"href":"https:\/\/farapej-1.rezo.pro\/index.php\/wp-json\/wp\/v2\/users\/4"}],"replies":[{"embeddable":true,"href":"https:\/\/farapej-1.rezo.pro\/index.php\/wp-json\/wp\/v2\/comments?post=1928"}],"version-history":[{"count":2,"href":"https:\/\/farapej-1.rezo.pro\/index.php\/wp-json\/wp\/v2\/pages\/1928\/revisions"}],"predecessor-version":[{"id":2281,"href":"https:\/\/farapej-1.rezo.pro\/index.php\/wp-json\/wp\/v2\/pages\/1928\/revisions\/2281"}],"up":[{"embeddable":true,"href":"https:\/\/farapej-1.rezo.pro\/index.php\/wp-json\/wp\/v2\/pages\/1720"}],"wp:featuredmedia":[{"embeddable":true,"href":"https:\/\/farapej-1.rezo.pro\/index.php\/wp-json\/wp\/v2\/media\/1020"}],"wp:attachment":[{"href":"https:\/\/farapej-1.rezo.pro\/index.php\/wp-json\/wp\/v2\/media?parent=1928"}],"curies":[{"name":"wp","href":"https:\/\/api.w.org\/{rel}","templated":true}]}}