{"id":1930,"date":"2025-10-15T16:48:33","date_gmt":"2025-10-15T14:48:33","guid":{"rendered":"https:\/\/farapej-1.rezo.pro\/?page_id=1930"},"modified":"2025-10-20T16:20:07","modified_gmt":"2025-10-20T14:20:07","slug":"mairie-de-paris","status":"publish","type":"page","link":"https:\/\/farapej-1.rezo.pro\/index.php\/notre-reseau\/partenaires\/nos-collaborations\/mairie-de-paris\/","title":{"rendered":"Mairie de Paris"},"content":{"rendered":"\n<p>La Mairie de Paris soutient la FARAPEJ dans le cadre de ses actions en faveur des droits humains. Ce financement permet de d\u00e9velopper des initiatives qui visent \u00e0 garantir le respect de la dignit\u00e9 et des droits fondamentaux des personnes d\u00e9tenues ou sortant de prison. \u00c0 travers ce partenariat, la Ville de Paris affirme son engagement pour une justice plus humaine et inclusive, et reconna\u00eet le r\u00f4le essentiel des associations dans la d\u00e9fense des droits des personnes les plus vuln\u00e9rables, souvent invisibilis\u00e9es \u2014 comme le sont les personnes d\u00e9tenues et sortant de prison.<\/p>\n","protected":false},"excerpt":{"rendered":"<p>La Mairie de Paris soutient la FARAPEJ dans le cadre de ses actions en faveur des droits humains. Ce financement permet de d\u00e9velopper des initiatives qui visent \u00e0 garantir le respect de la dignit\u00e9 et des droits fondamentaux des personnes d\u00e9tenues ou sortant de prison. \u00c0 travers ce partenariat, la Ville de Paris affirme son [&hellip;]<\/p>\n","protected":false},"author":4,"featured_media":1021,"parent":1720,"menu_order":5,"comment_status":"closed","ping_status":"closed","template":"","meta":{"_acf_changed":false,"footnotes":""},"class_list":["post-1930","page","type-page","status-publish","has-post-thumbnail","hentry"],"acf":[],"_links":{"self":[{"href":"https:\/\/farapej-1.rezo.pro\/index.php\/wp-json\/wp\/v2\/pages\/1930","targetHints":{"allow":["GET"]}}],"collection":[{"href":"https:\/\/farapej-1.rezo.pro\/index.php\/wp-json\/wp\/v2\/pages"}],"about":[{"href":"https:\/\/farapej-1.rezo.pro\/index.php\/wp-json\/wp\/v2\/types\/page"}],"author":[{"embeddable":true,"href":"https:\/\/farapej-1.rezo.pro\/index.php\/wp-json\/wp\/v2\/users\/4"}],"replies":[{"embeddable":true,"href":"https:\/\/farapej-1.rezo.pro\/index.php\/wp-json\/wp\/v2\/comments?post=1930"}],"version-history":[{"count":2,"href":"https:\/\/farapej-1.rezo.pro\/index.php\/wp-json\/wp\/v2\/pages\/1930\/revisions"}],"predecessor-version":[{"id":2284,"href":"https:\/\/farapej-1.rezo.pro\/index.php\/wp-json\/wp\/v2\/pages\/1930\/revisions\/2284"}],"up":[{"embeddable":true,"href":"https:\/\/farapej-1.rezo.pro\/index.php\/wp-json\/wp\/v2\/pages\/1720"}],"wp:featuredmedia":[{"embeddable":true,"href":"https:\/\/farapej-1.rezo.pro\/index.php\/wp-json\/wp\/v2\/media\/1021"}],"wp:attachment":[{"href":"https:\/\/farapej-1.rezo.pro\/index.php\/wp-json\/wp\/v2\/media?parent=1930"}],"curies":[{"name":"wp","href":"https:\/\/api.w.org\/{rel}","templated":true}]}}