{"id":1944,"date":"2025-10-16T09:35:46","date_gmt":"2025-10-16T07:35:46","guid":{"rendered":"https:\/\/farapej-1.rezo.pro\/?page_id=1944"},"modified":"2025-10-18T18:26:14","modified_gmt":"2025-10-18T16:26:14","slug":"collectif-des-morts-de-la-prison","status":"publish","type":"page","link":"https:\/\/farapej-1.rezo.pro\/index.php\/notre-reseau\/partenaires\/nos-partenaires-majeurs\/collectif-des-morts-de-la-prison\/","title":{"rendered":"Collectif des morts de la prison"},"content":{"rendered":"\n<p>Le collectif met en lumi\u00e8re les d\u00e9c\u00e8s survenus en d\u00e9tention, souvent dans des conditions pr\u00e9occupantes. Ce collectif se compose d\u2019associations, d\u2019organisations de d\u00e9fense des droits humains et de familles de d\u00e9tenus, qui militent pour que les d\u00e9c\u00e8s en prison soient reconnus, enqu\u00eat\u00e9s de mani\u00e8re transparente, et pour que des mesures soient prises pour pr\u00e9venir ces drames. Le collectif cherche \u00e0 attirer l\u2019attention sur les conditions de vie en d\u00e9tention qui peuvent conduire \u00e0 des d\u00e9c\u00e8s pr\u00e9matur\u00e9s, souvent dus \u00e0 des n\u00e9gligences m\u00e9dicales, des violences ou des conditions de d\u00e9tention inhumaines. Le but est de d\u00e9noncer la \u00ab&nbsp;p\u00e9nalit\u00e9 de la mort&nbsp;\u00bb en prison et de revendiquer des r\u00e9formes pour am\u00e9liorer la situation.<\/p>\n\n\n\n<p>Un \u00e9v\u00e9nement a lieu tous les ans en juin pour comm\u00e9morer les mort\u00b7es de la prison et leur rendre hommage.<\/p>\n\n\n\n<p>Les membres du collectif sont :<\/p>\n\n\n\n<ul class=\"wp-block-list\">\n<li>ACAT France<\/li>\n\n\n\n<li>Aum\u00f4nerie catholique des prisons<\/li>\n\n\n\n<li>Collectif des morts de la rue<\/li>\n\n\n\n<li>Le Courrier de Bovet<\/li>\n\n\n\n<li>La Cimade<\/li>\n\n\n\n<li>La FARAPEJ<\/li>\n\n\n\n<li>L\u2019Observatoire International des prisons<\/li>\n\n\n\n<li>Les Petits fr\u00e8res des pauvres<\/li>\n\n\n\n<li>Le Secours catholique<\/li>\n\n\n\n<li>L\u2019UFRAMA<\/li>\n<\/ul>\n","protected":false},"excerpt":{"rendered":"<p>Le collectif met en lumi\u00e8re les d\u00e9c\u00e8s survenus en d\u00e9tention, souvent dans des conditions pr\u00e9occupantes. Ce collectif se compose d\u2019associations, d\u2019organisations de d\u00e9fense des droits humains et de familles de d\u00e9tenus, qui militent pour que les d\u00e9c\u00e8s en prison soient reconnus, enqu\u00eat\u00e9s de mani\u00e8re transparente, et pour que des mesures soient prises pour pr\u00e9venir ces [&hellip;]<\/p>\n","protected":false},"author":4,"featured_media":1815,"parent":1701,"menu_order":0,"comment_status":"closed","ping_status":"closed","template":"","meta":{"_acf_changed":false,"footnotes":""},"class_list":["post-1944","page","type-page","status-publish","has-post-thumbnail","hentry"],"acf":[],"_links":{"self":[{"href":"https:\/\/farapej-1.rezo.pro\/index.php\/wp-json\/wp\/v2\/pages\/1944","targetHints":{"allow":["GET"]}}],"collection":[{"href":"https:\/\/farapej-1.rezo.pro\/index.php\/wp-json\/wp\/v2\/pages"}],"about":[{"href":"https:\/\/farapej-1.rezo.pro\/index.php\/wp-json\/wp\/v2\/types\/page"}],"author":[{"embeddable":true,"href":"https:\/\/farapej-1.rezo.pro\/index.php\/wp-json\/wp\/v2\/users\/4"}],"replies":[{"embeddable":true,"href":"https:\/\/farapej-1.rezo.pro\/index.php\/wp-json\/wp\/v2\/comments?post=1944"}],"version-history":[{"count":1,"href":"https:\/\/farapej-1.rezo.pro\/index.php\/wp-json\/wp\/v2\/pages\/1944\/revisions"}],"predecessor-version":[{"id":1945,"href":"https:\/\/farapej-1.rezo.pro\/index.php\/wp-json\/wp\/v2\/pages\/1944\/revisions\/1945"}],"up":[{"embeddable":true,"href":"https:\/\/farapej-1.rezo.pro\/index.php\/wp-json\/wp\/v2\/pages\/1701"}],"wp:featuredmedia":[{"embeddable":true,"href":"https:\/\/farapej-1.rezo.pro\/index.php\/wp-json\/wp\/v2\/media\/1815"}],"wp:attachment":[{"href":"https:\/\/farapej-1.rezo.pro\/index.php\/wp-json\/wp\/v2\/media?parent=1944"}],"curies":[{"name":"wp","href":"https:\/\/api.w.org\/{rel}","templated":true}]}}