{"id":1946,"date":"2025-10-16T09:37:31","date_gmt":"2025-10-16T07:37:31","guid":{"rendered":"https:\/\/farapej-1.rezo.pro\/?page_id=1946"},"modified":"2025-10-18T18:26:06","modified_gmt":"2025-10-18T16:26:06","slug":"association-francaise-de-criminologie","status":"publish","type":"page","link":"https:\/\/farapej-1.rezo.pro\/index.php\/notre-reseau\/partenaires\/nos-partenaires-majeurs\/association-francaise-de-criminologie\/","title":{"rendered":"Association fran\u00e7aise de Criminologie"},"content":{"rendered":"\n<p>Fond\u00e9e en 1955, l\u2019Association Fran\u00e7aise de Criminologie (AFC) est une organisation scientifique et professionnelle qui r\u00e9unit des chercheurs, des praticiens et des acteurs du syst\u00e8me p\u00e9nal autour des questions li\u00e9es \u00e0 la criminologie, \u00e0 la justice p\u00e9nale et \u00e0 la pr\u00e9vention de la d\u00e9linquance. L\u2019AFC a pour mission de promouvoir la recherche criminologique en France et de contribuer au d\u00e9bat public sur les politiques de justice, la r\u00e9insertion des individus condamn\u00e9s, ainsi que sur les r\u00e9formes du syst\u00e8me p\u00e9nitentiaire et judiciaire.<\/p>\n\n\n\n<p>L\u2019AFC organise des conf\u00e9rences, des colloques et des \u00e9v\u00e9nements scientifiques, tout en publiant des ouvrages, des revues sp\u00e9cialis\u00e9es et des rapports qui visent \u00e0 enrichir les connaissances dans ce domaine complexe. Elle \u0153uvre \u00e9galement pour une meilleure compr\u00e9hension des probl\u00e9matiques criminelles et cherche \u00e0 favoriser l\u2019\u00e9change entre les professionnels de la justice, les chercheurs, les acteurs de la soci\u00e9t\u00e9 civile et les institutions publiques.<\/p>\n\n\n\n<p>Par son travail de r\u00e9flexion et de recherche, l\u2019AFC cherche \u00e0 influencer positivement les politiques publiques en mati\u00e8re de pr\u00e9vention de la d\u00e9linquance, de r\u00e9insertion des personnes condamn\u00e9es et de r\u00e9formes du syst\u00e8me p\u00e9nal, tout en d\u00e9fendant une approche humaine et efficace de la justice.<\/p>\n\n\n\n<p>En tant qu\u2019acteur majeur de la criminologie en France, l\u2019AFC collabore avec des institutions publiques, des associations, des organisations internationales et des experts pour promouvoir une justice plus \u00e9quitable et respectueuse des droits humains.<\/p>\n\n\n\n<p>Vous pourrez acc\u00e9der \u00e0 toutes leurs informations en vous rendant sur leur&nbsp;<a href=\"https:\/\/afc-asso.fr\/\">site internet<\/a>.<\/p>\n","protected":false},"excerpt":{"rendered":"<p>Fond\u00e9e en 1955, l\u2019Association Fran\u00e7aise de Criminologie (AFC) est une organisation scientifique et professionnelle qui r\u00e9unit des chercheurs, des praticiens et des acteurs du syst\u00e8me p\u00e9nal autour des questions li\u00e9es \u00e0 la criminologie, \u00e0 la justice p\u00e9nale et \u00e0 la pr\u00e9vention de la d\u00e9linquance. L\u2019AFC a pour mission de promouvoir la recherche criminologique en France [&hellip;]<\/p>\n","protected":false},"author":4,"featured_media":1813,"parent":1701,"menu_order":0,"comment_status":"closed","ping_status":"closed","template":"","meta":{"_acf_changed":false,"footnotes":""},"class_list":["post-1946","page","type-page","status-publish","has-post-thumbnail","hentry"],"acf":[],"_links":{"self":[{"href":"https:\/\/farapej-1.rezo.pro\/index.php\/wp-json\/wp\/v2\/pages\/1946","targetHints":{"allow":["GET"]}}],"collection":[{"href":"https:\/\/farapej-1.rezo.pro\/index.php\/wp-json\/wp\/v2\/pages"}],"about":[{"href":"https:\/\/farapej-1.rezo.pro\/index.php\/wp-json\/wp\/v2\/types\/page"}],"author":[{"embeddable":true,"href":"https:\/\/farapej-1.rezo.pro\/index.php\/wp-json\/wp\/v2\/users\/4"}],"replies":[{"embeddable":true,"href":"https:\/\/farapej-1.rezo.pro\/index.php\/wp-json\/wp\/v2\/comments?post=1946"}],"version-history":[{"count":1,"href":"https:\/\/farapej-1.rezo.pro\/index.php\/wp-json\/wp\/v2\/pages\/1946\/revisions"}],"predecessor-version":[{"id":1947,"href":"https:\/\/farapej-1.rezo.pro\/index.php\/wp-json\/wp\/v2\/pages\/1946\/revisions\/1947"}],"up":[{"embeddable":true,"href":"https:\/\/farapej-1.rezo.pro\/index.php\/wp-json\/wp\/v2\/pages\/1701"}],"wp:featuredmedia":[{"embeddable":true,"href":"https:\/\/farapej-1.rezo.pro\/index.php\/wp-json\/wp\/v2\/media\/1813"}],"wp:attachment":[{"href":"https:\/\/farapej-1.rezo.pro\/index.php\/wp-json\/wp\/v2\/media?parent=1946"}],"curies":[{"name":"wp","href":"https:\/\/api.w.org\/{rel}","templated":true}]}}