{"id":1948,"date":"2025-10-16T09:40:22","date_gmt":"2025-10-16T07:40:22","guid":{"rendered":"https:\/\/farapej-1.rezo.pro\/?page_id=1948"},"modified":"2025-10-18T18:26:22","modified_gmt":"2025-10-18T16:26:22","slug":"controleur-general-des-lieux-de-privation-de-liberte","status":"publish","type":"page","link":"https:\/\/farapej-1.rezo.pro\/index.php\/notre-reseau\/partenaires\/nos-partenaires-majeurs\/controleur-general-des-lieux-de-privation-de-liberte\/","title":{"rendered":"Contr\u00f4leur g\u00e9n\u00e9ral des lieux de privation de libert\u00e9"},"content":{"rendered":"\n<p>Le Contr\u00f4leur g\u00e9n\u00e9ral des lieux de privation de libert\u00e9 (CGLPL) est une autorit\u00e9 ind\u00e9pendante cr\u00e9\u00e9e en 2008, charg\u00e9e de veiller au respect des droits fondamentaux des personnes priv\u00e9es de libert\u00e9, qu\u2019elles soient d\u00e9tenues en prison, dans un centre de r\u00e9tention administrative, ou dans tout autre lieu de privation de libert\u00e9 (h\u00f4pitaux psychiatriques, etc.). L\u2019objectif principal de cette institution est de garantir que les conditions de d\u00e9tention respectent les normes internationales relatives aux droits de l\u2019homme et aux traitements dignes des personnes incarc\u00e9r\u00e9es.<\/p>\n\n\n\n<p>Le CGLPL a pour mission de contr\u00f4ler de mani\u00e8re r\u00e9guli\u00e8re et ind\u00e9pendante les \u00e9tablissements o\u00f9 des personnes sont priv\u00e9es de libert\u00e9. Il m\u00e8ne des inspections inopin\u00e9es dans ces lieux pour observer les conditions de d\u00e9tention, v\u00e9rifier la conformit\u00e9 avec les normes l\u00e9gales et \u00e9valuer le respect des droits des d\u00e9tenus. Lorsqu\u2019il constate des violations des droits fondamentaux, le Contr\u00f4leur g\u00e9n\u00e9ral peut intervenir en \u00e9mettant des recommandations aupr\u00e8s des autorit\u00e9s comp\u00e9tentes pour am\u00e9liorer la situation.<\/p>\n\n\n\n<p>Le CGLPL dispose de larges pouvoirs d\u2019investigation et peut recueillir des t\u00e9moignages, consulter des documents et rencontrer des d\u00e9tenus de mani\u00e8re confidentielle. Il peut \u00e9galement alerter les pouvoirs publics en cas de violations graves des droits humains et soumettre des recommandations visant \u00e0 am\u00e9liorer les conditions de d\u00e9tention.<\/p>\n\n\n\n<p>En plus de ses missions de contr\u00f4le, le CGLPL publie des rapports d\u00e9taill\u00e9s sur ses inspections, qui permettent de rendre compte publiquement des conditions de d\u00e9tention dans les \u00e9tablissements concern\u00e9s. Ces rapports constituent un levier important pour sensibiliser les autorit\u00e9s et l\u2019opinion publique \u00e0 la n\u00e9cessit\u00e9 de r\u00e9formes dans le syst\u00e8me p\u00e9nitentiaire.<\/p>\n\n\n\n<p>Vous retrouverez toutes les informations sur leur&nbsp;<a href=\"https:\/\/www.cglpl.fr\/\">site internet<\/a>.<\/p>\n\n\n\n<p><\/p>\n","protected":false},"excerpt":{"rendered":"<p>Le Contr\u00f4leur g\u00e9n\u00e9ral des lieux de privation de libert\u00e9 (CGLPL) est une autorit\u00e9 ind\u00e9pendante cr\u00e9\u00e9e en 2008, charg\u00e9e de veiller au respect des droits fondamentaux des personnes priv\u00e9es de libert\u00e9, qu\u2019elles soient d\u00e9tenues en prison, dans un centre de r\u00e9tention administrative, ou dans tout autre lieu de privation de libert\u00e9 (h\u00f4pitaux psychiatriques, etc.). L\u2019objectif principal [&hellip;]<\/p>\n","protected":false},"author":4,"featured_media":1780,"parent":1701,"menu_order":0,"comment_status":"closed","ping_status":"closed","template":"","meta":{"_acf_changed":false,"footnotes":""},"class_list":["post-1948","page","type-page","status-publish","has-post-thumbnail","hentry"],"acf":[],"_links":{"self":[{"href":"https:\/\/farapej-1.rezo.pro\/index.php\/wp-json\/wp\/v2\/pages\/1948","targetHints":{"allow":["GET"]}}],"collection":[{"href":"https:\/\/farapej-1.rezo.pro\/index.php\/wp-json\/wp\/v2\/pages"}],"about":[{"href":"https:\/\/farapej-1.rezo.pro\/index.php\/wp-json\/wp\/v2\/types\/page"}],"author":[{"embeddable":true,"href":"https:\/\/farapej-1.rezo.pro\/index.php\/wp-json\/wp\/v2\/users\/4"}],"replies":[{"embeddable":true,"href":"https:\/\/farapej-1.rezo.pro\/index.php\/wp-json\/wp\/v2\/comments?post=1948"}],"version-history":[{"count":3,"href":"https:\/\/farapej-1.rezo.pro\/index.php\/wp-json\/wp\/v2\/pages\/1948\/revisions"}],"predecessor-version":[{"id":1990,"href":"https:\/\/farapej-1.rezo.pro\/index.php\/wp-json\/wp\/v2\/pages\/1948\/revisions\/1990"}],"up":[{"embeddable":true,"href":"https:\/\/farapej-1.rezo.pro\/index.php\/wp-json\/wp\/v2\/pages\/1701"}],"wp:featuredmedia":[{"embeddable":true,"href":"https:\/\/farapej-1.rezo.pro\/index.php\/wp-json\/wp\/v2\/media\/1780"}],"wp:attachment":[{"href":"https:\/\/farapej-1.rezo.pro\/index.php\/wp-json\/wp\/v2\/media?parent=1948"}],"curies":[{"name":"wp","href":"https:\/\/api.w.org\/{rel}","templated":true}]}}