{"id":1953,"date":"2025-10-16T09:43:04","date_gmt":"2025-10-16T07:43:04","guid":{"rendered":"https:\/\/farapej-1.rezo.pro\/?page_id=1953"},"modified":"2025-10-18T18:26:30","modified_gmt":"2025-10-18T16:26:30","slug":"defenseur-des-droits","status":"publish","type":"page","link":"https:\/\/farapej-1.rezo.pro\/index.php\/notre-reseau\/partenaires\/nos-partenaires-majeurs\/defenseur-des-droits\/","title":{"rendered":"D\u00e9fenseur des droits"},"content":{"rendered":"\n<p>Le D\u00e9fenseur des droits est une autorit\u00e9 administrative ind\u00e9pendante cr\u00e9\u00e9e en 2011, charg\u00e9e de d\u00e9fendre les droits et libert\u00e9s des citoyens face aux administrations et aux institutions publiques. Il intervient principalement lorsqu\u2019une personne estime que ses droits sont viol\u00e9s par l\u2019\u00c9tat, les collectivit\u00e9s locales, ou d\u2019autres acteurs publics. Dans le cadre du syst\u00e8me p\u00e9nal et de la justice, le D\u00e9fenseur des droits joue un r\u00f4le essentiel en veillant au respect des droits des personnes d\u00e9tenues, en assurant leur acc\u00e8s \u00e0 la justice, et en intervenant en cas de dysfonctionnements dans le syst\u00e8me p\u00e9nitentiaire.<\/p>\n\n\n\n<p>L\u2019une des missions principales du D\u00e9fenseur des droits est de prot\u00e9ger les droits des d\u00e9tenus, particuli\u00e8rement dans les domaines li\u00e9s aux conditions de d\u00e9tention, \u00e0 l\u2019acc\u00e8s aux soins, \u00e0 la lutte contre les discriminations et les mauvais traitements, ainsi qu\u2019\u00e0 la protection des droits des familles de personnes incarc\u00e9r\u00e9es. Le D\u00e9fenseur des droits veille \u00e9galement \u00e0 ce que les droits des victimes soient respect\u00e9s, notamment en mati\u00e8re d\u2019accompagnement, de r\u00e9paration, et d\u2019acc\u00e8s \u00e0 la justice.<\/p>\n\n\n\n<p>Vous pourrez retrouver toutes leurs informations sur leur&nbsp;<a href=\"https:\/\/www.defenseurdesdroits.fr\/\">site internet<\/a>.<\/p>\n","protected":false},"excerpt":{"rendered":"<p>Le D\u00e9fenseur des droits est une autorit\u00e9 administrative ind\u00e9pendante cr\u00e9\u00e9e en 2011, charg\u00e9e de d\u00e9fendre les droits et libert\u00e9s des citoyens face aux administrations et aux institutions publiques. Il intervient principalement lorsqu\u2019une personne estime que ses droits sont viol\u00e9s par l\u2019\u00c9tat, les collectivit\u00e9s locales, ou d\u2019autres acteurs publics. Dans le cadre du syst\u00e8me p\u00e9nal et [&hellip;]<\/p>\n","protected":false},"author":4,"featured_media":1784,"parent":1701,"menu_order":0,"comment_status":"closed","ping_status":"closed","template":"","meta":{"_acf_changed":false,"footnotes":""},"class_list":["post-1953","page","type-page","status-publish","has-post-thumbnail","hentry"],"acf":[],"_links":{"self":[{"href":"https:\/\/farapej-1.rezo.pro\/index.php\/wp-json\/wp\/v2\/pages\/1953","targetHints":{"allow":["GET"]}}],"collection":[{"href":"https:\/\/farapej-1.rezo.pro\/index.php\/wp-json\/wp\/v2\/pages"}],"about":[{"href":"https:\/\/farapej-1.rezo.pro\/index.php\/wp-json\/wp\/v2\/types\/page"}],"author":[{"embeddable":true,"href":"https:\/\/farapej-1.rezo.pro\/index.php\/wp-json\/wp\/v2\/users\/4"}],"replies":[{"embeddable":true,"href":"https:\/\/farapej-1.rezo.pro\/index.php\/wp-json\/wp\/v2\/comments?post=1953"}],"version-history":[{"count":1,"href":"https:\/\/farapej-1.rezo.pro\/index.php\/wp-json\/wp\/v2\/pages\/1953\/revisions"}],"predecessor-version":[{"id":1954,"href":"https:\/\/farapej-1.rezo.pro\/index.php\/wp-json\/wp\/v2\/pages\/1953\/revisions\/1954"}],"up":[{"embeddable":true,"href":"https:\/\/farapej-1.rezo.pro\/index.php\/wp-json\/wp\/v2\/pages\/1701"}],"wp:featuredmedia":[{"embeddable":true,"href":"https:\/\/farapej-1.rezo.pro\/index.php\/wp-json\/wp\/v2\/media\/1784"}],"wp:attachment":[{"href":"https:\/\/farapej-1.rezo.pro\/index.php\/wp-json\/wp\/v2\/media?parent=1953"}],"curies":[{"name":"wp","href":"https:\/\/api.w.org\/{rel}","templated":true}]}}