{"id":1955,"date":"2025-10-16T09:44:32","date_gmt":"2025-10-16T07:44:32","guid":{"rendered":"https:\/\/farapej-1.rezo.pro\/?page_id=1955"},"modified":"2025-10-18T18:26:38","modified_gmt":"2025-10-18T16:26:38","slug":"emmaus-france","status":"publish","type":"page","link":"https:\/\/farapej-1.rezo.pro\/index.php\/notre-reseau\/partenaires\/nos-partenaires-majeurs\/emmaus-france\/","title":{"rendered":"Emma\u00fcs France"},"content":{"rendered":"\n<p>Emma\u00fcs France est une organisation solidaire de lutte contre l\u2019exclusion, fond\u00e9e en 1949 par l\u2019abb\u00e9 Pierre. Depuis sa cr\u00e9ation, l\u2019association s\u2019est donn\u00e9e pour mission de soutenir les personnes en situation de pr\u00e9carit\u00e9 et d\u2019isolement, en leur offrant un accompagnement global et en leur permettant de retrouver leur dignit\u00e9. Aujourd\u2019hui, Emma\u00fcs France est l\u2019une des principales structures solidaires en France, avec des milliers de b\u00e9n\u00e9voles et de collaborateurs \u0153uvrant sur tout le territoire.<\/p>\n\n\n\n<p>L\u2019un des axes majeurs de l\u2019action d\u2019Emma\u00fcs repose sur l\u2019accompagnement des personnes priv\u00e9es de libert\u00e9, qu\u2019il s\u2019agisse de d\u00e9tenus ou d\u2019anciens d\u00e9tenus. L\u2019organisation a d\u00e9velopp\u00e9 une approche sp\u00e9cifique et innovante \u00e0 destination des prisons, afin de r\u00e9pondre aux besoins des personnes incarc\u00e9r\u00e9es et de leur offrir des perspectives r\u00e9elles de r\u00e9insertion sociale et professionnelle.<\/p>\n\n\n\n<p>Outre son action directe aupr\u00e8s des publics, Emma\u00fcs France m\u00e8ne \u00e9galement un travail de plaidoyer pour faire \u00e9voluer les conditions de d\u00e9tention et favoriser une prise en charge plus humaine des personnes incarc\u00e9r\u00e9es. L\u2019association milite pour une r\u00e9forme du syst\u00e8me p\u00e9nitentiaire en France, notamment en ce qui concerne la surpopulation carc\u00e9rale, les conditions de d\u00e9tention indignes et l\u2019acc\u00e8s aux droits fondamentaux des d\u00e9tenus.<\/p>\n\n\n\n<p>Vous pourrez retrouver toutes leurs informations sur leur&nbsp;<a href=\"https:\/\/emmaus-france.org\/\">site internet<\/a>.<\/p>\n","protected":false},"excerpt":{"rendered":"<p>Emma\u00fcs France est une organisation solidaire de lutte contre l\u2019exclusion, fond\u00e9e en 1949 par l\u2019abb\u00e9 Pierre. Depuis sa cr\u00e9ation, l\u2019association s\u2019est donn\u00e9e pour mission de soutenir les personnes en situation de pr\u00e9carit\u00e9 et d\u2019isolement, en leur offrant un accompagnement global et en leur permettant de retrouver leur dignit\u00e9. Aujourd\u2019hui, Emma\u00fcs France est l\u2019une des principales [&hellip;]<\/p>\n","protected":false},"author":4,"featured_media":1827,"parent":1701,"menu_order":0,"comment_status":"closed","ping_status":"closed","template":"","meta":{"_acf_changed":false,"footnotes":""},"class_list":["post-1955","page","type-page","status-publish","has-post-thumbnail","hentry"],"acf":[],"_links":{"self":[{"href":"https:\/\/farapej-1.rezo.pro\/index.php\/wp-json\/wp\/v2\/pages\/1955","targetHints":{"allow":["GET"]}}],"collection":[{"href":"https:\/\/farapej-1.rezo.pro\/index.php\/wp-json\/wp\/v2\/pages"}],"about":[{"href":"https:\/\/farapej-1.rezo.pro\/index.php\/wp-json\/wp\/v2\/types\/page"}],"author":[{"embeddable":true,"href":"https:\/\/farapej-1.rezo.pro\/index.php\/wp-json\/wp\/v2\/users\/4"}],"replies":[{"embeddable":true,"href":"https:\/\/farapej-1.rezo.pro\/index.php\/wp-json\/wp\/v2\/comments?post=1955"}],"version-history":[{"count":1,"href":"https:\/\/farapej-1.rezo.pro\/index.php\/wp-json\/wp\/v2\/pages\/1955\/revisions"}],"predecessor-version":[{"id":1956,"href":"https:\/\/farapej-1.rezo.pro\/index.php\/wp-json\/wp\/v2\/pages\/1955\/revisions\/1956"}],"up":[{"embeddable":true,"href":"https:\/\/farapej-1.rezo.pro\/index.php\/wp-json\/wp\/v2\/pages\/1701"}],"wp:featuredmedia":[{"embeddable":true,"href":"https:\/\/farapej-1.rezo.pro\/index.php\/wp-json\/wp\/v2\/media\/1827"}],"wp:attachment":[{"href":"https:\/\/farapej-1.rezo.pro\/index.php\/wp-json\/wp\/v2\/media?parent=1955"}],"curies":[{"name":"wp","href":"https:\/\/api.w.org\/{rel}","templated":true}]}}