{"id":1960,"date":"2025-10-16T09:47:22","date_gmt":"2025-10-16T07:47:22","guid":{"rendered":"https:\/\/farapej-1.rezo.pro\/?page_id=1960"},"modified":"2025-10-18T18:26:53","modified_gmt":"2025-10-18T16:26:53","slug":"federation-des-acteurs-de-la-solidarite","status":"publish","type":"page","link":"https:\/\/farapej-1.rezo.pro\/index.php\/notre-reseau\/partenaires\/nos-partenaires-majeurs\/federation-des-acteurs-de-la-solidarite\/","title":{"rendered":"F\u00e9d\u00e9ration des acteurs de la solidarit\u00e9"},"content":{"rendered":"\n<p>La F\u00e9d\u00e9ration des Acteurs de la Solidarit\u00e9 (FAS) est une organisation repr\u00e9sentative des structures de l\u2019\u00e9conomie sociale et solidaire \u0153uvrant dans divers domaines, dont l\u2019insertion sociale, le logement, l\u2019accompagnement des personnes en situation de pr\u00e9carit\u00e9, et l\u2019aide aux personnes priv\u00e9es de libert\u00e9. Cr\u00e9\u00e9e en 1997, la FAS agit en faveur des plus vuln\u00e9rables et d\u00e9fend l\u2019id\u00e9e que l\u2019insertion sociale passe avant tout par un accompagnement humain et personnalis\u00e9.<\/p>\n\n\n\n<p>L\u2019une des priorit\u00e9s de la F\u00e9d\u00e9ration est de soutenir les personnes en situation de grande pr\u00e9carit\u00e9, y compris les personnes incarc\u00e9r\u00e9es. Dans ce cadre, la FAS met en place des actions concr\u00e8tes pour am\u00e9liorer les conditions de d\u00e9tention, faciliter l\u2019accompagnement des d\u00e9tenus, et promouvoir leur r\u00e9insertion apr\u00e8s la sortie de prison.<\/p>\n\n\n\n<p>Outre son travail de terrain, la FAS milite pour une r\u00e9duction de la surpopulation carc\u00e9rale, une am\u00e9lioration des conditions de d\u00e9tention, et une meilleure prise en charge des personnes vuln\u00e9rables. Elle plaide \u00e9galement pour un syst\u00e8me de justice p\u00e9nale qui mette l\u2019accent sur la r\u00e9habilitation plut\u00f4t que sur la punition, avec un soutien renforc\u00e9 aux actions de r\u00e9insertion, \u00e0 la fois pendant et apr\u00e8s la d\u00e9tention.<\/p>\n\n\n\n<p>Vous trouverez toutes les informations concernant la FAS sur leur&nbsp;<a href=\"https:\/\/www.federationsolidarite.org\/\">site internet<\/a>.<\/p>\n","protected":false},"excerpt":{"rendered":"<p>La F\u00e9d\u00e9ration des Acteurs de la Solidarit\u00e9 (FAS) est une organisation repr\u00e9sentative des structures de l\u2019\u00e9conomie sociale et solidaire \u0153uvrant dans divers domaines, dont l\u2019insertion sociale, le logement, l\u2019accompagnement des personnes en situation de pr\u00e9carit\u00e9, et l\u2019aide aux personnes priv\u00e9es de libert\u00e9. Cr\u00e9\u00e9e en 1997, la FAS agit en faveur des plus vuln\u00e9rables et d\u00e9fend [&hellip;]<\/p>\n","protected":false},"author":4,"featured_media":1832,"parent":1701,"menu_order":0,"comment_status":"closed","ping_status":"closed","template":"","meta":{"_acf_changed":false,"footnotes":""},"class_list":["post-1960","page","type-page","status-publish","has-post-thumbnail","hentry"],"acf":[],"_links":{"self":[{"href":"https:\/\/farapej-1.rezo.pro\/index.php\/wp-json\/wp\/v2\/pages\/1960","targetHints":{"allow":["GET"]}}],"collection":[{"href":"https:\/\/farapej-1.rezo.pro\/index.php\/wp-json\/wp\/v2\/pages"}],"about":[{"href":"https:\/\/farapej-1.rezo.pro\/index.php\/wp-json\/wp\/v2\/types\/page"}],"author":[{"embeddable":true,"href":"https:\/\/farapej-1.rezo.pro\/index.php\/wp-json\/wp\/v2\/users\/4"}],"replies":[{"embeddable":true,"href":"https:\/\/farapej-1.rezo.pro\/index.php\/wp-json\/wp\/v2\/comments?post=1960"}],"version-history":[{"count":1,"href":"https:\/\/farapej-1.rezo.pro\/index.php\/wp-json\/wp\/v2\/pages\/1960\/revisions"}],"predecessor-version":[{"id":1961,"href":"https:\/\/farapej-1.rezo.pro\/index.php\/wp-json\/wp\/v2\/pages\/1960\/revisions\/1961"}],"up":[{"embeddable":true,"href":"https:\/\/farapej-1.rezo.pro\/index.php\/wp-json\/wp\/v2\/pages\/1701"}],"wp:featuredmedia":[{"embeddable":true,"href":"https:\/\/farapej-1.rezo.pro\/index.php\/wp-json\/wp\/v2\/media\/1832"}],"wp:attachment":[{"href":"https:\/\/farapej-1.rezo.pro\/index.php\/wp-json\/wp\/v2\/media?parent=1960"}],"curies":[{"name":"wp","href":"https:\/\/api.w.org\/{rel}","templated":true}]}}