{"id":1962,"date":"2025-10-16T09:48:39","date_gmt":"2025-10-16T07:48:39","guid":{"rendered":"https:\/\/farapej-1.rezo.pro\/?page_id=1962"},"modified":"2025-10-18T18:26:46","modified_gmt":"2025-10-18T16:26:46","slug":"federation-citoyens-et-justice","status":"publish","type":"page","link":"https:\/\/farapej-1.rezo.pro\/index.php\/notre-reseau\/partenaires\/nos-partenaires-majeurs\/federation-citoyens-et-justice\/","title":{"rendered":"F\u00e9d\u00e9ration Citoyens et Justice"},"content":{"rendered":"\n<p>La F\u00e9d\u00e9ration Citoyens et Justice est un r\u00e9seau national d\u2019associations qui milite pour une justice p\u00e9nale plus humaine, \u00e9quitable et respectueuse des droits fondamentaux des individus. Cr\u00e9\u00e9e en 2001, la F\u00e9d\u00e9ration rassemble des acteurs de la soci\u00e9t\u00e9 civile, des citoyens engag\u00e9s, ainsi que des professionnels du secteur judiciaire et p\u00e9nitentiaire. Son objectif est de promouvoir une justice tourn\u00e9e vers la r\u00e9insertion, la pr\u00e9vention de la r\u00e9cidive, et la r\u00e9habilitation des personnes condamn\u00e9es, plut\u00f4t que de privil\u00e9gier uniquement la r\u00e9pression.<\/p>\n\n\n\n<p>La F\u00e9d\u00e9ration Citoyens et Justice intervient au niveau l\u00e9gislatif pour influencer les r\u00e9formes de la justice p\u00e9nale, et elle m\u00e8ne des actions de plaidoyer pour obtenir des r\u00e9formes structurantes du syst\u00e8me p\u00e9nitentiaire et judiciaire fran\u00e7ais. Elle est \u00e9galement impliqu\u00e9e dans des projets de r\u00e9insertion et d\u2019accompagnement des anciens d\u00e9tenus, dans une approche globale qui vise \u00e0 restaurer le lien social et \u00e0 favoriser une r\u00e9insertion durable.<\/p>\n\n\n\n<p>Vous trouverez les informations de la f\u00e9d\u00e9ration sur leur&nbsp;<a href=\"https:\/\/www.citoyens-justice.fr\/\">site internet<\/a><\/p>\n","protected":false},"excerpt":{"rendered":"<p>La F\u00e9d\u00e9ration Citoyens et Justice est un r\u00e9seau national d\u2019associations qui milite pour une justice p\u00e9nale plus humaine, \u00e9quitable et respectueuse des droits fondamentaux des individus. Cr\u00e9\u00e9e en 2001, la F\u00e9d\u00e9ration rassemble des acteurs de la soci\u00e9t\u00e9 civile, des citoyens engag\u00e9s, ainsi que des professionnels du secteur judiciaire et p\u00e9nitentiaire. Son objectif est de promouvoir [&hellip;]<\/p>\n","protected":false},"author":4,"featured_media":1802,"parent":1701,"menu_order":0,"comment_status":"closed","ping_status":"closed","template":"","meta":{"_acf_changed":false,"footnotes":""},"class_list":["post-1962","page","type-page","status-publish","has-post-thumbnail","hentry"],"acf":[],"_links":{"self":[{"href":"https:\/\/farapej-1.rezo.pro\/index.php\/wp-json\/wp\/v2\/pages\/1962","targetHints":{"allow":["GET"]}}],"collection":[{"href":"https:\/\/farapej-1.rezo.pro\/index.php\/wp-json\/wp\/v2\/pages"}],"about":[{"href":"https:\/\/farapej-1.rezo.pro\/index.php\/wp-json\/wp\/v2\/types\/page"}],"author":[{"embeddable":true,"href":"https:\/\/farapej-1.rezo.pro\/index.php\/wp-json\/wp\/v2\/users\/4"}],"replies":[{"embeddable":true,"href":"https:\/\/farapej-1.rezo.pro\/index.php\/wp-json\/wp\/v2\/comments?post=1962"}],"version-history":[{"count":1,"href":"https:\/\/farapej-1.rezo.pro\/index.php\/wp-json\/wp\/v2\/pages\/1962\/revisions"}],"predecessor-version":[{"id":1964,"href":"https:\/\/farapej-1.rezo.pro\/index.php\/wp-json\/wp\/v2\/pages\/1962\/revisions\/1964"}],"up":[{"embeddable":true,"href":"https:\/\/farapej-1.rezo.pro\/index.php\/wp-json\/wp\/v2\/pages\/1701"}],"wp:featuredmedia":[{"embeddable":true,"href":"https:\/\/farapej-1.rezo.pro\/index.php\/wp-json\/wp\/v2\/media\/1802"}],"wp:attachment":[{"href":"https:\/\/farapej-1.rezo.pro\/index.php\/wp-json\/wp\/v2\/media?parent=1962"}],"curies":[{"name":"wp","href":"https:\/\/api.w.org\/{rel}","templated":true}]}}