{"id":1966,"date":"2025-10-16T09:50:35","date_gmt":"2025-10-16T07:50:35","guid":{"rendered":"https:\/\/farapej-1.rezo.pro\/?page_id=1966"},"modified":"2025-10-18T18:28:52","modified_gmt":"2025-10-18T16:28:52","slug":"groupe-national-de-concertation-prison","status":"publish","type":"page","link":"https:\/\/farapej-1.rezo.pro\/index.php\/notre-reseau\/partenaires\/nos-partenaires-majeurs\/groupe-national-de-concertation-prison\/","title":{"rendered":"Groupe national de Concertation Prison"},"content":{"rendered":"\n<p>Le Groupe National de Concertation Prison (GNCP) a \u00e9t\u00e9 cr\u00e9\u00e9 en 1996 dans le but de faire conna\u00eetre et de partager les r\u00e9alit\u00e9s du secteur prison\/justice, tant en milieu ferm\u00e9 qu\u2019en milieu ouvert. Il s\u2019agit d\u2019un espace d\u2019\u00e9change informel regroupant des associations, des aum\u00f4neries, et d\u2019autres acteurs engag\u00e9s, afin de favoriser la connaissance mutuelle des actions de terrain, des v\u00e9cus et des parcours des personnes concern\u00e9es par la justice p\u00e9nale, ainsi que des professionnels et b\u00e9n\u00e9voles qui les accompagnent.<\/p>\n\n\n\n<p>Aujourd\u2019hui, le GNCP regroupe de nombreuses associations nationales et des aum\u00f4neries de prison, visant \u00e0 coordonner les efforts autour des pr\u00e9occupations communes de l\u2019accompagnement des personnes incarc\u00e9r\u00e9es et de leurs proches. Le groupe est un lieu privil\u00e9gi\u00e9 pour les \u00e9changes, les partages d\u2019exp\u00e9riences, et la d\u00e9finition d\u2019actions concert\u00e9es sur des probl\u00e9matiques li\u00e9es \u00e0 la justice p\u00e9nale.<\/p>\n\n\n\n<p>Parmi les actions phares du GNCP, on retrouve l\u2019organisation des Journ\u00e9es Nationales Prison (JNP), un \u00e9v\u00e9nement annuel qui se d\u00e9roule pendant la derni\u00e8re semaine de novembre dans plusieurs villes fran\u00e7aises. Ces journ\u00e9es permettent de sensibiliser le public et les autorit\u00e9s \u00e0 la situation des personnes d\u00e9tenues, ainsi qu\u2019aux probl\u00e9matiques sp\u00e9cifiques rencontr\u00e9es par celles et ceux qui \u0153uvrent dans le domaine de la justice p\u00e9nale.<\/p>\n\n\n\n<p>Les membres actuels du GNCP sont les suivants :<\/p>\n\n\n\n<ul class=\"wp-block-list\">\n<li><strong>L\u2019ANVP<\/strong>\u00a0(Association Nationale des Visiteurs de Prison) \u2013\u00a0<a href=\"http:\/\/www.anvp.org\/\">www.anvp.org<\/a><\/li>\n\n\n\n<li><strong>Les Anciens de G\u00e9n\u00e9pi et de Rebond<\/strong><\/li>\n\n\n\n<li><strong>L\u2019Aum\u00f4nerie catholique<\/strong>\u00a0\u2013\u00a0<a href=\"http:\/\/www.prison.cef.fr\/\">www.prison.cef.fr<\/a><\/li>\n\n\n\n<li><strong>L\u2019Aum\u00f4nerie protestante<\/strong>\u00a0\u2013\u00a0<a href=\"http:\/\/www.protestants.org\/\">www.protestants.org<\/a><\/li>\n\n\n\n<li><strong>Auxilia<\/strong>\u00a0\u2013\u00a0<a href=\"https:\/\/www.asso-auxilia.fr\/\">https:\/\/www.asso-auxilia.fr\/<\/a><\/li>\n\n\n\n<li><strong>La Cimade<\/strong>\u00a0\u2013\u00a0<a href=\"http:\/\/www.lacimade.org\/\">www.lacimade.org<\/a><\/li>\n\n\n\n<li><strong>La Croix-Rouge Fran\u00e7aise<\/strong>\u00a0\u2013\u00a0<a>www.croix-rouge.fr<\/a><\/li>\n\n\n\n<li><strong>Le Courrier de Bovet<\/strong>\u00a0\u2013\u00a0<a href=\"https:\/\/www.courrierdebovet.org\/\">https:\/\/www.courrierdebovet.org\/<\/a><\/li>\n\n\n\n<li><strong>La FARAPEJ<\/strong>\u00a0\u2013\u00a0<a href=\"http:\/\/www.farapej.fr\/\">www.farapej.fr<\/a><\/li>\n\n\n\n<li><strong>F\u00e9d\u00e9ration des acteurs de la Solidarit\u00e9<\/strong><\/li>\n\n\n\n<li><strong>La F\u00e9d\u00e9ration Citoyens &amp; Justice<\/strong><\/li>\n\n\n\n<li><strong>Le Secours Catholique<\/strong>\u00a0\u2013\u00a0<a>www.secours-catholique.org<\/a><\/li>\n\n\n\n<li><strong>L\u2019UFRAMA<\/strong>\u00a0\u2013\u00a0<a href=\"https:\/\/www.uframa.org\/\">https:\/\/www.uframa.org\/<\/a><\/li>\n<\/ul>\n\n\n\n<p>Il vous est possible de nous contacter \u00e0 l\u2019adresse contact@gncp.fr<\/p>\n","protected":false},"excerpt":{"rendered":"<p>Le Groupe National de Concertation Prison (GNCP) a \u00e9t\u00e9 cr\u00e9\u00e9 en 1996 dans le but de faire conna\u00eetre et de partager les r\u00e9alit\u00e9s du secteur prison\/justice, tant en milieu ferm\u00e9 qu\u2019en milieu ouvert. Il s\u2019agit d\u2019un espace d\u2019\u00e9change informel regroupant des associations, des aum\u00f4neries, et d\u2019autres acteurs engag\u00e9s, afin de favoriser la connaissance mutuelle des [&hellip;]<\/p>\n","protected":false},"author":4,"featured_media":2107,"parent":1701,"menu_order":0,"comment_status":"closed","ping_status":"closed","template":"","meta":{"_acf_changed":false,"footnotes":""},"class_list":["post-1966","page","type-page","status-publish","has-post-thumbnail","hentry"],"acf":[],"_links":{"self":[{"href":"https:\/\/farapej-1.rezo.pro\/index.php\/wp-json\/wp\/v2\/pages\/1966","targetHints":{"allow":["GET"]}}],"collection":[{"href":"https:\/\/farapej-1.rezo.pro\/index.php\/wp-json\/wp\/v2\/pages"}],"about":[{"href":"https:\/\/farapej-1.rezo.pro\/index.php\/wp-json\/wp\/v2\/types\/page"}],"author":[{"embeddable":true,"href":"https:\/\/farapej-1.rezo.pro\/index.php\/wp-json\/wp\/v2\/users\/4"}],"replies":[{"embeddable":true,"href":"https:\/\/farapej-1.rezo.pro\/index.php\/wp-json\/wp\/v2\/comments?post=1966"}],"version-history":[{"count":1,"href":"https:\/\/farapej-1.rezo.pro\/index.php\/wp-json\/wp\/v2\/pages\/1966\/revisions"}],"predecessor-version":[{"id":1968,"href":"https:\/\/farapej-1.rezo.pro\/index.php\/wp-json\/wp\/v2\/pages\/1966\/revisions\/1968"}],"up":[{"embeddable":true,"href":"https:\/\/farapej-1.rezo.pro\/index.php\/wp-json\/wp\/v2\/pages\/1701"}],"wp:featuredmedia":[{"embeddable":true,"href":"https:\/\/farapej-1.rezo.pro\/index.php\/wp-json\/wp\/v2\/media\/2107"}],"wp:attachment":[{"href":"https:\/\/farapej-1.rezo.pro\/index.php\/wp-json\/wp\/v2\/media?parent=1966"}],"curies":[{"name":"wp","href":"https:\/\/api.w.org\/{rel}","templated":true}]}}