{"id":1970,"date":"2025-10-16T09:52:11","date_gmt":"2025-10-16T07:52:11","guid":{"rendered":"https:\/\/farapej-1.rezo.pro\/?page_id=1970"},"modified":"2025-10-22T07:40:26","modified_gmt":"2025-10-22T05:40:26","slug":"groupes-regionaux-concertation-prison","status":"publish","type":"page","link":"https:\/\/farapej-1.rezo.pro\/index.php\/notre-reseau\/partenaires\/nos-partenaires-majeurs\/groupes-regionaux-concertation-prison\/","title":{"rendered":"Groupes r\u00e9gionaux Concertation Prison"},"content":{"rendered":"\n<p>Les groupes r\u00e9gionaux ou locaux concertation prison sont des collectifs d\u2019associations travaillant \u00e0 sensibiliser sur les questions carc\u00e9rales, en particulier en organisant chaque ann\u00e9e des \u00e9v\u00e9nements dans le cadre des Journ\u00e9es Nationales Prison.<\/p>\n\n\n\n<p>Les GRCP ou GLCP sont des instances issues du GNCP mais sont autonomes.<\/p>\n\n\n\n<p>Quelques GRCP :<\/p>\n\n\n\n<ul class=\"wp-block-list\">\n<li>Collectif Prison 44 (voir et\/ou t\u00e9l\u00e9charger le flyer)<\/li>\n<\/ul>\n\n\n\n<div class=\"wp-block-file\"><a id=\"wp-block-file--media-965b1101-36f6-43c5-8ad6-489dda2bc5f9\" href=\"https:\/\/farapej.fr\/wp-content\/uploads\/2025\/10\/collectif_commentaires_2024_V1_7.pdf\" target=\"_blank\" rel=\"noreferrer noopener\">collectif_commentaires_2024_V1_7<\/a><a href=\"https:\/\/farapej.fr\/wp-content\/uploads\/2025\/10\/collectif_commentaires_2024_V1_7.pdf\" class=\"wp-block-file__button wp-element-button\" download aria-describedby=\"wp-block-file--media-965b1101-36f6-43c5-8ad6-489dda2bc5f9\">T\u00e9l\u00e9charge<\/a><\/div>\n\n\n\n<ul class=\"wp-block-list\">\n<li>GRCP AURA<\/li>\n\n\n\n<li>GRCP Ile-de-France<\/li>\n\n\n\n<li>Groupe local de Concertation Prison d\u2019Aix-en-Provence<\/li>\n<\/ul>\n\n\n\n<p><\/p>\n","protected":false},"excerpt":{"rendered":"<p>Les groupes r\u00e9gionaux ou locaux concertation prison sont des collectifs d\u2019associations travaillant \u00e0 sensibiliser sur les questions carc\u00e9rales, en particulier en organisant chaque ann\u00e9e des \u00e9v\u00e9nements dans le cadre des Journ\u00e9es Nationales Prison. Les GRCP ou GLCP sont des instances issues du GNCP mais sont autonomes. Quelques GRCP :<\/p>\n","protected":false},"author":4,"featured_media":2107,"parent":1701,"menu_order":0,"comment_status":"closed","ping_status":"closed","template":"","meta":{"_acf_changed":false,"footnotes":""},"class_list":["post-1970","page","type-page","status-publish","has-post-thumbnail","hentry"],"acf":[],"_links":{"self":[{"href":"https:\/\/farapej-1.rezo.pro\/index.php\/wp-json\/wp\/v2\/pages\/1970","targetHints":{"allow":["GET"]}}],"collection":[{"href":"https:\/\/farapej-1.rezo.pro\/index.php\/wp-json\/wp\/v2\/pages"}],"about":[{"href":"https:\/\/farapej-1.rezo.pro\/index.php\/wp-json\/wp\/v2\/types\/page"}],"author":[{"embeddable":true,"href":"https:\/\/farapej-1.rezo.pro\/index.php\/wp-json\/wp\/v2\/users\/4"}],"replies":[{"embeddable":true,"href":"https:\/\/farapej-1.rezo.pro\/index.php\/wp-json\/wp\/v2\/comments?post=1970"}],"version-history":[{"count":7,"href":"https:\/\/farapej-1.rezo.pro\/index.php\/wp-json\/wp\/v2\/pages\/1970\/revisions"}],"predecessor-version":[{"id":2341,"href":"https:\/\/farapej-1.rezo.pro\/index.php\/wp-json\/wp\/v2\/pages\/1970\/revisions\/2341"}],"up":[{"embeddable":true,"href":"https:\/\/farapej-1.rezo.pro\/index.php\/wp-json\/wp\/v2\/pages\/1701"}],"wp:featuredmedia":[{"embeddable":true,"href":"https:\/\/farapej-1.rezo.pro\/index.php\/wp-json\/wp\/v2\/media\/2107"}],"wp:attachment":[{"href":"https:\/\/farapej-1.rezo.pro\/index.php\/wp-json\/wp\/v2\/media?parent=1970"}],"curies":[{"name":"wp","href":"https:\/\/api.w.org\/{rel}","templated":true}]}}