{"id":1976,"date":"2025-10-16T09:55:34","date_gmt":"2025-10-16T07:55:34","guid":{"rendered":"https:\/\/farapej-1.rezo.pro\/?page_id=1976"},"modified":"2025-10-18T18:27:43","modified_gmt":"2025-10-18T16:27:43","slug":"prison-insider","status":"publish","type":"page","link":"https:\/\/farapej-1.rezo.pro\/index.php\/notre-reseau\/partenaires\/nos-partenaires-majeurs\/prison-insider\/","title":{"rendered":"Prison Insider"},"content":{"rendered":"\n<p>Prison Insider est une plateforme d\u2019information ind\u00e9pendante, cr\u00e9\u00e9e en 2016, qui a pour objectif de fournir une vision claire et accessible des conditions de d\u00e9tention dans les prisons \u00e0 travers le monde. En tant qu\u2019acteur cl\u00e9 dans le domaine de la justice p\u00e9nale, Prison Insider met en lumi\u00e8re la r\u00e9alit\u00e9 des lieux de privation de libert\u00e9 et plaide pour une am\u00e9lioration des conditions de d\u00e9tention et des droits des personnes incarc\u00e9r\u00e9es. La plateforme s\u2019adresse \u00e0 un large public, allant des citoyens et des professionnels du secteur p\u00e9nitentiaire, aux journalistes, chercheurs et associations engag\u00e9es dans la d\u00e9fense des droits humains. L\u2019un des objectifs principaux de Prison Insider est de donner l\u2019acc\u00e8s \u00e0 des informations fiables sur les prisons.<\/p>\n\n\n\n<p>Vous trouverez toutes leurs informations sur leur&nbsp;<a href=\"https:\/\/www.prison-insider.com\/\">site internet<\/a>. Il est \u00e9galement possible de retrouver des fiches par pays pour vous informer sur les prisons<br>dans le monde et faire des comparaisons entre pays.<\/p>\n","protected":false},"excerpt":{"rendered":"<p>Prison Insider est une plateforme d\u2019information ind\u00e9pendante, cr\u00e9\u00e9e en 2016, qui a pour objectif de fournir une vision claire et accessible des conditions de d\u00e9tention dans les prisons \u00e0 travers le monde. En tant qu\u2019acteur cl\u00e9 dans le domaine de la justice p\u00e9nale, Prison Insider met en lumi\u00e8re la r\u00e9alit\u00e9 des lieux de privation de [&hellip;]<\/p>\n","protected":false},"author":4,"featured_media":1796,"parent":1701,"menu_order":0,"comment_status":"closed","ping_status":"closed","template":"","meta":{"_acf_changed":false,"footnotes":""},"class_list":["post-1976","page","type-page","status-publish","has-post-thumbnail","hentry"],"acf":[],"_links":{"self":[{"href":"https:\/\/farapej-1.rezo.pro\/index.php\/wp-json\/wp\/v2\/pages\/1976","targetHints":{"allow":["GET"]}}],"collection":[{"href":"https:\/\/farapej-1.rezo.pro\/index.php\/wp-json\/wp\/v2\/pages"}],"about":[{"href":"https:\/\/farapej-1.rezo.pro\/index.php\/wp-json\/wp\/v2\/types\/page"}],"author":[{"embeddable":true,"href":"https:\/\/farapej-1.rezo.pro\/index.php\/wp-json\/wp\/v2\/users\/4"}],"replies":[{"embeddable":true,"href":"https:\/\/farapej-1.rezo.pro\/index.php\/wp-json\/wp\/v2\/comments?post=1976"}],"version-history":[{"count":1,"href":"https:\/\/farapej-1.rezo.pro\/index.php\/wp-json\/wp\/v2\/pages\/1976\/revisions"}],"predecessor-version":[{"id":1977,"href":"https:\/\/farapej-1.rezo.pro\/index.php\/wp-json\/wp\/v2\/pages\/1976\/revisions\/1977"}],"up":[{"embeddable":true,"href":"https:\/\/farapej-1.rezo.pro\/index.php\/wp-json\/wp\/v2\/pages\/1701"}],"wp:featuredmedia":[{"embeddable":true,"href":"https:\/\/farapej-1.rezo.pro\/index.php\/wp-json\/wp\/v2\/media\/1796"}],"wp:attachment":[{"href":"https:\/\/farapej-1.rezo.pro\/index.php\/wp-json\/wp\/v2\/media?parent=1976"}],"curies":[{"name":"wp","href":"https:\/\/api.w.org\/{rel}","templated":true}]}}