{"id":20,"date":"2025-09-23T09:13:57","date_gmt":"2025-09-23T07:13:57","guid":{"rendered":"https:\/\/farapej-1.rezo.pro\/?page_id=20"},"modified":"2025-11-07T16:53:13","modified_gmt":"2025-11-07T15:53:13","slug":"presentation-generale","status":"publish","type":"page","link":"https:\/\/farapej-1.rezo.pro\/index.php\/notre-identite\/presentation-generale\/","title":{"rendered":"L&rsquo;histoire de la F\u00e9d\u00e9ration"},"content":{"rendered":"\n<p>La FARAPEJ, F\u00c9D\u00c9RATION des ASSOCIATIONS R\u00c9FLEXION, ACTION, PRISON et JUSTICE, fond\u00e9e d\u00e8s le d\u00e9but des ann\u00e9es 1980 par le conseil d&rsquo;administration de l&rsquo;ARAPEJ \u00cele-de-France pr\u00e9sid\u00e9 par le pasteur Jean Hoibian, aum\u00f4nier des prisons, est n\u00e9e de la r\u00e9union de huit associations \u0153uvrant aupr\u00e8s des personnes d\u00e9tenues ou sortant de prison et de leurs familles. Avec le parrainage de 51 personnalit\u00e9s s&rsquo;int\u00e9ressant aux questions judiciaires et p\u00e9nitentiaires, ses premiers statuts ont \u00e9t\u00e9 d\u00e9pos\u00e9s le 6 avril 1991. Ses statuts actuels datent de juin 2010.<\/p>\n\n\n\n<p>Depuis 25 ans, la FARAPEJ est <strong>L<\/strong>a f\u00e9d\u00e9ration regroupant les associations qui agissent tout au long de la \u00a0\u00bb cha\u00eene p\u00e9nale\u00a0\u00bb, des poursuites \u00e0 la sortie de prison. Ce caract\u00e8re g\u00e9n\u00e9raliste permet \u00e0 la F\u00e9d\u00e9ration d\u2019<strong>appr\u00e9hender globalement les questions prison-justice<\/strong>, contribuant \u00e0<strong>&nbsp;transformer les exp\u00e9riences particuli\u00e8res en savoirs collectifs<\/strong>, favorisant les rencontres et suscitant des projets communs entre les associations membres.<\/p>\n\n\n\n<p>En 2019, la FARAPEJ a adopt\u00e9 un&nbsp;<strong>nouveau projet associatif f\u00e9d\u00e9ral<\/strong>. Vous pouvez le t\u00e9l\u00e9charger ci-dessous.<\/p>\n\n\n\n<div class=\"wp-block-file\"><a id=\"wp-block-file--media-20f6bbe4-0190-4244-aa5f-79758806f0bd\" href=\"\/wp-content\/uploads\/2025\/09\/projet-associatif-AG2019-good.pdf\">projet-associatif-AG2019 good<\/a><a href=\"\/wp-content\/uploads\/2025\/09\/projet-associatif-AG2019-good.pdf\" class=\"wp-block-file__button wp-element-button\" download aria-describedby=\"wp-block-file--media-20f6bbe4-0190-4244-aa5f-79758806f0bd\">T\u00e9l\u00e9charger<\/a><\/div>\n\n\n\n<p><\/p>\n","protected":false},"excerpt":{"rendered":"<p>La FARAPEJ, F\u00c9D\u00c9RATION des ASSOCIATIONS R\u00c9FLEXION, ACTION, PRISON et JUSTICE, fond\u00e9e d\u00e8s le d\u00e9but des ann\u00e9es 1980 par le conseil d&rsquo;administration de l&rsquo;ARAPEJ \u00cele-de-France pr\u00e9sid\u00e9 par le pasteur Jean Hoibian, aum\u00f4nier des prisons, est n\u00e9e de la r\u00e9union de huit associations \u0153uvrant aupr\u00e8s des personnes d\u00e9tenues ou sortant de prison et de leurs familles. Avec [&hellip;]<\/p>\n","protected":false},"author":1,"featured_media":2379,"parent":36,"menu_order":20,"comment_status":"closed","ping_status":"closed","template":"","meta":{"_acf_changed":false,"footnotes":""},"class_list":["post-20","page","type-page","status-publish","has-post-thumbnail","hentry"],"acf":[],"_links":{"self":[{"href":"https:\/\/farapej-1.rezo.pro\/index.php\/wp-json\/wp\/v2\/pages\/20","targetHints":{"allow":["GET"]}}],"collection":[{"href":"https:\/\/farapej-1.rezo.pro\/index.php\/wp-json\/wp\/v2\/pages"}],"about":[{"href":"https:\/\/farapej-1.rezo.pro\/index.php\/wp-json\/wp\/v2\/types\/page"}],"author":[{"embeddable":true,"href":"https:\/\/farapej-1.rezo.pro\/index.php\/wp-json\/wp\/v2\/users\/1"}],"replies":[{"embeddable":true,"href":"https:\/\/farapej-1.rezo.pro\/index.php\/wp-json\/wp\/v2\/comments?post=20"}],"version-history":[{"count":12,"href":"https:\/\/farapej-1.rezo.pro\/index.php\/wp-json\/wp\/v2\/pages\/20\/revisions"}],"predecessor-version":[{"id":2434,"href":"https:\/\/farapej-1.rezo.pro\/index.php\/wp-json\/wp\/v2\/pages\/20\/revisions\/2434"}],"up":[{"embeddable":true,"href":"https:\/\/farapej-1.rezo.pro\/index.php\/wp-json\/wp\/v2\/pages\/36"}],"wp:featuredmedia":[{"embeddable":true,"href":"https:\/\/farapej-1.rezo.pro\/index.php\/wp-json\/wp\/v2\/media\/2379"}],"wp:attachment":[{"href":"https:\/\/farapej-1.rezo.pro\/index.php\/wp-json\/wp\/v2\/media?parent=20"}],"curies":[{"name":"wp","href":"https:\/\/api.w.org\/{rel}","templated":true}]}}