{"id":2001,"date":"2025-10-16T11:27:22","date_gmt":"2025-10-16T09:27:22","guid":{"rendered":"https:\/\/farapej-1.rezo.pro\/?page_id=2001"},"modified":"2025-10-20T16:18:17","modified_gmt":"2025-10-20T14:18:17","slug":"fondation-de-france","status":"publish","type":"page","link":"https:\/\/farapej-1.rezo.pro\/index.php\/notre-reseau\/partenaires\/nos-collaborations\/fondation-de-france\/","title":{"rendered":"Fondation de France"},"content":{"rendered":"\n<p>La Fondation de France soutient la FARAPEJ pour des projets qui visent \u00e0 am\u00e9liorer la r\u00e9insertion des personnes d\u00e9tenues, notamment \u00e0 travers des programmes de formation et de sensibilisation. En soutenant la FARAPEJ, la Fondation de France s\u2019engage aux c\u00f4t\u00e9s d\u2019acteurs de terrain pour favoriser une justice plus \u00e9quitable, inclusive et humaine<\/p>\n","protected":false},"excerpt":{"rendered":"<p>La Fondation de France soutient la FARAPEJ pour des projets qui visent \u00e0 am\u00e9liorer la r\u00e9insertion des personnes d\u00e9tenues, notamment \u00e0 travers des programmes de formation et de sensibilisation. En soutenant la FARAPEJ, la Fondation de France s\u2019engage aux c\u00f4t\u00e9s d\u2019acteurs de terrain pour favoriser une justice plus \u00e9quitable, inclusive et humaine<\/p>\n","protected":false},"author":4,"featured_media":1761,"parent":1720,"menu_order":4,"comment_status":"closed","ping_status":"closed","template":"","meta":{"_acf_changed":false,"footnotes":""},"class_list":["post-2001","page","type-page","status-publish","has-post-thumbnail","hentry"],"acf":[],"_links":{"self":[{"href":"https:\/\/farapej-1.rezo.pro\/index.php\/wp-json\/wp\/v2\/pages\/2001","targetHints":{"allow":["GET"]}}],"collection":[{"href":"https:\/\/farapej-1.rezo.pro\/index.php\/wp-json\/wp\/v2\/pages"}],"about":[{"href":"https:\/\/farapej-1.rezo.pro\/index.php\/wp-json\/wp\/v2\/types\/page"}],"author":[{"embeddable":true,"href":"https:\/\/farapej-1.rezo.pro\/index.php\/wp-json\/wp\/v2\/users\/4"}],"replies":[{"embeddable":true,"href":"https:\/\/farapej-1.rezo.pro\/index.php\/wp-json\/wp\/v2\/comments?post=2001"}],"version-history":[{"count":2,"href":"https:\/\/farapej-1.rezo.pro\/index.php\/wp-json\/wp\/v2\/pages\/2001\/revisions"}],"predecessor-version":[{"id":2283,"href":"https:\/\/farapej-1.rezo.pro\/index.php\/wp-json\/wp\/v2\/pages\/2001\/revisions\/2283"}],"up":[{"embeddable":true,"href":"https:\/\/farapej-1.rezo.pro\/index.php\/wp-json\/wp\/v2\/pages\/1720"}],"wp:featuredmedia":[{"embeddable":true,"href":"https:\/\/farapej-1.rezo.pro\/index.php\/wp-json\/wp\/v2\/media\/1761"}],"wp:attachment":[{"href":"https:\/\/farapej-1.rezo.pro\/index.php\/wp-json\/wp\/v2\/media?parent=2001"}],"curies":[{"name":"wp","href":"https:\/\/api.w.org\/{rel}","templated":true}]}}