{"id":208,"date":"2025-09-26T11:42:11","date_gmt":"2025-09-26T09:42:11","guid":{"rendered":"https:\/\/farapej-1.rezo.pro\/?page_id=208"},"modified":"2025-11-04T17:44:06","modified_gmt":"2025-11-04T16:44:06","slug":"les-statuts","status":"publish","type":"page","link":"https:\/\/farapej-1.rezo.pro\/index.php\/notre-identite\/les-statuts\/","title":{"rendered":"Les statuts de la FARAPEJ"},"content":{"rendered":"\n<h2 class=\"wp-block-heading is-style-default\">Titre I &#8211; Dispositions Fondamentales<\/h2>\n\n\n\n<h3 class=\"wp-block-heading\">Article 1 &#8211; Forme<\/h3>\n\n\n\n<p>Il est form\u00e9 entre les adh\u00e9rents aux pr\u00e9sents statuts une F\u00e9d\u00e9ration d\u2019Associations, r\u00e9gie par la Loi du 1er juillet 1901, le d\u00e9cret du 16 ao\u00fbt 1901 et toutes prescriptions l\u00e9gislatives et r\u00e9glementaires en vigueur ainsi que les pr\u00e9sents statuts. Sa dur\u00e9e est illimit\u00e9e.<\/p>\n\n\n\n<h3 class=\"wp-block-heading is-style-default\">Article 2 &#8211; D\u00e9nomination<\/h3>\n\n\n\n<p>La d\u00e9nomination de la F\u00e9d\u00e9ration d\u2019Associations est :<\/p>\n\n\n\n<p><strong>FARAPEJ (F\u00e9d\u00e9ration des Associations R\u00e9flexion Action Prison Et Justice)<\/strong><\/p>\n\n\n\n<p>Le Si\u00e8ge est fix\u00e9 \u00e0 PARIS. Il pourra \u00eatre transf\u00e9r\u00e9 en tout endroit de FRANCE par simple d\u00e9cision du Conseil d\u2019Administration. Son transfert \u00e0 l\u2019\u00e9tranger ne pourra intervenir qu\u2019apr\u00e8s approbation de l\u2019Assembl\u00e9e G\u00e9n\u00e9rale. Des bureaux administratifs pourront \u00eatre ouverts en province et \u00e0 l\u2019\u00e9tranger.<\/p>\n\n\n\n<h3 class=\"wp-block-heading\">Article 3 &#8211; Buts<\/h3>\n\n\n\n<p>La F\u00e9d\u00e9ration a pour but, par le rassemblement d&rsquo;Associations, de groupements d\u2019Associations ou de personnes physiques, s\u2019appuyant sur la D\u00e9claration des Droits de l\u2019Homme, de contribuer \u00e0 l\u2019am\u00e9lioration du fonctionnement de la Justice et des forces de l\u2019ordre et d&rsquo;agir pour limiter les effets destructeurs de la prison.<\/p>\n\n\n\n<p>A cette fin, la F\u00e9d\u00e9ration, avec ses membres, agira pour :<\/p>\n\n\n\n<ul class=\"wp-block-list\">\n<li>mener des actions en faveur des personnes d\u00e9tenues, de leurs enfants et de leurs familles,<\/li>\n\n\n\n<li>mener des actions en vue d\u2019aider les sortants de prison \u00e0 trouver une place dans la soci\u00e9t\u00e9,<\/li>\n\n\n\n<li>mener des actions en faveur des victimes de la d\u00e9linquance, des victimes de l\u2019injustice, de la r\u00e9pression et de l\u2019exclusion sociale,<\/li>\n\n\n\n<li>d\u00e9velopper des missions dans le cadre de l&rsquo;Insertion et de la Probation (enqu\u00eate rapide, contr\u00f4le judiciaire socio-\u00e9ducatif, travail d\u2019int\u00e9r\u00eat g\u00e9n\u00e9ral, chantiers ext\u00e9rieurs, m\u00e9diation conciliation, etc&#8230;),<\/li>\n\n\n\n<li>proposer une formation en mati\u00e8re de prison, de justice, de marginalit\u00e9 et de droits des victimes,<\/li>\n\n\n\n<li>stimuler une r\u00e9flexion \u00e0 propos de la justice p\u00e9nale, de la prison et plus g\u00e9n\u00e9ralement de la justice sociale,<\/li>\n\n\n\n<li>mener des actions de pr\u00e9vention de la d\u00e9linquance,<\/li>\n\n\n\n<li>faire \u00e9voluer l\u2019opinion,<\/li>\n\n\n\n<li>interpeller les Pouvoirs Publics,<\/li>\n\n\n\n<li>entretenir des relations avec des organisations fran\u00e7aises ou internationales et des Associations fran\u00e7aises ou \u00e9trang\u00e8res poursuivant des objectifs similaires aux siens,<\/li>\n\n\n\n<li>organiser et soutenir des actions de publication, de communication ou d&rsquo;\u00e9tude.<\/li>\n<\/ul>\n\n\n\n<p>La F\u00e9d\u00e9ration pourra mener toute autre initiative contribuant \u00e0 la r\u00e9alisation de son objet.<\/p>\n\n\n\n<p>Pour atteindre ces objectifs, la F\u00e9d\u00e9ration pourra d\u00e9velopper des partenariats avec les institutions publiques (en particulier l&rsquo;administration p\u00e9nitentiaire) et les diff\u00e9rents acteurs du champ p\u00e9nal, judiciaire, social et des Droits de l&rsquo;Homme.<\/p>\n\n\n\n<h3 class=\"wp-block-heading\">Article 4 \u2013 Ressources<\/h3>\n\n\n\n<p>Les ressources de la F\u00e9d\u00e9ration se composent :<\/p>\n\n\n\n<ol class=\"wp-block-list\">\n<li>des cotisations et des dons des membres,<\/li>\n\n\n\n<li>des subventions des Minist\u00e8res et Organismes de Tutelle, des \u00c9tablissements Publics,<\/li>\n\n\n\n<li>du produit des r\u00e9tributions per\u00e7ues pour services rendus,<\/li>\n\n\n\n<li>des dons de personnes d\u00e9sireuses de soutenir la F\u00e9d\u00e9ration,<\/li>\n\n\n\n<li>de toutes ressources autoris\u00e9es par les lois en vigueur.<\/li>\n<\/ol>\n\n\n\n<h3 class=\"wp-block-heading\">Article 5 &#8211; R\u00e8glement int\u00e9rieur<\/h3>\n\n\n\n<p>Un r\u00e8glement int\u00e9rieur peut \u00eatre \u00e9tabli par le Conseil d\u2019Administration qui le fait ensuite approuver par l\u2019Assembl\u00e9e G\u00e9n\u00e9rale.<\/p>\n\n\n\n<h2 class=\"wp-block-heading\">Titre II &#8211; Des membres<\/h2>\n\n\n\n<h3 class=\"wp-block-heading\">Article 6 \u2013 Composition<\/h3>\n\n\n\n<p>La F\u00e9d\u00e9ration se compose de membres actifs, de membres associ\u00e9s et de membres individuels.<\/p>\n\n\n\n<ol style=\"list-style-type:lower-alpha\" class=\"wp-block-list\">\n<li>Sont membres actifs les Associations ou groupements d\u2019Associations qui se sont engag\u00e9s \u00e0 participer effectivement aux diff\u00e9rentes activit\u00e9s de la F\u00e9d\u00e9ration.<\/li>\n\n\n\n<li>Sont membres associ\u00e9s les Associations, d\u00e9clar\u00e9es ou non, et les groupements d\u2019Associations qui participent aux r\u00e9unions de la F\u00e9d\u00e9ration, b\u00e9n\u00e9ficient des \u00e9changes et de la formation, mais ne se veulent pas engag\u00e9s par ses d\u00e9cisions. Leurs repr\u00e9sentants ne participent pas aux votes.<\/li>\n\n\n\n<li>Sont membres individuels les personnes physiques qui adh\u00e8rent aux objectifs de la F\u00e9d\u00e9ration et participent \u00e0 ses actions.<\/li>\n<\/ol>\n\n\n\n<h3 class=\"wp-block-heading\">Article 7 \u2013 Adh\u00e9sion<\/h3>\n\n\n\n<p>La demande d\u2019adh\u00e9sion \u00e0 la F\u00e9d\u00e9ration, soit comme membre actif, soit comme membre associ\u00e9 implique l\u2019obligation de fournir les documents demand\u00e9s par le Conseil d\u2019Administration et l\u2019acceptation sans r\u00e9serve des buts tels qu\u2019ils sont d\u00e9crits \u00e0 l\u2019article 3 des Statuts. Le Conseil d&rsquo;Administration \u00e9tudie ces demandes d&rsquo;adh\u00e9sion et statue sur celles-ci. Les associations adh\u00e9rentes s&rsquo;engagent \u00e0 transmettre chaque ann\u00e9e au bureau des informations sur leurs activit\u00e9s.<\/p>\n\n\n\n<p>Les demandes d&rsquo;adh\u00e9sion \u00e0 la F\u00e9d\u00e9ration comme membre individuel sont adress\u00e9es au bureau qui \u00e9tudie ces demandes et les valide. Il notifie et justifie sa d\u00e9cision au Conseil d&rsquo;Administration.<\/p>\n\n\n\n<p>L&rsquo;adh\u00e9sion \u00e0 la F\u00e9d\u00e9ration ne devient d\u00e9finitive qu&rsquo;apr\u00e8s versement de la cotisation.<\/p>\n\n\n\n<h3 class=\"wp-block-heading\">Article 8 \u2013 Cotisations<\/h3>\n\n\n\n<p>Tous les membres versent une cotisation annuelle. Les modalit\u00e9s et les montants des cotisations, pour les membres actifs ou associ\u00e9s d&rsquo;une part, pour les membres individuels d&rsquo;autre part, sont fix\u00e9s annuellement par l\u2019Assembl\u00e9e G\u00e9n\u00e9rale sur proposition du Conseil d&rsquo;Administration.<\/p>\n\n\n\n<h3 class=\"wp-block-heading\">Article 9 &#8211; D\u00e9mission ou radiation des membres<\/h3>\n\n\n\n<p>La qualit\u00e9 de membre se perd&nbsp;:<\/p>\n\n\n\n<ol class=\"wp-block-list\">\n<li>par d\u00e9mission,<\/li>\n\n\n\n<li>par radiation prononc\u00e9e par le Conseil d\u2019Administration, \u00e0 la majorit\u00e9 des 2\/3 de ses membres, pour motifs graves ou non-paiement des cotisations,<\/li>\n\n\n\n<li>par dissolution pour les membres actifs ou associ\u00e9s,<\/li>\n\n\n\n<li>par d\u00e9c\u00e8s pour les membres individuels.<\/li>\n<\/ol>\n\n\n\n<h2 class=\"wp-block-heading\">Titre III \u2013 Du Conseil d&rsquo;Administration et du Bureau<\/h2>\n\n\n\n<h3 class=\"wp-block-heading\">Article 10 \u2013 Conseil d\u2019administration<\/h3>\n\n\n\n<p>La F\u00e9d\u00e9ration est administr\u00e9e par un Conseil d&rsquo;Administration compos\u00e9 de repr\u00e9sentants des Associations membres actifs et de repr\u00e9sentants des membres individuels \u00e9lus en Assembl\u00e9e G\u00e9n\u00e9rale Ordinaire pour une dur\u00e9e de trois ans renouvelable. Le renouvellement du Conseil d&rsquo;administration s&rsquo;effectue chaque ann\u00e9e par tiers.<\/p>\n\n\n\n<p>Le Conseil d&rsquo;Administration est compos\u00e9 de 6 \u00e0 18 membres, constitu\u00e9 d&rsquo;au plus 12 membres \u00e9lus par le coll\u00e8ge des Associations, parmi les repr\u00e9sentants des associations membres actifs, et d&rsquo;au plus 6 membres \u00e9lus par le coll\u00e8ge des Adh\u00e9rents, parmi les membres individuels.<\/p>\n\n\n\n<p>Par ailleurs, le nombre d&rsquo;administrateurs issus du coll\u00e8ge des Associations ne peut \u00eatre inf\u00e9rieur au nombre d&rsquo;administrateurs issus du coll\u00e8ge des Adh\u00e9rents et nul ne peut \u00eatre membre du Conseil d&rsquo;Administration au titre des deux coll\u00e8ges \u00e0 la fois.<\/p>\n\n\n\n<p>Le Conseil a en outre la possibilit\u00e9 de co-opter jusqu&rsquo;\u00e0 3 membres, pour une dur\u00e9e d&rsquo;un an non renouvelable.<\/p>\n\n\n\n<p>Pour la validit\u00e9 des d\u00e9cisions du Conseil d\u2019Administration, la repr\u00e9sentation de la moiti\u00e9 plus un des membres le composant est n\u00e9cessaire. Les d\u00e9cisions sont prises \u00e0 la majorit\u00e9 des votants, procurations comprises. En cas de partage des voix, celle du Pr\u00e9sident est pr\u00e9pond\u00e9rante.<\/p>\n\n\n\n<p>Le Conseil d&rsquo;Administration assure la gestion de la F\u00e9d\u00e9ration. En particulier, il vote le budget pr\u00e9visionnel de la f\u00e9d\u00e9ration, examine les demandes d&rsquo;adh\u00e9sion d&rsquo;associations et fait une proposition de montant de cotisation \u00e0 l&rsquo;Assembl\u00e9e G\u00e9n\u00e9rale Ordinaire. Il \u00e9tablit chaque ann\u00e9e un rapport moral et un rapport financier soumis \u00e0 l\u2019approbation de l\u2019Assembl\u00e9e G\u00e9n\u00e9rale Ordinaire. Il peut \u00e9galement \u00e9tablir ou modifier un r\u00e8glement int\u00e9rieur qu&rsquo;il fait alors approuver par l&rsquo;Assembl\u00e9e G\u00e9n\u00e9rale Ordinaire. Le Conseil d&rsquo;Administration examine \u00e9galement les points r\u00e9guli\u00e8rement inscrits \u00e0 son ordre du jour.<\/p>\n\n\n\n<p>Le Conseil d\u2019Administration se r\u00e9unit sur convocation du Pr\u00e9sident ou \u00e0 la demande de la majorit\u00e9 de ses membres.<\/p>\n\n\n\n<p>Chaque r\u00e9union du Conseil d\u2019Administration doit faire l\u2019objet d\u2019un proc\u00e8s-verbal, lequel sera sign\u00e9 par le Pr\u00e9sident<\/p>\n\n\n\n<h3 class=\"wp-block-heading\">Article 11 \u2013 Bureau<\/h3>\n\n\n\n<p>Le Conseil d\u2019Administration \u00e9lit tous les ans, en son sein, un Bureau compos\u00e9 d\u2019un pr\u00e9sident, d&rsquo;un secr\u00e9taire, d&rsquo;un tr\u00e9sorier et, \u00e9ventuellement, d&rsquo;un ou deux vice-pr\u00e9sidents, d&rsquo;un secr\u00e9taire adjoint, d&rsquo;un tr\u00e9sorier adjoint et d&rsquo;assesseurs, sans que le nombre de membres du bureau ne puisse d\u00e9passer la moiti\u00e9 de celui du Conseil d&rsquo;Administration.<\/p>\n\n\n\n<p>Le bureau de la F\u00e9d\u00e9ration tient lieu de bureau du conseil d&rsquo;administration ainsi que de bureau des Assembl\u00e9es G\u00e9n\u00e9rales.<\/p>\n\n\n\n<p>Le bureau se r\u00e9unit sur convocation du pr\u00e9sident ou \u00e0 la demande de la majorit\u00e9 de ses membres. Chaque r\u00e9union du bureau doit faire l&rsquo;objet d&rsquo;un proc\u00e8s-verbal qui sera transmis au Conseil d&rsquo;Administration.<\/p>\n\n\n\n<h3 class=\"wp-block-heading\">Article 12- D\u00e9l\u00e9gu\u00e9s R\u00e9gionaux<\/h3>\n\n\n\n<p>Des d\u00e9l\u00e9gu\u00e9s r\u00e9gionaux, d\u00e9sign\u00e9s par le bureau, ont pour vocation d&rsquo;animer la F\u00e9d\u00e9ration et de la repr\u00e9senter au niveau r\u00e9gional.<\/p>\n\n\n\n<p>Le Conseil d&rsquo;Administration peut convier les d\u00e9l\u00e9gu\u00e9s r\u00e9gionaux \u00e0 ses r\u00e9unions.<\/p>\n\n\n\n<h3 class=\"wp-block-heading\">Article 13 \u2013 Frais<\/h3>\n\n\n\n<p>Des remboursements de frais sont possibles apr\u00e8s accord du Bureau et sur pr\u00e9sentation de pi\u00e8ces justificatives.<\/p>\n\n\n\n<p>Les membres du Bureau ou du Conseil d&rsquo;Administration ne peuvent recevoir aucune r\u00e9tribution pour les missions qui leur sont confi\u00e9es.<\/p>\n\n\n\n<h2 class=\"wp-block-heading\">Titre IV \u2013 Des Assembl\u00e9es G\u00e9n\u00e9rales<\/h2>\n\n\n\n<h3 class=\"wp-block-heading\">Article 14 &#8211; Composition des Assembl\u00e9es G\u00e9n\u00e9rales<\/h3>\n\n\n\n<p>Les Assembl\u00e9es G\u00e9n\u00e9rales sont constitu\u00e9es de deux coll\u00e8ges, le coll\u00e8ge des Associations et le coll\u00e8ge des Adh\u00e9rents individuels. Le coll\u00e8ge des Associations est constitu\u00e9 de d\u00e9l\u00e9gu\u00e9s des associations membres actifs. Chaque Association membre actif est repr\u00e9sent\u00e9e par un d\u00e9l\u00e9gu\u00e9 et un suppl\u00e9ant qu&rsquo;elle d\u00e9signe librement. Quelle que soit son importance, chaque Association membre actif dispose d&rsquo;une voix d\u00e9lib\u00e9rative au sein du coll\u00e8ge des Associations. Le coll\u00e8ge des Adh\u00e9rents individuels est constitu\u00e9 de l&rsquo;ensemble des adh\u00e9rents individuels.<\/p>\n\n\n\n<p>Les votes d&rsquo;Assembl\u00e9e G\u00e9n\u00e9rale s&rsquo;effectuent par coll\u00e8ge. Si un membre individuel est d\u00e9sign\u00e9 comme d\u00e9l\u00e9gu\u00e9 par une association, il conserve la possibilit\u00e9 d&rsquo;exercer son vote dans le coll\u00e8ge des Adh\u00e9rents individuels.<\/p>\n\n\n\n<p>Les membres associ\u00e9s sont invit\u00e9s aux Assembl\u00e9es G\u00e9n\u00e9rales. Ils peuvent prendre la parole mais ne participent pas aux votes.<\/p>\n\n\n\n<h3 class=\"wp-block-heading\">Article 15 &#8211; Assembl\u00e9e G\u00e9n\u00e9rale Ordinaire<\/h3>\n\n\n\n<p>Les membres de chaque coll\u00e8ge ont une voix d\u00e9cisionnelle \u00e0 l&rsquo;Assembl\u00e9e G\u00e9n\u00e9rale Ordinaire. Un membre peut donner pouvoir \u00e0 un autre membre de le repr\u00e9senter \u00e0 une Assembl\u00e9e G\u00e9n\u00e9rale Ordinaire, \u00e0 condition que ce pouvoir soit donn\u00e9 par \u00e9crit, \u00e9tant pr\u00e9cis\u00e9 que les mandataires ne peuvent d\u00e9tenir plus de trois mandats.<\/p>\n\n\n\n<p>L\u2019Assembl\u00e9e G\u00e9n\u00e9rale Ordinaire se r\u00e9unit au moins une fois par an et chaque fois qu\u2019elle est convoqu\u00e9e par le Conseil d\u2019Administration ou sur demande de la moiti\u00e9 au moins de l\u2019ensemble des membres des associations membres actifs. Elle d\u00e9lib\u00e8re sur toute question inscrite \u00e0 l\u2019ordre du jour ne relevant pas de la comp\u00e9tence exclusive de l&rsquo;AGE.<\/p>\n\n\n\n<p>Pour d\u00e9lib\u00e9rer valablement, l\u2019Assembl\u00e9e G\u00e9n\u00e9rale Ordinaire doit r\u00e9unir le tiers au moins des membres actifs, procurations comprises, et le dizi\u00e8me au moins des membres individuels, procurations comprises.<\/p>\n\n\n\n<p>Les rapports moral et financier, pr\u00e9sent\u00e9s par le Conseil d&rsquo;Administration, sont soumis \u00e0 l\u2019approbation de l\u2019Assembl\u00e9e G\u00e9n\u00e9rale. Ceux-ci doivent \u00eatre approuv\u00e9s par le coll\u00e8ge des associations membres actifs, \u00e0 la majorit\u00e9 des pr\u00e9sents ou repr\u00e9sent\u00e9s plus une voix.<\/p>\n\n\n\n<p>L&rsquo;AGO pourvoit chaque ann\u00e9e au renouvellement du tiers du Conseil d\u2019Administration, chaque coll\u00e8ge \u00e9lisant les administrateurs lui correspondant.<\/p>\n\n\n\n<p>Le coll\u00e8ge des associations adh\u00e9rentes fixe les montants des cotisations sur proposition du Conseil d&rsquo;Administration et approuve les modifications du r\u00e8glement int\u00e9rieur propos\u00e9es par le CA.<\/p>\n\n\n\n<p>Les d\u00e9cisions de l\u2019Assembl\u00e9e G\u00e9n\u00e9rale Ordinaire doivent \u00eatre prises \u00e0 la majorit\u00e9 absolue des votants de chaque coll\u00e8ge (mandats compris) au premier tour et, si cette majorit\u00e9 n\u2019est pas atteinte, \u00e0 la majorit\u00e9 relative au second tour. Le r\u00e8glement int\u00e9rieur d\u00e9termine les modalit\u00e9s de scrutin dans les cas qui ne sont pas pr\u00e9vus dans les pr\u00e9sents statuts.<\/p>\n\n\n\n<h3 class=\"wp-block-heading\">Article 16 &#8211; Assembl\u00e9e G\u00e9n\u00e9rale Extraordinaire<\/h3>\n\n\n\n<p>L\u2019Assembl\u00e9e G\u00e9n\u00e9rale Extraordinaire a la m\u00eame composition qu\u2019une Assembl\u00e9e G\u00e9n\u00e9rale Ordinaire. Le coll\u00e8ge des Associations y a voix d\u00e9cisionnelle tandis que le coll\u00e8ge des Adh\u00e9rents n&rsquo;y a que voix consultative.<\/p>\n\n\n\n<p>L&rsquo;AGE est convoqu\u00e9e sur d\u00e9cision du Conseil d\u2019Administration ou sur demande des 2\/3 des membres. Les convocations doivent \u00eatre adress\u00e9es aux membres de l\u2019Assembl\u00e9e G\u00e9n\u00e9rale 15 jours au moins avant la r\u00e9union. Les membres emp\u00each\u00e9s peuvent s\u2019y faire repr\u00e9senter par n\u2019importe quel membre mandat\u00e9 par un pouvoir r\u00e9gulier. Le mandataire ne peut d\u00e9tenir plus de trois mandats.<\/p>\n\n\n\n<p>Pour d\u00e9lib\u00e9rer valablement, l&rsquo;Assembl\u00e9e G\u00e9n\u00e9rale Extraordinaire doit r\u00e9unir au moins la moiti\u00e9 des membres actifs, pr\u00e9sents ou repr\u00e9sent\u00e9s. Les d\u00e9cisions sont alors prises \u00e0 la majorit\u00e9 des membres pr\u00e9sents. Si le quorum n\u2019est pas atteint, l\u2019Assembl\u00e9e G\u00e9n\u00e9rale Extraordinaire est convoqu\u00e9e \u00e0 nouveau, \u00e0 15 jours d\u2019intervalle. L\u2019Assembl\u00e9e G\u00e9n\u00e9rale Extraordinaire peut alors d\u00e9lib\u00e9rer sans quorum, la r\u00e8gle de la majorit\u00e9 qualifi\u00e9e s&rsquo;applique alors aux scrutins.<\/p>\n\n\n\n<p>L\u2019Assembl\u00e9e G\u00e9n\u00e9rale Extraordinaire a pour attributions de modifier les Statuts ou de dissoudre la F\u00e9d\u00e9ration.<\/p>\n\n\n\n<h3 class=\"wp-block-heading\">Article 17 &#8211; Dissolution<\/h3>\n\n\n\n<p>La dissolution de la F\u00e9d\u00e9ration ne peut intervenir que par le vote des 2\/3 des membres actifs, r\u00e9unis en Assembl\u00e9e G\u00e9n\u00e9rale Extraordinaire convoqu\u00e9e sp\u00e9cialement \u00e0 cet effet. En cas de dissolution, l\u2019Assembl\u00e9e G\u00e9n\u00e9rale attribue l\u2019actif net \u00e0 un ou plusieurs \u00e9tablissements, ou Mouvement associatif, poursuivant des buts similaires.<\/p>\n\n\n\n<h5 class=\"wp-block-heading\"><strong>Vous pouvez t\u00e9l\u00e9charger les statuts sign\u00e9s ci-apr\u00e8s<\/strong><\/h5>\n\n\n\n<div class=\"wp-block-file\"><a id=\"wp-block-file--media-63782e8e-239f-4f9c-93cf-e1952c45d6d2\" href=\"\/wp-content\/uploads\/2025\/10\/Statuts-FARAPEJ-suite-a-AG-12-juin-2010.pdf\">Statuts FARAPEJ suite \u00e0 AG 12 juin 2010<\/a><a href=\"\/wp-content\/uploads\/2025\/10\/Statuts-FARAPEJ-suite-a-AG-12-juin-2010.pdf\" class=\"wp-block-file__button wp-element-button\" download aria-describedby=\"wp-block-file--media-63782e8e-239f-4f9c-93cf-e1952c45d6d2\">T\u00e9l\u00e9charger<\/a><\/div>\n\n\n\n<h4 class=\"wp-block-heading\"><\/h4>\n\n\n\n<p><\/p>\n","protected":false},"excerpt":{"rendered":"<p>Titre I &#8211; Dispositions Fondamentales Article 1 &#8211; Forme Il est form\u00e9 entre les adh\u00e9rents aux pr\u00e9sents statuts une F\u00e9d\u00e9ration d\u2019Associations, r\u00e9gie par la Loi du 1er juillet 1901, le d\u00e9cret du 16 ao\u00fbt 1901 et toutes prescriptions l\u00e9gislatives et r\u00e9glementaires en vigueur ainsi que les pr\u00e9sents statuts. Sa dur\u00e9e est illimit\u00e9e. Article 2 &#8211; [&hellip;]<\/p>\n","protected":false},"author":1,"featured_media":2379,"parent":36,"menu_order":25,"comment_status":"closed","ping_status":"closed","template":"","meta":{"_acf_changed":false,"footnotes":""},"class_list":["post-208","page","type-page","status-publish","has-post-thumbnail","hentry"],"acf":[],"_links":{"self":[{"href":"https:\/\/farapej-1.rezo.pro\/index.php\/wp-json\/wp\/v2\/pages\/208","targetHints":{"allow":["GET"]}}],"collection":[{"href":"https:\/\/farapej-1.rezo.pro\/index.php\/wp-json\/wp\/v2\/pages"}],"about":[{"href":"https:\/\/farapej-1.rezo.pro\/index.php\/wp-json\/wp\/v2\/types\/page"}],"author":[{"embeddable":true,"href":"https:\/\/farapej-1.rezo.pro\/index.php\/wp-json\/wp\/v2\/users\/1"}],"replies":[{"embeddable":true,"href":"https:\/\/farapej-1.rezo.pro\/index.php\/wp-json\/wp\/v2\/comments?post=208"}],"version-history":[{"count":21,"href":"https:\/\/farapej-1.rezo.pro\/index.php\/wp-json\/wp\/v2\/pages\/208\/revisions"}],"predecessor-version":[{"id":2298,"href":"https:\/\/farapej-1.rezo.pro\/index.php\/wp-json\/wp\/v2\/pages\/208\/revisions\/2298"}],"up":[{"embeddable":true,"href":"https:\/\/farapej-1.rezo.pro\/index.php\/wp-json\/wp\/v2\/pages\/36"}],"wp:featuredmedia":[{"embeddable":true,"href":"https:\/\/farapej-1.rezo.pro\/index.php\/wp-json\/wp\/v2\/media\/2379"}],"wp:attachment":[{"href":"https:\/\/farapej-1.rezo.pro\/index.php\/wp-json\/wp\/v2\/media?parent=208"}],"curies":[{"name":"wp","href":"https:\/\/api.w.org\/{rel}","templated":true}]}}