{"id":22,"date":"2025-09-23T09:14:18","date_gmt":"2025-09-23T07:14:18","guid":{"rendered":"https:\/\/farapej-1.rezo.pro\/?page_id=22"},"modified":"2025-11-04T17:48:29","modified_gmt":"2025-11-04T16:48:29","slug":"conseil-dadministration","status":"publish","type":"page","link":"https:\/\/farapej-1.rezo.pro\/index.php\/notre-identite\/conseil-dadministration\/","title":{"rendered":"Conseil d\u2019administration"},"content":{"rendered":"\n<p>Le conseil d&rsquo;administration se compose de repr\u00e9sentants des associations et d&rsquo;adh\u00e9rents individuels<\/p>\n\n\n\n<figure class=\"wp-block-table\"><table class=\"has-fixed-layout\"><tbody><tr><td class=\"has-text-align-center\" data-align=\"center\"><strong>Michel Agostini<\/strong><br>ECTI<\/td><td class=\"has-text-align-center\" data-align=\"center\"><strong>Jean-Michel Armand<\/strong><br>Individuel<\/td><\/tr><tr><td class=\"has-text-align-center\" data-align=\"center\"><strong>Ir\u00e8ne Carbonier<\/strong><br>CASP \/ ARAPEJ<br>Pr\u00e9sidente<\/td><td class=\"has-text-align-center\" data-align=\"center\"><strong>Monique Carriat<\/strong><br>Entraide et solidarit\u00e9s<\/td><\/tr><tr><td class=\"has-text-align-center\" data-align=\"center\"><strong>Lise G\u00e9raud-Charvet<\/strong><br>Individuel<br>Secr\u00e9taire<\/td><td class=\"has-text-align-center\" data-align=\"center\"><strong>Alexandre Duval-Stalla<\/strong><br>Lire pour en sortir<\/td><\/tr><tr><td class=\"has-text-align-center\" data-align=\"center\"><strong>Abdelhak Eddouk<\/strong><br>Individuel<\/td><td class=\"has-text-align-center\" data-align=\"center\"><strong>Roland Hamard<\/strong><br>Le Courrier de Bovet<\/td><\/tr><tr><td class=\"has-text-align-center\" data-align=\"center\"><strong>Bruno Lavol\u00e9<\/strong><br>Art et Prison<br>Tr\u00e9sorier<\/td><td class=\"has-text-align-center\" data-align=\"center\"><strong>Bernard Lecogne<\/strong><br>Foyer Relais<\/td><\/tr><tr><td class=\"has-text-align-center\" data-align=\"center\"><strong>Michel Mascaras<\/strong><br>Prison Justice 44<\/td><td class=\"has-text-align-center\" data-align=\"center\"><strong>Christiane Pernin<\/strong><br>ARAPEJ 41<\/td><\/tr><tr><td class=\"has-text-align-center\" data-align=\"center\"><strong>Alexis Saurin<\/strong><br>Individuel<\/td><td class=\"has-text-align-center\" data-align=\"center\"><strong>Arlette Suzanne<\/strong><br>Femmes Relais Karayb<\/td><\/tr><tr><td class=\"has-text-align-center\" data-align=\"center\"><strong>Marie-Odile Theoleyre<\/strong><br>Companio<\/td><td class=\"has-text-align-center\" data-align=\"center\"><strong>Christian Vilmer<\/strong><br>Individuel<\/td><\/tr><\/tbody><\/table><\/figure>\n","protected":false},"excerpt":{"rendered":"<p>Le conseil d&rsquo;administration se compose de repr\u00e9sentants des associations et d&rsquo;adh\u00e9rents individuels Michel AgostiniECTI Jean-Michel ArmandIndividuel Ir\u00e8ne CarbonierCASP \/ ARAPEJPr\u00e9sidente Monique CarriatEntraide et solidarit\u00e9s Lise G\u00e9raud-CharvetIndividuelSecr\u00e9taire Alexandre Duval-StallaLire pour en sortir Abdelhak EddoukIndividuel Roland HamardLe Courrier de Bovet Bruno Lavol\u00e9Art et PrisonTr\u00e9sorier Bernard LecogneFoyer Relais Michel MascarasPrison Justice 44 Christiane PerninARAPEJ 41 Alexis SaurinIndividuel Arlette [&hellip;]<\/p>\n","protected":false},"author":1,"featured_media":2379,"parent":36,"menu_order":30,"comment_status":"closed","ping_status":"closed","template":"","meta":{"_acf_changed":false,"footnotes":""},"class_list":["post-22","page","type-page","status-publish","has-post-thumbnail","hentry"],"acf":[],"_links":{"self":[{"href":"https:\/\/farapej-1.rezo.pro\/index.php\/wp-json\/wp\/v2\/pages\/22","targetHints":{"allow":["GET"]}}],"collection":[{"href":"https:\/\/farapej-1.rezo.pro\/index.php\/wp-json\/wp\/v2\/pages"}],"about":[{"href":"https:\/\/farapej-1.rezo.pro\/index.php\/wp-json\/wp\/v2\/types\/page"}],"author":[{"embeddable":true,"href":"https:\/\/farapej-1.rezo.pro\/index.php\/wp-json\/wp\/v2\/users\/1"}],"replies":[{"embeddable":true,"href":"https:\/\/farapej-1.rezo.pro\/index.php\/wp-json\/wp\/v2\/comments?post=22"}],"version-history":[{"count":7,"href":"https:\/\/farapej-1.rezo.pro\/index.php\/wp-json\/wp\/v2\/pages\/22\/revisions"}],"predecessor-version":[{"id":721,"href":"https:\/\/farapej-1.rezo.pro\/index.php\/wp-json\/wp\/v2\/pages\/22\/revisions\/721"}],"up":[{"embeddable":true,"href":"https:\/\/farapej-1.rezo.pro\/index.php\/wp-json\/wp\/v2\/pages\/36"}],"wp:featuredmedia":[{"embeddable":true,"href":"https:\/\/farapej-1.rezo.pro\/index.php\/wp-json\/wp\/v2\/media\/2379"}],"wp:attachment":[{"href":"https:\/\/farapej-1.rezo.pro\/index.php\/wp-json\/wp\/v2\/media?parent=22"}],"curies":[{"name":"wp","href":"https:\/\/api.w.org\/{rel}","templated":true}]}}