{"id":2242,"date":"2025-10-20T13:51:30","date_gmt":"2025-10-20T11:51:30","guid":{"rendered":"https:\/\/farapej-1.rezo.pro\/?page_id=2242"},"modified":"2025-10-20T14:20:13","modified_gmt":"2025-10-20T12:20:13","slug":"acces-aux-droits-2","status":"publish","type":"page","link":"https:\/\/farapej-1.rezo.pro\/index.php\/les-activites-nos-associations-membres\/acces-aux-droits-2\/","title":{"rendered":"Acc\u00e8s aux droits"},"content":{"rendered":"\n<p>Vous retrouverez toutes les associations membres de la FARAPEJ qui ont une activit\u00e9 d&rsquo;acc\u00e8s et de d\u00e9fense des droits des personnes d\u00e9tenues. <\/p>\n\n\n\n<div class=\"wp-block-query alignwide is-layout-flow wp-block-query-is-layout-flow\">\n<div class=\"wp-block-group is-layout-flow wp-block-group-is-layout-flow\" style=\"margin-top:0;margin-bottom:0;padding-top:var(--wp--preset--spacing--10);padding-right:var(--wp--preset--spacing--10);padding-bottom:var(--wp--preset--spacing--10);padding-left:var(--wp--preset--spacing--10)\"><ul class=\"columns-3 alignfull wp-block-post-template is-layout-grid wp-container-core-post-template-is-layout-2d080239 wp-block-post-template-is-layout-grid\"><li class=\"wp-block-post post-1068 association type-association status-publish format-standard has-post-thumbnail hentry activite-acces-aux-droits\">\n\n<div class=\"wp-block-group is-vertical is-content-justification-center is-nowrap is-layout-flex wp-container-core-group-is-layout-7be2fa9c wp-block-group-is-layout-flex\" style=\"margin-top:var(--wp--preset--spacing--20);padding-top:0\"><figure style=\"aspect-ratio:16\/9;height:100px; padding-bottom:0;margin-bottom:0;\" class=\"wp-block-post-featured-image\"><a href=\"https:\/\/farapej-1.rezo.pro\/index.php\/association\/association-nationale-des-assesseurs-exterieurs-en-commission-de-discipline\/\" target=\"_self\"  style=\"height:100px\"><img loading=\"lazy\" decoding=\"async\" width=\"1000\" height=\"500\" src=\"https:\/\/farapej-1.rezo.pro\/wp-content\/uploads\/2025\/10\/association_nationale_des_assesseurs_exterieurs_en_commission_de_discipline-1000x500-1.jpg\" class=\"attachment-full size-full wp-post-image\" alt=\"Association Nationale des Assesseurs Ext\u00e9rieurs en Commission de discipline (ANAEC)\" style=\"width:100%;height:100%;object-fit:contain;\" srcset=\"https:\/\/farapej-1.rezo.pro\/wp-content\/uploads\/2025\/10\/association_nationale_des_assesseurs_exterieurs_en_commission_de_discipline-1000x500-1.jpg 1000w, https:\/\/farapej-1.rezo.pro\/wp-content\/uploads\/2025\/10\/association_nationale_des_assesseurs_exterieurs_en_commission_de_discipline-1000x500-1-300x150.jpg 300w, https:\/\/farapej-1.rezo.pro\/wp-content\/uploads\/2025\/10\/association_nationale_des_assesseurs_exterieurs_en_commission_de_discipline-1000x500-1-768x384.jpg 768w\" sizes=\"auto, (max-width: 1000px) 100vw, 1000px\" \/><\/a><\/figure>\n\n<h2 class=\"has-text-align-center has-link-color wp-elements-e9dbd46998321df0402018f70002c1a8 wp-block-post-title has-text-color has-accent-3-color has-medium-font-size wp-container-content-32e3a40d\"><a href=\"https:\/\/farapej-1.rezo.pro\/index.php\/association\/association-nationale-des-assesseurs-exterieurs-en-commission-de-discipline\/\" target=\"_self\" >Association Nationale des Assesseurs Ext\u00e9rieurs en Commission de discipline (ANAEC)<\/a><\/h2>\n\n<div class=\"has-text-align-center wp-block-post-excerpt has-text-color has-contrast-2-color has-small-font-size wp-container-content-32e3a40d\"><p class=\"wp-block-post-excerpt__excerpt\"> <\/p><\/div>\n\n\n<div style=\"height:23px\" aria-hidden=\"true\" class=\"wp-block-spacer wp-container-content-78b3b043\"><\/div>\n<\/div>\n\n<\/li><li class=\"wp-block-post post-1102 association type-association status-publish format-standard has-post-thumbnail hentry activite-acces-aux-droits activite-accompagnement-a-la-sortie-de-detention\">\n\n<div class=\"wp-block-group is-vertical is-content-justification-center is-nowrap is-layout-flex wp-container-core-group-is-layout-7be2fa9c wp-block-group-is-layout-flex\" style=\"margin-top:var(--wp--preset--spacing--20);padding-top:0\"><figure style=\"aspect-ratio:16\/9;height:100px; padding-bottom:0;margin-bottom:0;\" class=\"wp-block-post-featured-image\"><a href=\"https:\/\/farapej-1.rezo.pro\/index.php\/association\/j-veux-m-en-sortir\/\" target=\"_self\"  style=\"height:100px\"><img loading=\"lazy\" decoding=\"async\" width=\"299\" height=\"169\" src=\"https:\/\/farapej-1.rezo.pro\/wp-content\/uploads\/2025\/10\/jveux-men-sortir2.jpg\" class=\"attachment-full size-full wp-post-image\" alt=\"J&rsquo;veux m&rsquo;en sortir\" style=\"width:100%;height:100%;object-fit:contain;\" \/><\/a><\/figure>\n\n<h2 class=\"has-text-align-center has-link-color wp-elements-e9dbd46998321df0402018f70002c1a8 wp-block-post-title has-text-color has-accent-3-color has-medium-font-size wp-container-content-32e3a40d\"><a href=\"https:\/\/farapej-1.rezo.pro\/index.php\/association\/j-veux-m-en-sortir\/\" target=\"_self\" >J&rsquo;veux m&rsquo;en sortir<\/a><\/h2>\n\n<div class=\"has-text-align-center wp-block-post-excerpt has-text-color has-contrast-2-color has-small-font-size wp-container-content-32e3a40d\"><p class=\"wp-block-post-excerpt__excerpt\"> <\/p><\/div>\n\n\n<div style=\"height:23px\" aria-hidden=\"true\" class=\"wp-block-spacer wp-container-content-78b3b043\"><\/div>\n<\/div>\n\n<\/li><li class=\"wp-block-post post-1114 association type-association status-publish format-standard has-post-thumbnail hentry activite-acces-aux-droits\">\n\n<div class=\"wp-block-group is-vertical is-content-justification-center is-nowrap is-layout-flex wp-container-core-group-is-layout-7be2fa9c wp-block-group-is-layout-flex\" style=\"margin-top:var(--wp--preset--spacing--20);padding-top:0\"><figure style=\"aspect-ratio:16\/9;height:100px; padding-bottom:0;margin-bottom:0;\" class=\"wp-block-post-featured-image\"><a href=\"https:\/\/farapej-1.rezo.pro\/index.php\/association\/la-parole-est-a-l-accuse\/\" target=\"_self\"  style=\"height:100px\"><img loading=\"lazy\" decoding=\"async\" width=\"321\" height=\"114\" src=\"https:\/\/farapej-1.rezo.pro\/wp-content\/uploads\/2025\/10\/LAPAX.png\" class=\"attachment-full size-full wp-post-image\" alt=\"La parole est \u00e0 l&rsquo;accus\u00e9 (LAPAC)\" style=\"width:100%;height:100%;object-fit:contain;\" srcset=\"https:\/\/farapej-1.rezo.pro\/wp-content\/uploads\/2025\/10\/LAPAX.png 321w, https:\/\/farapej-1.rezo.pro\/wp-content\/uploads\/2025\/10\/LAPAX-300x107.png 300w\" sizes=\"auto, (max-width: 321px) 100vw, 321px\" \/><\/a><\/figure>\n\n<h2 class=\"has-text-align-center has-link-color wp-elements-e9dbd46998321df0402018f70002c1a8 wp-block-post-title has-text-color has-accent-3-color has-medium-font-size wp-container-content-32e3a40d\"><a href=\"https:\/\/farapej-1.rezo.pro\/index.php\/association\/la-parole-est-a-l-accuse\/\" target=\"_self\" >La parole est \u00e0 l&rsquo;accus\u00e9 (LAPAC)<\/a><\/h2>\n\n<div class=\"has-text-align-center wp-block-post-excerpt has-text-color has-contrast-2-color has-small-font-size wp-container-content-32e3a40d\"><p class=\"wp-block-post-excerpt__excerpt\"> <\/p><\/div>\n\n\n<div style=\"height:23px\" aria-hidden=\"true\" class=\"wp-block-spacer wp-container-content-78b3b043\"><\/div>\n<\/div>\n\n<\/li><li class=\"wp-block-post post-1118 association type-association status-publish format-standard has-post-thumbnail hentry activite-acces-aux-droits\">\n\n<div class=\"wp-block-group is-vertical is-content-justification-center is-nowrap is-layout-flex wp-container-core-group-is-layout-7be2fa9c wp-block-group-is-layout-flex\" style=\"margin-top:var(--wp--preset--spacing--20);padding-top:0\"><figure style=\"aspect-ratio:16\/9;height:100px; padding-bottom:0;margin-bottom:0;\" class=\"wp-block-post-featured-image\"><a href=\"https:\/\/farapej-1.rezo.pro\/index.php\/association\/le-cri-mouvement-national\/\" target=\"_self\"  style=\"height:100px\"><img loading=\"lazy\" decoding=\"async\" width=\"400\" height=\"107\" src=\"https:\/\/farapej-1.rezo.pro\/wp-content\/uploads\/2025\/10\/le-cri.jpg\" class=\"attachment-full size-full wp-post-image\" alt=\"le Cri Mouvement national\" style=\"width:100%;height:100%;object-fit:contain;\" srcset=\"https:\/\/farapej-1.rezo.pro\/wp-content\/uploads\/2025\/10\/le-cri.jpg 400w, https:\/\/farapej-1.rezo.pro\/wp-content\/uploads\/2025\/10\/le-cri-300x80.jpg 300w\" sizes=\"auto, (max-width: 400px) 100vw, 400px\" \/><\/a><\/figure>\n\n<h2 class=\"has-text-align-center has-link-color wp-elements-e9dbd46998321df0402018f70002c1a8 wp-block-post-title has-text-color has-accent-3-color has-medium-font-size wp-container-content-32e3a40d\"><a href=\"https:\/\/farapej-1.rezo.pro\/index.php\/association\/le-cri-mouvement-national\/\" target=\"_self\" >le Cri Mouvement national<\/a><\/h2>\n\n<div class=\"has-text-align-center wp-block-post-excerpt has-text-color has-contrast-2-color has-small-font-size wp-container-content-32e3a40d\"><p class=\"wp-block-post-excerpt__excerpt\"> <\/p><\/div>\n\n\n<div style=\"height:23px\" aria-hidden=\"true\" class=\"wp-block-spacer wp-container-content-78b3b043\"><\/div>\n<\/div>\n\n<\/li><\/ul>\n\n\n<div style=\"margin-top:0;margin-bottom:0;height:30px\" aria-hidden=\"true\" class=\"wp-block-spacer\"><\/div>\n\n\n<\/div>\n<\/div>\n","protected":false},"excerpt":{"rendered":"<p>Vous retrouverez toutes les associations membres de la FARAPEJ qui ont une activit\u00e9 d&rsquo;acc\u00e8s et de d\u00e9fense des droits des personnes d\u00e9tenues.<\/p>\n","protected":false},"author":4,"featured_media":2107,"parent":2251,"menu_order":0,"comment_status":"closed","ping_status":"closed","template":"","meta":{"_acf_changed":false,"footnotes":""},"class_list":["post-2242","page","type-page","status-publish","has-post-thumbnail","hentry"],"acf":[],"_links":{"self":[{"href":"https:\/\/farapej-1.rezo.pro\/index.php\/wp-json\/wp\/v2\/pages\/2242","targetHints":{"allow":["GET"]}}],"collection":[{"href":"https:\/\/farapej-1.rezo.pro\/index.php\/wp-json\/wp\/v2\/pages"}],"about":[{"href":"https:\/\/farapej-1.rezo.pro\/index.php\/wp-json\/wp\/v2\/types\/page"}],"author":[{"embeddable":true,"href":"https:\/\/farapej-1.rezo.pro\/index.php\/wp-json\/wp\/v2\/users\/4"}],"replies":[{"embeddable":true,"href":"https:\/\/farapej-1.rezo.pro\/index.php\/wp-json\/wp\/v2\/comments?post=2242"}],"version-history":[{"count":1,"href":"https:\/\/farapej-1.rezo.pro\/index.php\/wp-json\/wp\/v2\/pages\/2242\/revisions"}],"predecessor-version":[{"id":2253,"href":"https:\/\/farapej-1.rezo.pro\/index.php\/wp-json\/wp\/v2\/pages\/2242\/revisions\/2253"}],"up":[{"embeddable":true,"href":"https:\/\/farapej-1.rezo.pro\/index.php\/wp-json\/wp\/v2\/pages\/2251"}],"wp:featuredmedia":[{"embeddable":true,"href":"https:\/\/farapej-1.rezo.pro\/index.php\/wp-json\/wp\/v2\/media\/2107"}],"wp:attachment":[{"href":"https:\/\/farapej-1.rezo.pro\/index.php\/wp-json\/wp\/v2\/media?parent=2242"}],"curies":[{"name":"wp","href":"https:\/\/api.w.org\/{rel}","templated":true}]}}