{"id":2251,"date":"2025-10-20T13:57:30","date_gmt":"2025-10-20T11:57:30","guid":{"rendered":"https:\/\/farapej-1.rezo.pro\/?page_id=2251"},"modified":"2025-10-20T14:03:52","modified_gmt":"2025-10-20T12:03:52","slug":"les-activites-nos-associations-membres","status":"publish","type":"page","link":"https:\/\/farapej-1.rezo.pro\/index.php\/les-activites-nos-associations-membres\/","title":{"rendered":"Les activit\u00e9s nos associations membres"},"content":{"rendered":"\n<p>Vous retrouverez toutes les associations membres de la FARAPEJ qui ont une activit\u00e9 d&rsquo;acc\u00e8s et de d\u00e9fense des droits des personnes d\u00e9tenues.<\/p>\n\n\n\n<div class=\"wp-block-query alignwide is-layout-flow wp-block-query-is-layout-flow\">\n<div class=\"wp-block-group is-layout-flow wp-block-group-is-layout-flow\" style=\"margin-top:0;margin-bottom:0;padding-top:var(--wp--preset--spacing--10);padding-right:var(--wp--preset--spacing--10);padding-bottom:var(--wp--preset--spacing--10);padding-left:var(--wp--preset--spacing--10)\"><ul class=\"columns-3 alignfull wp-block-post-template is-layout-grid wp-container-core-post-template-is-layout-2d080239 wp-block-post-template-is-layout-grid\"><li class=\"wp-block-post post-2242 page type-page status-publish has-post-thumbnail hentry\">\n\n<div class=\"wp-block-group is-vertical is-content-justification-center is-nowrap is-layout-flex wp-container-core-group-is-layout-7be2fa9c wp-block-group-is-layout-flex\" style=\"margin-top:var(--wp--preset--spacing--20);padding-top:0\"><figure style=\"aspect-ratio:16\/9;height:100px; padding-bottom:0;margin-bottom:0;\" class=\"wp-block-post-featured-image\"><a href=\"https:\/\/farapej-1.rezo.pro\/index.php\/les-activites-nos-associations-membres\/acces-aux-droits-2\/\" target=\"_self\"  style=\"height:100px\"><img loading=\"lazy\" decoding=\"async\" width=\"2480\" height=\"2480\" src=\"https:\/\/farapej-1.rezo.pro\/wp-content\/uploads\/2025\/10\/ARBRE-partenaires-Original.jpeg\" class=\"attachment-full size-full wp-post-image\" alt=\"Acc\u00e8s aux droits\" style=\"width:100%;height:100%;object-fit:contain;\" srcset=\"https:\/\/farapej-1.rezo.pro\/wp-content\/uploads\/2025\/10\/ARBRE-partenaires-Original.jpeg 2480w, https:\/\/farapej-1.rezo.pro\/wp-content\/uploads\/2025\/10\/ARBRE-partenaires-Original-300x300.jpeg 300w, https:\/\/farapej-1.rezo.pro\/wp-content\/uploads\/2025\/10\/ARBRE-partenaires-Original-1024x1024.jpeg 1024w, https:\/\/farapej-1.rezo.pro\/wp-content\/uploads\/2025\/10\/ARBRE-partenaires-Original-150x150.jpeg 150w, https:\/\/farapej-1.rezo.pro\/wp-content\/uploads\/2025\/10\/ARBRE-partenaires-Original-768x768.jpeg 768w, https:\/\/farapej-1.rezo.pro\/wp-content\/uploads\/2025\/10\/ARBRE-partenaires-Original-1536x1536.jpeg 1536w, https:\/\/farapej-1.rezo.pro\/wp-content\/uploads\/2025\/10\/ARBRE-partenaires-Original-2048x2048.jpeg 2048w\" sizes=\"auto, (max-width: 2480px) 100vw, 2480px\" \/><\/a><\/figure>\n\n<h2 class=\"has-text-align-center has-link-color wp-elements-e9dbd46998321df0402018f70002c1a8 wp-block-post-title has-text-color has-accent-3-color has-medium-font-size wp-container-content-32e3a40d\"><a href=\"https:\/\/farapej-1.rezo.pro\/index.php\/les-activites-nos-associations-membres\/acces-aux-droits-2\/\" target=\"_self\" >Acc\u00e8s aux droits<\/a><\/h2>\n\n<div class=\"has-text-align-center wp-block-post-excerpt has-text-color has-contrast-2-color has-small-font-size wp-container-content-32e3a40d\"><p class=\"wp-block-post-excerpt__excerpt\">Vous retrouverez toutes les associations membres de la FARAPEJ qui ont une activit\u00e9 d&rsquo;acc\u00e8s et\u2026 <\/p><\/div>\n\n\n<div style=\"height:23px\" aria-hidden=\"true\" class=\"wp-block-spacer wp-container-content-78b3b043\"><\/div>\n<\/div>\n\n<\/li><li class=\"wp-block-post post-2240 page type-page status-publish has-post-thumbnail hentry\">\n\n<div class=\"wp-block-group is-vertical is-content-justification-center is-nowrap is-layout-flex wp-container-core-group-is-layout-7be2fa9c wp-block-group-is-layout-flex\" style=\"margin-top:var(--wp--preset--spacing--20);padding-top:0\"><figure style=\"aspect-ratio:16\/9;height:100px; padding-bottom:0;margin-bottom:0;\" class=\"wp-block-post-featured-image\"><a href=\"https:\/\/farapej-1.rezo.pro\/index.php\/les-activites-nos-associations-membres\/accompagnement\/\" target=\"_self\"  style=\"height:100px\"><img loading=\"lazy\" decoding=\"async\" width=\"2480\" height=\"2480\" src=\"https:\/\/farapej-1.rezo.pro\/wp-content\/uploads\/2025\/10\/ARBRE-partenaires-Original.jpeg\" class=\"attachment-full size-full wp-post-image\" alt=\"Accompagnement\" style=\"width:100%;height:100%;object-fit:contain;\" srcset=\"https:\/\/farapej-1.rezo.pro\/wp-content\/uploads\/2025\/10\/ARBRE-partenaires-Original.jpeg 2480w, https:\/\/farapej-1.rezo.pro\/wp-content\/uploads\/2025\/10\/ARBRE-partenaires-Original-300x300.jpeg 300w, https:\/\/farapej-1.rezo.pro\/wp-content\/uploads\/2025\/10\/ARBRE-partenaires-Original-1024x1024.jpeg 1024w, https:\/\/farapej-1.rezo.pro\/wp-content\/uploads\/2025\/10\/ARBRE-partenaires-Original-150x150.jpeg 150w, https:\/\/farapej-1.rezo.pro\/wp-content\/uploads\/2025\/10\/ARBRE-partenaires-Original-768x768.jpeg 768w, https:\/\/farapej-1.rezo.pro\/wp-content\/uploads\/2025\/10\/ARBRE-partenaires-Original-1536x1536.jpeg 1536w, https:\/\/farapej-1.rezo.pro\/wp-content\/uploads\/2025\/10\/ARBRE-partenaires-Original-2048x2048.jpeg 2048w\" sizes=\"auto, (max-width: 2480px) 100vw, 2480px\" \/><\/a><\/figure>\n\n<h2 class=\"has-text-align-center has-link-color wp-elements-e9dbd46998321df0402018f70002c1a8 wp-block-post-title has-text-color has-accent-3-color has-medium-font-size wp-container-content-32e3a40d\"><a href=\"https:\/\/farapej-1.rezo.pro\/index.php\/les-activites-nos-associations-membres\/accompagnement\/\" target=\"_self\" >Accompagnement<\/a><\/h2>\n\n<div class=\"has-text-align-center wp-block-post-excerpt has-text-color has-contrast-2-color has-small-font-size wp-container-content-32e3a40d\"><p class=\"wp-block-post-excerpt__excerpt\">Vous retrouverez toutes les associations membres de la FARAPEJ qui ont une d&rsquo;accompagnement des personnes\u2026 <\/p><\/div>\n\n\n<div style=\"height:23px\" aria-hidden=\"true\" class=\"wp-block-spacer wp-container-content-78b3b043\"><\/div>\n<\/div>\n\n<\/li><li class=\"wp-block-post post-2238 page type-page status-publish has-post-thumbnail hentry\">\n\n<div class=\"wp-block-group is-vertical is-content-justification-center is-nowrap is-layout-flex wp-container-core-group-is-layout-7be2fa9c wp-block-group-is-layout-flex\" style=\"margin-top:var(--wp--preset--spacing--20);padding-top:0\"><figure style=\"aspect-ratio:16\/9;height:100px; padding-bottom:0;margin-bottom:0;\" class=\"wp-block-post-featured-image\"><a href=\"https:\/\/farapej-1.rezo.pro\/index.php\/les-activites-nos-associations-membres\/acces-aux-droits\/\" target=\"_self\"  style=\"height:100px\"><img loading=\"lazy\" decoding=\"async\" width=\"2480\" height=\"2480\" src=\"https:\/\/farapej-1.rezo.pro\/wp-content\/uploads\/2025\/10\/ARBRE-partenaires-Original.jpeg\" class=\"attachment-full size-full wp-post-image\" alt=\"Assistance mat\u00e9rielle\" style=\"width:100%;height:100%;object-fit:contain;\" srcset=\"https:\/\/farapej-1.rezo.pro\/wp-content\/uploads\/2025\/10\/ARBRE-partenaires-Original.jpeg 2480w, https:\/\/farapej-1.rezo.pro\/wp-content\/uploads\/2025\/10\/ARBRE-partenaires-Original-300x300.jpeg 300w, https:\/\/farapej-1.rezo.pro\/wp-content\/uploads\/2025\/10\/ARBRE-partenaires-Original-1024x1024.jpeg 1024w, https:\/\/farapej-1.rezo.pro\/wp-content\/uploads\/2025\/10\/ARBRE-partenaires-Original-150x150.jpeg 150w, https:\/\/farapej-1.rezo.pro\/wp-content\/uploads\/2025\/10\/ARBRE-partenaires-Original-768x768.jpeg 768w, https:\/\/farapej-1.rezo.pro\/wp-content\/uploads\/2025\/10\/ARBRE-partenaires-Original-1536x1536.jpeg 1536w, https:\/\/farapej-1.rezo.pro\/wp-content\/uploads\/2025\/10\/ARBRE-partenaires-Original-2048x2048.jpeg 2048w\" sizes=\"auto, (max-width: 2480px) 100vw, 2480px\" \/><\/a><\/figure>\n\n<h2 class=\"has-text-align-center has-link-color wp-elements-e9dbd46998321df0402018f70002c1a8 wp-block-post-title has-text-color has-accent-3-color has-medium-font-size wp-container-content-32e3a40d\"><a href=\"https:\/\/farapej-1.rezo.pro\/index.php\/les-activites-nos-associations-membres\/acces-aux-droits\/\" target=\"_self\" >Assistance mat\u00e9rielle<\/a><\/h2>\n\n<div class=\"has-text-align-center wp-block-post-excerpt has-text-color has-contrast-2-color has-small-font-size wp-container-content-32e3a40d\"><p class=\"wp-block-post-excerpt__excerpt\">Vous retrouverez toutes les associations membres de la FARAPEJ qui peuvent aider les personnes d\u00e9tenues\u2026 <\/p><\/div>\n\n\n<div style=\"height:23px\" aria-hidden=\"true\" class=\"wp-block-spacer wp-container-content-78b3b043\"><\/div>\n<\/div>\n\n<\/li><li class=\"wp-block-post post-2244 page type-page status-publish has-post-thumbnail hentry\">\n\n<div class=\"wp-block-group is-vertical is-content-justification-center is-nowrap is-layout-flex wp-container-core-group-is-layout-7be2fa9c wp-block-group-is-layout-flex\" style=\"margin-top:var(--wp--preset--spacing--20);padding-top:0\"><figure style=\"aspect-ratio:16\/9;height:100px; padding-bottom:0;margin-bottom:0;\" class=\"wp-block-post-featured-image\"><a href=\"https:\/\/farapej-1.rezo.pro\/index.php\/les-activites-nos-associations-membres\/information-et-sensibilisation\/\" target=\"_self\"  style=\"height:100px\"><img loading=\"lazy\" decoding=\"async\" width=\"2480\" height=\"2480\" src=\"https:\/\/farapej-1.rezo.pro\/wp-content\/uploads\/2025\/10\/ARBRE-partenaires-Original.jpeg\" class=\"attachment-full size-full wp-post-image\" alt=\"Information et sensibilisation\" style=\"width:100%;height:100%;object-fit:contain;\" srcset=\"https:\/\/farapej-1.rezo.pro\/wp-content\/uploads\/2025\/10\/ARBRE-partenaires-Original.jpeg 2480w, https:\/\/farapej-1.rezo.pro\/wp-content\/uploads\/2025\/10\/ARBRE-partenaires-Original-300x300.jpeg 300w, https:\/\/farapej-1.rezo.pro\/wp-content\/uploads\/2025\/10\/ARBRE-partenaires-Original-1024x1024.jpeg 1024w, https:\/\/farapej-1.rezo.pro\/wp-content\/uploads\/2025\/10\/ARBRE-partenaires-Original-150x150.jpeg 150w, https:\/\/farapej-1.rezo.pro\/wp-content\/uploads\/2025\/10\/ARBRE-partenaires-Original-768x768.jpeg 768w, https:\/\/farapej-1.rezo.pro\/wp-content\/uploads\/2025\/10\/ARBRE-partenaires-Original-1536x1536.jpeg 1536w, https:\/\/farapej-1.rezo.pro\/wp-content\/uploads\/2025\/10\/ARBRE-partenaires-Original-2048x2048.jpeg 2048w\" sizes=\"auto, (max-width: 2480px) 100vw, 2480px\" \/><\/a><\/figure>\n\n<h2 class=\"has-text-align-center has-link-color wp-elements-e9dbd46998321df0402018f70002c1a8 wp-block-post-title has-text-color has-accent-3-color has-medium-font-size wp-container-content-32e3a40d\"><a href=\"https:\/\/farapej-1.rezo.pro\/index.php\/les-activites-nos-associations-membres\/information-et-sensibilisation\/\" target=\"_self\" >Information et sensibilisation<\/a><\/h2>\n\n<div class=\"has-text-align-center wp-block-post-excerpt has-text-color has-contrast-2-color has-small-font-size wp-container-content-32e3a40d\"><p class=\"wp-block-post-excerpt__excerpt\">Vous retrouverez toutes les associations membres de la FARAPEJ qui ont une activit\u00e9 d&rsquo;informations et\u2026 <\/p><\/div>\n\n\n<div style=\"height:23px\" aria-hidden=\"true\" class=\"wp-block-spacer wp-container-content-78b3b043\"><\/div>\n<\/div>\n\n<\/li><li class=\"wp-block-post post-2248 page type-page status-publish has-post-thumbnail hentry\">\n\n<div class=\"wp-block-group is-vertical is-content-justification-center is-nowrap is-layout-flex wp-container-core-group-is-layout-7be2fa9c wp-block-group-is-layout-flex\" style=\"margin-top:var(--wp--preset--spacing--20);padding-top:0\"><figure style=\"aspect-ratio:16\/9;height:100px; padding-bottom:0;margin-bottom:0;\" class=\"wp-block-post-featured-image\"><a href=\"https:\/\/farapej-1.rezo.pro\/index.php\/les-activites-nos-associations-membres\/intervention-en-detention\/\" target=\"_self\"  style=\"height:100px\"><img loading=\"lazy\" decoding=\"async\" width=\"2480\" height=\"2480\" src=\"https:\/\/farapej-1.rezo.pro\/wp-content\/uploads\/2025\/10\/ARBRE-partenaires-Original.jpeg\" class=\"attachment-full size-full wp-post-image\" alt=\"Intervention en d\u00e9tention\" style=\"width:100%;height:100%;object-fit:contain;\" srcset=\"https:\/\/farapej-1.rezo.pro\/wp-content\/uploads\/2025\/10\/ARBRE-partenaires-Original.jpeg 2480w, https:\/\/farapej-1.rezo.pro\/wp-content\/uploads\/2025\/10\/ARBRE-partenaires-Original-300x300.jpeg 300w, https:\/\/farapej-1.rezo.pro\/wp-content\/uploads\/2025\/10\/ARBRE-partenaires-Original-1024x1024.jpeg 1024w, https:\/\/farapej-1.rezo.pro\/wp-content\/uploads\/2025\/10\/ARBRE-partenaires-Original-150x150.jpeg 150w, https:\/\/farapej-1.rezo.pro\/wp-content\/uploads\/2025\/10\/ARBRE-partenaires-Original-768x768.jpeg 768w, https:\/\/farapej-1.rezo.pro\/wp-content\/uploads\/2025\/10\/ARBRE-partenaires-Original-1536x1536.jpeg 1536w, https:\/\/farapej-1.rezo.pro\/wp-content\/uploads\/2025\/10\/ARBRE-partenaires-Original-2048x2048.jpeg 2048w\" sizes=\"auto, (max-width: 2480px) 100vw, 2480px\" \/><\/a><\/figure>\n\n<h2 class=\"has-text-align-center has-link-color wp-elements-e9dbd46998321df0402018f70002c1a8 wp-block-post-title has-text-color has-accent-3-color has-medium-font-size wp-container-content-32e3a40d\"><a href=\"https:\/\/farapej-1.rezo.pro\/index.php\/les-activites-nos-associations-membres\/intervention-en-detention\/\" target=\"_self\" >Intervention en d\u00e9tention<\/a><\/h2>\n\n<div class=\"has-text-align-center wp-block-post-excerpt has-text-color has-contrast-2-color has-small-font-size wp-container-content-32e3a40d\"><p class=\"wp-block-post-excerpt__excerpt\">Vous retrouverez toutes les associations membres de la FARAPEJ qui interviennent en d\u00e9tention. <\/p><\/div>\n\n\n<div style=\"height:23px\" aria-hidden=\"true\" class=\"wp-block-spacer wp-container-content-78b3b043\"><\/div>\n<\/div>\n\n<\/li><li class=\"wp-block-post post-2236 page type-page status-publish has-post-thumbnail hentry\">\n\n<div class=\"wp-block-group is-vertical is-content-justification-center is-nowrap is-layout-flex wp-container-core-group-is-layout-7be2fa9c wp-block-group-is-layout-flex\" style=\"margin-top:var(--wp--preset--spacing--20);padding-top:0\"><figure style=\"aspect-ratio:16\/9;height:100px; padding-bottom:0;margin-bottom:0;\" class=\"wp-block-post-featured-image\"><a href=\"https:\/\/farapej-1.rezo.pro\/index.php\/les-activites-nos-associations-membres\/soutiens-aux-proches-des-detenus\/\" target=\"_self\"  style=\"height:100px\"><img loading=\"lazy\" decoding=\"async\" width=\"2480\" height=\"2480\" src=\"https:\/\/farapej-1.rezo.pro\/wp-content\/uploads\/2025\/10\/ARBRE-partenaires-Original.jpeg\" class=\"attachment-full size-full wp-post-image\" alt=\"Soutiens aux proches des personnes d\u00e9tenues\" style=\"width:100%;height:100%;object-fit:contain;\" srcset=\"https:\/\/farapej-1.rezo.pro\/wp-content\/uploads\/2025\/10\/ARBRE-partenaires-Original.jpeg 2480w, https:\/\/farapej-1.rezo.pro\/wp-content\/uploads\/2025\/10\/ARBRE-partenaires-Original-300x300.jpeg 300w, https:\/\/farapej-1.rezo.pro\/wp-content\/uploads\/2025\/10\/ARBRE-partenaires-Original-1024x1024.jpeg 1024w, https:\/\/farapej-1.rezo.pro\/wp-content\/uploads\/2025\/10\/ARBRE-partenaires-Original-150x150.jpeg 150w, https:\/\/farapej-1.rezo.pro\/wp-content\/uploads\/2025\/10\/ARBRE-partenaires-Original-768x768.jpeg 768w, https:\/\/farapej-1.rezo.pro\/wp-content\/uploads\/2025\/10\/ARBRE-partenaires-Original-1536x1536.jpeg 1536w, https:\/\/farapej-1.rezo.pro\/wp-content\/uploads\/2025\/10\/ARBRE-partenaires-Original-2048x2048.jpeg 2048w\" sizes=\"auto, (max-width: 2480px) 100vw, 2480px\" \/><\/a><\/figure>\n\n<h2 class=\"has-text-align-center has-link-color wp-elements-e9dbd46998321df0402018f70002c1a8 wp-block-post-title has-text-color has-accent-3-color has-medium-font-size wp-container-content-32e3a40d\"><a href=\"https:\/\/farapej-1.rezo.pro\/index.php\/les-activites-nos-associations-membres\/soutiens-aux-proches-des-detenus\/\" target=\"_self\" >Soutiens aux proches des personnes d\u00e9tenues<\/a><\/h2>\n\n<div class=\"has-text-align-center wp-block-post-excerpt has-text-color has-contrast-2-color has-small-font-size wp-container-content-32e3a40d\"><p class=\"wp-block-post-excerpt__excerpt\">Vous retrouverez toutes les associations membres de la FARAPEJ qui ont une activit\u00e9 de soutien\u2026 <\/p><\/div>\n\n\n<div style=\"height:23px\" aria-hidden=\"true\" class=\"wp-block-spacer wp-container-content-78b3b043\"><\/div>\n<\/div>\n\n<\/li><\/ul>\n\n\n<div style=\"margin-top:0;margin-bottom:0;height:30px\" aria-hidden=\"true\" class=\"wp-block-spacer\"><\/div>\n\n\n<\/div>\n<\/div>\n\n\n\n<p><\/p>\n","protected":false},"excerpt":{"rendered":"<p>Vous retrouverez toutes les associations membres de la FARAPEJ qui ont une activit\u00e9 d&rsquo;acc\u00e8s et de d\u00e9fense des droits des personnes d\u00e9tenues.<\/p>\n","protected":false},"author":4,"featured_media":0,"parent":0,"menu_order":0,"comment_status":"closed","ping_status":"closed","template":"","meta":{"_acf_changed":false,"footnotes":""},"class_list":["post-2251","page","type-page","status-publish","hentry"],"acf":[],"_links":{"self":[{"href":"https:\/\/farapej-1.rezo.pro\/index.php\/wp-json\/wp\/v2\/pages\/2251","targetHints":{"allow":["GET"]}}],"collection":[{"href":"https:\/\/farapej-1.rezo.pro\/index.php\/wp-json\/wp\/v2\/pages"}],"about":[{"href":"https:\/\/farapej-1.rezo.pro\/index.php\/wp-json\/wp\/v2\/types\/page"}],"author":[{"embeddable":true,"href":"https:\/\/farapej-1.rezo.pro\/index.php\/wp-json\/wp\/v2\/users\/4"}],"replies":[{"embeddable":true,"href":"https:\/\/farapej-1.rezo.pro\/index.php\/wp-json\/wp\/v2\/comments?post=2251"}],"version-history":[{"count":4,"href":"https:\/\/farapej-1.rezo.pro\/index.php\/wp-json\/wp\/v2\/pages\/2251\/revisions"}],"predecessor-version":[{"id":2591,"href":"https:\/\/farapej-1.rezo.pro\/index.php\/wp-json\/wp\/v2\/pages\/2251\/revisions\/2591"}],"wp:attachment":[{"href":"https:\/\/farapej-1.rezo.pro\/index.php\/wp-json\/wp\/v2\/media?parent=2251"}],"curies":[{"name":"wp","href":"https:\/\/api.w.org\/{rel}","templated":true}]}}