{"id":2399,"date":"2025-11-05T15:36:06","date_gmt":"2025-11-05T14:36:06","guid":{"rendered":"https:\/\/farapej.fr\/?page_id=2399"},"modified":"2026-01-24T14:50:13","modified_gmt":"2026-01-24T13:50:13","slug":"les-editions-precedentes-des-jnp","status":"publish","type":"page","link":"https:\/\/farapej-1.rezo.pro\/index.php\/nos-actions\/les-journees-nationales-prison\/les-editions-precedentes-des-jnp\/","title":{"rendered":"Les \u00e9ditions pr\u00e9c\u00e9dentes des JNP"},"content":{"rendered":"\n<h2 class=\"wp-block-heading\">Journ\u00e9es Nationales Prison 2024<\/h2>\n\n\n\n<p><strong>Comme chaque ann\u00e9e, les associations du milieu prison-justice \u00e9taient invit\u00e9es \u00e0 organiser des \u00e9v\u00e9nements partout en France \u00e0 l\u2019occasion des Journ\u00e9es Nationales Prison. Elles se sont d\u00e9roul\u00e9es du 25 au 29 novembre 2024, autour du th\u00e8me&nbsp;<\/strong><em>\u00ab\u00a0La prison, une peine familiale\u00a0\u00bb<\/em><strong>.<\/strong><\/p>\n\n\n\n<h6 class=\"wp-block-heading\">Voici l&rsquo;affiche :<\/h6>\n\n\n\n<figure class=\"wp-block-image aligncenter size-large is-resized\"><img loading=\"lazy\" decoding=\"async\" width=\"724\" height=\"1024\" src=\"\/wp-content\/uploads\/2025\/10\/AFFICHE-JNP-2024-724x1024.png\" alt=\"\" class=\"wp-image-709\" style=\"width:444px;height:auto\" srcset=\"https:\/\/farapej-1.rezo.pro\/wp-content\/uploads\/2025\/10\/AFFICHE-JNP-2024-724x1024.png 724w, https:\/\/farapej-1.rezo.pro\/wp-content\/uploads\/2025\/10\/AFFICHE-JNP-2024-212x300.png 212w, https:\/\/farapej-1.rezo.pro\/wp-content\/uploads\/2025\/10\/AFFICHE-JNP-2024-768x1086.png 768w, https:\/\/farapej-1.rezo.pro\/wp-content\/uploads\/2025\/10\/AFFICHE-JNP-2024-1086x1536.png 1086w, https:\/\/farapej-1.rezo.pro\/wp-content\/uploads\/2025\/10\/AFFICHE-JNP-2024.png 1414w\" sizes=\"auto, (max-width: 724px) 100vw, 724px\" \/><\/figure>\n\n\n\n<h2 class=\"wp-block-heading\">Journ\u00e9es nationales prison 2023<\/h2>\n\n\n\n<p>Comme chaque ann\u00e9e, les associations du milieu prison-justice avaient \u00e9t\u00e9 invit\u00e9es \u00e0 organiser des \u00e9v\u00e9nements partout en France \u00e0 l\u2019occasion des Journ\u00e9es Nationales Prison. Elles se sont d\u00e9roul\u00e9es  du 20 au 26 novembre 2023, autour du th\u00e8me&nbsp;<em>\u00ab\u00a0Sortir de prison, comment r\u00e9ussir l\u2019apr\u00e8s&nbsp;? \u00ab\u00a0<\/em>.<\/p>\n\n\n\n<h6 class=\"wp-block-heading\">L&rsquo;affichette de pr\u00e9sentation \u00e9tait<\/h6>\n\n\n\n<figure class=\"wp-block-image aligncenter size-full is-resized\"><img loading=\"lazy\" decoding=\"async\" width=\"565\" height=\"800\" src=\"\/wp-content\/uploads\/2025\/10\/2023-06-affiche-jnp-jpg.jpg\" alt=\"\" class=\"wp-image-713\" style=\"width:415px;height:auto\" srcset=\"https:\/\/farapej-1.rezo.pro\/wp-content\/uploads\/2025\/10\/2023-06-affiche-jnp-jpg.jpg 565w, https:\/\/farapej-1.rezo.pro\/wp-content\/uploads\/2025\/10\/2023-06-affiche-jnp-jpg-212x300.jpg 212w\" sizes=\"auto, (max-width: 565px) 100vw, 565px\" \/><\/figure>\n\n\n\n<h2 class=\"wp-block-heading\">Rappel historique<\/h2>\n\n\n\n<h3 class=\"wp-block-heading\">Rappel des th\u00e8mes JNP depuis leur cr\u00e9ation <\/h3>\n\n\n\n<p>1991 &#8211; La Prison est-elle un rem\u00e8de \u00e0 la d\u00e9linquance\u202f?<\/p>\n\n\n\n<p>1992 &#8211; La Prison, en sortir !<\/p>\n\n\n\n<p>1994 &#8211; Femmes, enfants et familles de prisonniers<\/p>\n\n\n\n<p>1996 &#8211; Des prisons et des jeunes\u00a0<\/p>\n\n\n\n<p>1998 &#8211; La prison, comment en parler ?<\/p>\n\n\n\n<p>1999 &#8211; La prison et la cit\u00e9<\/p>\n\n\n\n<p>2000 &#8211; La famille devant la prison<\/p>\n\n\n\n<p>2001 &#8211; La prison, pour qui ? pour quoi ?<\/p>\n\n\n\n<p>2002 &#8211; La prison, et apr\u00e8s ?<\/p>\n\n\n\n<p>2003 &#8211; Sant\u00e9 \u2013 Surpopulation \u2013 Famille<\/p>\n\n\n\n<p>2004 : \u00c0 qui profite la prison ? le sens de la peine<\/p>\n\n\n\n<p>2005 &#8211; La prison \u00e7a n\u2019arrive pas qu\u2019aux autres<\/p>\n\n\n\n<p>2006 &#8211; La prison\u2026 s\u2019en sortir<\/p>\n\n\n\n<p>2007 &#8211; La prison, ce n&rsquo;est pas automatique<\/p>\n\n\n\n<p>2008 &#8211; Jeunes en prison\u2026 d\u00e9but ou fin des probl\u00e8mes ?<\/p>\n\n\n\n<p>2009 &#8211; La citoyennet\u00e9 ne s\u2019arr\u00eate pas aux portes des Prisons<\/p>\n\n\n\n<p>2010 &#8211; La prison resterait-elle la derni\u00e8re grande muette ?\u00a0<\/p>\n\n\n\n<p>2011 &#8211; Prison, entreprise d\u2019insertion\u00a0<\/p>\n\n\n\n<p>2012 &#8211; Prison, c\u2019est pas la peine d\u2019en rajouter\u00a0<\/p>\n\n\n\n<p>2013 &#8211; La sant\u00e9 \u00e0 l\u2019\u00e9preuve de la prison\u00a0<\/p>\n\n\n\n<p>2014 &#8211; Des murs et des hommes\u00a0<\/p>\n\n\n\n<p>2015 &#8211; Moins punir pour mieux reconstruire (combattre les effets destructeurs de notre syst\u00e8me p\u00e9nal)\u00a0<\/p>\n\n\n\n<p>2016 &#8211; Prison, vivre enferm\u00e9\u00a0<\/p>\n\n\n\n<p>2017 &#8211; Prison, les oubli\u00e9s de la soci\u00e9t\u00e9\u00a0<\/p>\n\n\n\n<p>2018 &#8211; Prison : Peines de corps\u00a0<\/p>\n\n\n\n<p>2019 &#8211; Prison, sortir du cercle vicieux&nbsp;<\/p>\n\n\n\n<p>2020 &#8211; ANNULATION \/ CRISE SANITAIRE&nbsp;<\/p>\n\n\n\n<p>2021- Prison, une communaut\u00e9 \u00e0 part ?&nbsp;<\/p>\n\n\n\n<p>2022 &#8211; Pauvret\u00e9 dedans, Pauvret\u00e9 dehors&nbsp;<\/p>\n\n\n\n<p>2023 &#8211; Sortir de prison, comment r\u00e9ussir l\u2019apr\u00e8s ?&nbsp;<\/p>\n\n\n\n<p>2024 &#8211; La prison, une peine partag\u00e9e (place de la famille)<\/p>\n","protected":false},"excerpt":{"rendered":"<p>Journ\u00e9es Nationales Prison 2024 Comme chaque ann\u00e9e, les associations du milieu prison-justice \u00e9taient invit\u00e9es \u00e0 organiser des \u00e9v\u00e9nements partout en France \u00e0 l\u2019occasion des Journ\u00e9es Nationales Prison. Elles se sont d\u00e9roul\u00e9es du 25 au 29 novembre 2024, autour du th\u00e8me&nbsp;\u00ab\u00a0La prison, une peine familiale\u00a0\u00bb. Voici l&rsquo;affiche : Journ\u00e9es nationales prison 2023 Comme chaque ann\u00e9e, les [&hellip;]<\/p>\n","protected":false},"author":6,"featured_media":709,"parent":64,"menu_order":10,"comment_status":"closed","ping_status":"closed","template":"","meta":{"_acf_changed":false,"footnotes":""},"class_list":["post-2399","page","type-page","status-publish","has-post-thumbnail","hentry"],"acf":[],"_links":{"self":[{"href":"https:\/\/farapej-1.rezo.pro\/index.php\/wp-json\/wp\/v2\/pages\/2399","targetHints":{"allow":["GET"]}}],"collection":[{"href":"https:\/\/farapej-1.rezo.pro\/index.php\/wp-json\/wp\/v2\/pages"}],"about":[{"href":"https:\/\/farapej-1.rezo.pro\/index.php\/wp-json\/wp\/v2\/types\/page"}],"author":[{"embeddable":true,"href":"https:\/\/farapej-1.rezo.pro\/index.php\/wp-json\/wp\/v2\/users\/6"}],"replies":[{"embeddable":true,"href":"https:\/\/farapej-1.rezo.pro\/index.php\/wp-json\/wp\/v2\/comments?post=2399"}],"version-history":[{"count":3,"href":"https:\/\/farapej-1.rezo.pro\/index.php\/wp-json\/wp\/v2\/pages\/2399\/revisions"}],"predecessor-version":[{"id":2580,"href":"https:\/\/farapej-1.rezo.pro\/index.php\/wp-json\/wp\/v2\/pages\/2399\/revisions\/2580"}],"up":[{"embeddable":true,"href":"https:\/\/farapej-1.rezo.pro\/index.php\/wp-json\/wp\/v2\/pages\/64"}],"wp:featuredmedia":[{"embeddable":true,"href":"https:\/\/farapej-1.rezo.pro\/index.php\/wp-json\/wp\/v2\/media\/709"}],"wp:attachment":[{"href":"https:\/\/farapej-1.rezo.pro\/index.php\/wp-json\/wp\/v2\/media?parent=2399"}],"curies":[{"name":"wp","href":"https:\/\/api.w.org\/{rel}","templated":true}]}}