{"id":2403,"date":"2025-11-05T15:37:51","date_gmt":"2025-11-05T14:37:51","guid":{"rendered":"https:\/\/farapej.fr\/?page_id=2403"},"modified":"2025-11-05T15:57:36","modified_gmt":"2025-11-05T14:57:36","slug":"les-journees-nationales-prison-2025","status":"publish","type":"page","link":"https:\/\/farapej-1.rezo.pro\/index.php\/nos-actions\/les-journees-nationales-prison\/les-journees-nationales-prison-2025\/","title":{"rendered":"Les Journ\u00e9es Nationales Prison 2025"},"content":{"rendered":"\n<p><\/p>\n\n\n\n<h2 class=\"wp-block-heading\">Des initiatives partout en France<\/h2>\n\n\n\n<p>Les 32\u1d49 JNP se d\u00e9rouleront du 24 au 30 novembre 2025<br>Le th\u00e8me g\u00e9n\u00e9ral ouvre \u00e0 la r\u00e9flexion sur les sous th\u00e8mes suivants&nbsp;:<\/p>\n\n\n\n<ul class=\"wp-block-list\">\n<li>Faire soci\u00e9t\u00e9 apr\u00e8s la prison =&gt; Pr\u00e9parer sa sortie<\/li>\n\n\n\n<li>R\u00e9ins\u00e9rer =&gt; Se r\u00e9ins\u00e9rer<\/li>\n\n\n\n<li>Lutter contre la r\u00e9cidive =&gt; Sortir de la d\u00e9linquance<\/li>\n\n\n\n<li>Id\u00e9es re\u00e7ues &amp; contre-v\u00e9rit\u00e9s<\/li>\n\n\n\n<li>Surpopulations carc\u00e9rales<\/li>\n<\/ul>\n\n\n\n<h2 class=\"wp-block-heading\">Calendrier des \u00e9v\u00e9nements JNP 2025 <\/h2>\n\n\n\n<p>Vous pouvez dor\u00e9navant retrouver le calendrier des \u00e9v\u00e9nements recens\u00e9s pour les JNP 2025. Tout au long de la semaine vous pourrez mieux comprendre la prison et ses enjeux, et \u00e9changer sur le sujet aupr\u00e8s de b\u00e9n\u00e9voles et professionnel\u00b7les sensibilis\u00e9\u00b7es aux questions carc\u00e9rales et p\u00e9nales lors de conf\u00e9rences, projections de films ou documentaires, repr\u00e9sentations th\u00e9\u00e2trales, etc. <\/p>\n\n\n\n<div class=\"wp-block-file\"><a id=\"wp-block-file--media-a2c2b435-6e73-483f-bcf4-a5770077b96e\" href=\"https:\/\/farapej.fr\/wp-content\/uploads\/2025\/11\/Livret-des-evenements-JNP-2025.pdf\">Livret des \u00e9v\u00e9nements JNP 2025<\/a><a href=\"https:\/\/farapej.fr\/wp-content\/uploads\/2025\/11\/Livret-des-evenements-JNP-2025.pdf\" class=\"wp-block-file__button wp-element-button\" download aria-describedby=\"wp-block-file--media-a2c2b435-6e73-483f-bcf4-a5770077b96e\">T\u00e9l\u00e9charger<\/a><\/div>\n\n\n\n<h3 class=\"wp-block-heading\">L&rsquo;affiche du GNCP (Groupe National de Concertation Prison)<\/h3>\n\n\n\n<p>Vous pouvez t\u00e9l\u00e9charger l&rsquo;affiche des JNP 2025 pour vos \u00e9v\u00e9nements. <\/p>\n\n\n\n<div class=\"wp-block-file\"><a id=\"wp-block-file--media-1e38a6f4-cf25-4e70-90ab-adb72fc5556f\" href=\"\/wp-content\/uploads\/2025\/09\/JNP-2025-Quelle-prison-pour-faire-societe-vignette.jpg\">JNP 2025 Quelle prison pour faire soci\u00e9t\u00e9 vignette<\/a><a href=\"\/wp-content\/uploads\/2025\/09\/JNP-2025-Quelle-prison-pour-faire-societe-vignette.jpg\" class=\"wp-block-file__button wp-element-button\" download aria-describedby=\"wp-block-file--media-1e38a6f4-cf25-4e70-90ab-adb72fc5556f\">T\u00e9l\u00e9charger<\/a><\/div>\n\n\n\n<p><a href=\"https:\/\/farapej.fr\/Les-Journees-Nationales-Prison-2025-du-24-au-30-novembre-2025\"><\/a><\/p>\n\n\n\n<h3 class=\"wp-block-heading\">Le dossier \u00ab\u00a0Ressources\u00a0\u00bb du GNCP pour vous aider \u00e0 pr\u00e9parer les initiatives locales<\/h3>\n\n\n\n<div class=\"wp-block-file\"><a id=\"wp-block-file--media-e2253ff0-1195-4d6c-b254-90cc63a792c2\" href=\"\/wp-content\/uploads\/2025\/09\/Ressources-pour-JNP-2025.pdf\">Ressources pour JNP 2025<\/a><a href=\"\/wp-content\/uploads\/2025\/09\/Ressources-pour-JNP-2025.pdf\" class=\"wp-block-file__button wp-element-button\" download aria-describedby=\"wp-block-file--media-e2253ff0-1195-4d6c-b254-90cc63a792c2\">T\u00e9l\u00e9charger<\/a><\/div>\n\n\n\n<h2 class=\"wp-block-heading\"><\/h2>\n","protected":false},"excerpt":{"rendered":"<p>Des initiatives partout en France Les 32\u1d49 JNP se d\u00e9rouleront du 24 au 30 novembre 2025Le th\u00e8me g\u00e9n\u00e9ral ouvre \u00e0 la r\u00e9flexion sur les sous th\u00e8mes suivants&nbsp;: Calendrier des \u00e9v\u00e9nements JNP 2025 Vous pouvez dor\u00e9navant retrouver le calendrier des \u00e9v\u00e9nements recens\u00e9s pour les JNP 2025. Tout au long de la semaine vous pourrez mieux comprendre [&hellip;]<\/p>\n","protected":false},"author":6,"featured_media":710,"parent":64,"menu_order":5,"comment_status":"closed","ping_status":"closed","template":"","meta":{"_acf_changed":false,"footnotes":""},"class_list":["post-2403","page","type-page","status-publish","has-post-thumbnail","hentry"],"acf":[],"_links":{"self":[{"href":"https:\/\/farapej-1.rezo.pro\/index.php\/wp-json\/wp\/v2\/pages\/2403","targetHints":{"allow":["GET"]}}],"collection":[{"href":"https:\/\/farapej-1.rezo.pro\/index.php\/wp-json\/wp\/v2\/pages"}],"about":[{"href":"https:\/\/farapej-1.rezo.pro\/index.php\/wp-json\/wp\/v2\/types\/page"}],"author":[{"embeddable":true,"href":"https:\/\/farapej-1.rezo.pro\/index.php\/wp-json\/wp\/v2\/users\/6"}],"replies":[{"embeddable":true,"href":"https:\/\/farapej-1.rezo.pro\/index.php\/wp-json\/wp\/v2\/comments?post=2403"}],"version-history":[{"count":4,"href":"https:\/\/farapej-1.rezo.pro\/index.php\/wp-json\/wp\/v2\/pages\/2403\/revisions"}],"predecessor-version":[{"id":2415,"href":"https:\/\/farapej-1.rezo.pro\/index.php\/wp-json\/wp\/v2\/pages\/2403\/revisions\/2415"}],"up":[{"embeddable":true,"href":"https:\/\/farapej-1.rezo.pro\/index.php\/wp-json\/wp\/v2\/pages\/64"}],"wp:featuredmedia":[{"embeddable":true,"href":"https:\/\/farapej-1.rezo.pro\/index.php\/wp-json\/wp\/v2\/media\/710"}],"wp:attachment":[{"href":"https:\/\/farapej-1.rezo.pro\/index.php\/wp-json\/wp\/v2\/media?parent=2403"}],"curies":[{"name":"wp","href":"https:\/\/api.w.org\/{rel}","templated":true}]}}