{"id":2484,"date":"2025-11-26T16:34:23","date_gmt":"2025-11-26T15:34:23","guid":{"rendered":"https:\/\/farapej.fr\/?page_id=2484"},"modified":"2026-01-09T09:56:21","modified_gmt":"2026-01-09T08:56:21","slug":"les-programmes-de-formations","status":"publish","type":"page","link":"https:\/\/farapej-1.rezo.pro\/index.php\/nos-actions\/les-formations\/les-programmes-de-formations\/","title":{"rendered":"Les programmes de formations des ann\u00e9es pr\u00e9c\u00e9dentes"},"content":{"rendered":"\n<p>Les programmes de la FARAPEJ sont semestriels. Si certaines formations reviennent r\u00e9guli\u00e8rement, nous veillons \u00e9galement \u00e0 renouveler notre offre. Consulter nos catalogues pr\u00e9c\u00e9dents peut ainsi vous permettre d\u2019identifier des th\u00e9matiques qui vous int\u00e9ressent et de nous faire part de votre int\u00e9r\u00eat pour des formations qui ne sont plus propos\u00e9es. N\u2019h\u00e9sitez pas \u00e0 nous contacter pour toute question sur nos formations ou pour exprimer des besoins sp\u00e9cifiques non couverts.<\/p>\n\n\n\n<ul class=\"wp-block-list\">\n<li>Formations 2025 : <\/li>\n<\/ul>\n\n\n\n<div class=\"wp-block-file\"><a id=\"wp-block-file--media-3b1dadd5-75e5-4eaa-8041-93803ffef8ed\" href=\"https:\/\/farapej.fr\/wp-content\/uploads\/2025\/11\/Calendrier-Formations-S2-2025.pdf\">Calendrier Formations  S2 2025<\/a><a href=\"https:\/\/farapej.fr\/wp-content\/uploads\/2025\/11\/Calendrier-Formations-S2-2025.pdf\" class=\"wp-block-file__button wp-element-button\" download aria-describedby=\"wp-block-file--media-3b1dadd5-75e5-4eaa-8041-93803ffef8ed\">T\u00e9l\u00e9charger<\/a><\/div>\n\n\n\n<div class=\"wp-block-file\"><a id=\"wp-block-file--media-e69db812-95ca-4aee-b18e-c0f33ab42ec2\" href=\"https:\/\/farapej.fr\/wp-content\/uploads\/2025\/11\/Calendrier-S1-2025.pdf\">Calendrier Formations S1 2025<\/a><a href=\"https:\/\/farapej.fr\/wp-content\/uploads\/2025\/11\/Calendrier-S1-2025.pdf\" class=\"wp-block-file__button wp-element-button\" download aria-describedby=\"wp-block-file--media-e69db812-95ca-4aee-b18e-c0f33ab42ec2\">T\u00e9l\u00e9charger<\/a><\/div>\n\n\n\n<p><\/p>\n","protected":false},"excerpt":{"rendered":"<p>Les programmes de la FARAPEJ sont semestriels. Si certaines formations reviennent r\u00e9guli\u00e8rement, nous veillons \u00e9galement \u00e0 renouveler notre offre. Consulter nos catalogues pr\u00e9c\u00e9dents peut ainsi vous permettre d\u2019identifier des th\u00e9matiques qui vous int\u00e9ressent et de nous faire part de votre int\u00e9r\u00eat pour des formations qui ne sont plus propos\u00e9es. N\u2019h\u00e9sitez pas \u00e0 nous contacter pour [&hellip;]<\/p>\n","protected":false},"author":6,"featured_media":1776,"parent":62,"menu_order":20,"comment_status":"closed","ping_status":"closed","template":"","meta":{"_acf_changed":false,"footnotes":""},"class_list":["post-2484","page","type-page","status-publish","has-post-thumbnail","hentry"],"acf":[],"_links":{"self":[{"href":"https:\/\/farapej-1.rezo.pro\/index.php\/wp-json\/wp\/v2\/pages\/2484","targetHints":{"allow":["GET"]}}],"collection":[{"href":"https:\/\/farapej-1.rezo.pro\/index.php\/wp-json\/wp\/v2\/pages"}],"about":[{"href":"https:\/\/farapej-1.rezo.pro\/index.php\/wp-json\/wp\/v2\/types\/page"}],"author":[{"embeddable":true,"href":"https:\/\/farapej-1.rezo.pro\/index.php\/wp-json\/wp\/v2\/users\/6"}],"replies":[{"embeddable":true,"href":"https:\/\/farapej-1.rezo.pro\/index.php\/wp-json\/wp\/v2\/comments?post=2484"}],"version-history":[{"count":4,"href":"https:\/\/farapej-1.rezo.pro\/index.php\/wp-json\/wp\/v2\/pages\/2484\/revisions"}],"predecessor-version":[{"id":2558,"href":"https:\/\/farapej-1.rezo.pro\/index.php\/wp-json\/wp\/v2\/pages\/2484\/revisions\/2558"}],"up":[{"embeddable":true,"href":"https:\/\/farapej-1.rezo.pro\/index.php\/wp-json\/wp\/v2\/pages\/62"}],"wp:featuredmedia":[{"embeddable":true,"href":"https:\/\/farapej-1.rezo.pro\/index.php\/wp-json\/wp\/v2\/media\/1776"}],"wp:attachment":[{"href":"https:\/\/farapej-1.rezo.pro\/index.php\/wp-json\/wp\/v2\/media?parent=2484"}],"curies":[{"name":"wp","href":"https:\/\/api.w.org\/{rel}","templated":true}]}}