{"id":2589,"date":"2026-02-04T10:08:06","date_gmt":"2026-02-04T09:08:06","guid":{"rendered":"https:\/\/farapej.fr\/?page_id=2589"},"modified":"2026-02-04T10:13:48","modified_gmt":"2026-02-04T09:13:48","slug":"conference-le-sens-de-la-peine","status":"publish","type":"page","link":"https:\/\/farapej-1.rezo.pro\/index.php\/nos-actions\/les-conferences-journees-detude-colloques\/les-conferences\/conference-le-sens-de-la-peine\/","title":{"rendered":"Conf\u00e9rence &#8211; Le sens de la peine"},"content":{"rendered":"\n<p><\/p>\n\n\n\n<h5 class=\"wp-block-heading\">Dans le cadre de ses r\u00e9flexions collectives sur les pratiques p\u00e9nales et la justice, la FARAPEJ a organis\u00e9 une conf\u00e9rence-d\u00e9bat sur \u00ab&nbsp;le sens de la peine.&nbsp;\u00bb<\/h5>\n\n\n\n<p><strong>Le 5 juin 2025 la Farapej a organis\u00e9 \u00e0 Paris et en visio une conf\u00e9rence-d\u00e9bat sur le th\u00e8me du sens de la peine avec Denis Salas Magistrat, magistrat et historien, Lucie Charvet, Directrice p\u00e9nitentiaire d\u2019insertion et de probation, et Elise Lebas, vice-pr\u00e9sidente en charge de l\u2019application de peines au tribunal judiciaire de Bobigny.<\/strong><\/p>\n\n\n\n<div style=\"height:34px\" aria-hidden=\"true\" class=\"wp-block-spacer\"><\/div>\n\n\n\n<p>La pr\u00e9sentation des intervenants par Ir\u00e8ne Carbonnier, pr\u00e9sidente de la FARAPEJ<\/p>\n\n\n\n<figure class=\"wp-block-video\"><video height=\"720\" style=\"aspect-ratio: 1280 \/ 720;\" width=\"1280\" controls src=\"https:\/\/farapej.fr\/wp-content\/uploads\/2025\/09\/conference-le-sens-de-la-peine-presentation-des-intervenants.mp4\"><\/video><\/figure>\n","protected":false},"excerpt":{"rendered":"<p>Dans le cadre de ses r\u00e9flexions collectives sur les pratiques p\u00e9nales et la justice, la FARAPEJ a organis\u00e9 une conf\u00e9rence-d\u00e9bat sur \u00ab&nbsp;le sens de la peine.&nbsp;\u00bb Le 5 juin 2025 la Farapej a organis\u00e9 \u00e0 Paris et en visio une conf\u00e9rence-d\u00e9bat sur le th\u00e8me du sens de la peine avec Denis Salas Magistrat, magistrat et [&hellip;]<\/p>\n","protected":false},"author":6,"featured_media":1472,"parent":1257,"menu_order":0,"comment_status":"closed","ping_status":"closed","template":"","meta":{"_acf_changed":false,"footnotes":""},"class_list":["post-2589","page","type-page","status-publish","has-post-thumbnail","hentry"],"acf":[],"_links":{"self":[{"href":"https:\/\/farapej-1.rezo.pro\/index.php\/wp-json\/wp\/v2\/pages\/2589","targetHints":{"allow":["GET"]}}],"collection":[{"href":"https:\/\/farapej-1.rezo.pro\/index.php\/wp-json\/wp\/v2\/pages"}],"about":[{"href":"https:\/\/farapej-1.rezo.pro\/index.php\/wp-json\/wp\/v2\/types\/page"}],"author":[{"embeddable":true,"href":"https:\/\/farapej-1.rezo.pro\/index.php\/wp-json\/wp\/v2\/users\/6"}],"replies":[{"embeddable":true,"href":"https:\/\/farapej-1.rezo.pro\/index.php\/wp-json\/wp\/v2\/comments?post=2589"}],"version-history":[{"count":1,"href":"https:\/\/farapej-1.rezo.pro\/index.php\/wp-json\/wp\/v2\/pages\/2589\/revisions"}],"predecessor-version":[{"id":2590,"href":"https:\/\/farapej-1.rezo.pro\/index.php\/wp-json\/wp\/v2\/pages\/2589\/revisions\/2590"}],"up":[{"embeddable":true,"href":"https:\/\/farapej-1.rezo.pro\/index.php\/wp-json\/wp\/v2\/pages\/1257"}],"wp:featuredmedia":[{"embeddable":true,"href":"https:\/\/farapej-1.rezo.pro\/index.php\/wp-json\/wp\/v2\/media\/1472"}],"wp:attachment":[{"href":"https:\/\/farapej-1.rezo.pro\/index.php\/wp-json\/wp\/v2\/media?parent=2589"}],"curies":[{"name":"wp","href":"https:\/\/api.w.org\/{rel}","templated":true}]}}