{"id":39,"date":"2025-09-23T09:41:53","date_gmt":"2025-09-23T07:41:53","guid":{"rendered":"https:\/\/farapej-1.rezo.pro\/?page_id=39"},"modified":"2025-11-11T16:33:00","modified_gmt":"2025-11-11T15:33:00","slug":"notre-reseau","status":"publish","type":"page","link":"https:\/\/farapej-1.rezo.pro\/index.php\/notre-reseau\/","title":{"rendered":"Le r\u00e9seau"},"content":{"rendered":"\n<p>En 2025 la FARAPEJ regroupe plus de 60 associations qui interviennent dans des domaines vari\u00e9s :<\/p>\n\n\n\n<ul class=\"wp-block-list\">\n<li>Soutien aux familles et proches en attente de parloirs ;<\/li>\n\n\n\n<li>Assistance mat\u00e9rielle des personnes d\u00e9tenues ;<\/li>\n\n\n\n<li>Acc\u00e8s aux droits des personnes d\u00e9tenues, \u00e9crou\u00e9es ;<\/li>\n\n\n\n<li>Accompagnement de personnes sortant de prison, \u00e9crou\u00e9es ;<\/li>\n\n\n\n<li>Information et sensibilisation.<\/li>\n\n\n\n<li>Interventions en d\u00e9tention<\/li>\n<\/ul>\n\n\n\n<p class=\"has-text-align-center\">Cet arbre symbolise le r\u00e9seau FARAPEJ . Cliquer dessus pour l&rsquo;agrandir<\/p>\n\n\n\n<figure data-wp-context=\"{&quot;imageId&quot;:&quot;69e7caa3cf2db&quot;}\" data-wp-interactive=\"core\/image\" data-wp-key=\"69e7caa3cf2db\" class=\"wp-block-image aligncenter size-large is-resized wp-lightbox-container\"><img loading=\"lazy\" decoding=\"async\" width=\"1024\" height=\"1024\" data-wp-class--hide=\"state.isContentHidden\" data-wp-class--show=\"state.isContentVisible\" data-wp-init=\"callbacks.setButtonStyles\" data-wp-on--click=\"actions.showLightbox\" data-wp-on--load=\"callbacks.setButtonStyles\" data-wp-on-window--resize=\"callbacks.setButtonStyles\" src=\"https:\/\/farapej.fr\/wp-content\/uploads\/2025\/10\/ARBRE-RESEAU-FARAPEJ-Bleu-Original-1024x1024.jpg\" alt=\"Le r\u00e9seau des associations adh\u00e9rentes \u00e0 la FARAPEJ\" class=\"wp-image-2111\" style=\"width:472px;height:auto\" srcset=\"https:\/\/farapej-1.rezo.pro\/wp-content\/uploads\/2025\/10\/ARBRE-RESEAU-FARAPEJ-Bleu-Original-1024x1024.jpg 1024w, https:\/\/farapej-1.rezo.pro\/wp-content\/uploads\/2025\/10\/ARBRE-RESEAU-FARAPEJ-Bleu-Original-300x300.jpg 300w, https:\/\/farapej-1.rezo.pro\/wp-content\/uploads\/2025\/10\/ARBRE-RESEAU-FARAPEJ-Bleu-Original-150x150.jpg 150w, https:\/\/farapej-1.rezo.pro\/wp-content\/uploads\/2025\/10\/ARBRE-RESEAU-FARAPEJ-Bleu-Original-768x768.jpg 768w, https:\/\/farapej-1.rezo.pro\/wp-content\/uploads\/2025\/10\/ARBRE-RESEAU-FARAPEJ-Bleu-Original-1536x1536.jpg 1536w, https:\/\/farapej-1.rezo.pro\/wp-content\/uploads\/2025\/10\/ARBRE-RESEAU-FARAPEJ-Bleu-Original-2048x2048.jpg 2048w\" sizes=\"auto, (max-width: 1024px) 100vw, 1024px\" \/><button\n\t\t\tclass=\"lightbox-trigger\"\n\t\t\ttype=\"button\"\n\t\t\taria-haspopup=\"dialog\"\n\t\t\taria-label=\"Agrandir\"\n\t\t\tdata-wp-init=\"callbacks.initTriggerButton\"\n\t\t\tdata-wp-on--click=\"actions.showLightbox\"\n\t\t\tdata-wp-style--right=\"state.imageButtonRight\"\n\t\t\tdata-wp-style--top=\"state.imageButtonTop\"\n\t\t>\n\t\t\t<svg xmlns=\"http:\/\/www.w3.org\/2000\/svg\" width=\"12\" height=\"12\" fill=\"none\" viewBox=\"0 0 12 12\">\n\t\t\t\t<path fill=\"#fff\" d=\"M2 0a2 2 0 0 0-2 2v2h1.5V2a.5.5 0 0 1 .5-.5h2V0H2Zm2 10.5H2a.5.5 0 0 1-.5-.5V8H0v2a2 2 0 0 0 2 2h2v-1.5ZM8 12v-1.5h2a.5.5 0 0 0 .5-.5V8H12v2a2 2 0 0 1-2 2H8Zm2-12a2 2 0 0 1 2 2v2h-1.5V2a.5.5 0 0 0-.5-.5H8V0h2Z\" \/>\n\t\t\t<\/svg>\n\t\t<\/button><figcaption class=\"wp-element-caption\">Le r\u00e9seau des associations FARAPEJ<\/figcaption><\/figure>\n\n\n\n<div class=\"wp-block-group sous-pages has-global-padding is-layout-constrained wp-block-group-is-layout-constrained\" data-aos=\"fade-up\" data-aos-delay=\"1000\" data-aos-duration=\"950\">\n<h3 class=\"wp-block-heading alignfull has-text-align-center has-accent-2-color has-text-color has-link-color wp-elements-37e15ebcb615df8ef8d04bd6d2949a8f\">Notre r\u00e9seau : les pages associ\u00e9es<\/h3>\n\n\n\n<div class=\"wp-block-query alignwide is-layout-flow wp-block-query-is-layout-flow\">\n<div class=\"wp-block-group is-layout-flow wp-block-group-is-layout-flow\" style=\"margin-top:0;margin-bottom:0;padding-top:var(--wp--preset--spacing--10);padding-right:var(--wp--preset--spacing--10);padding-bottom:var(--wp--preset--spacing--10);padding-left:var(--wp--preset--spacing--10)\"><ul class=\"columns-4 alignfull wp-block-post-template is-layout-grid wp-container-core-post-template-is-layout-0eac9162 wp-block-post-template-is-layout-grid\"><li class=\"wp-block-post post-41 page type-page status-publish has-post-thumbnail hentry\">\n\n<div class=\"wp-block-group is-vertical is-content-justification-center is-nowrap is-layout-flex wp-container-core-group-is-layout-7be2fa9c wp-block-group-is-layout-flex\" style=\"margin-top:var(--wp--preset--spacing--20);padding-top:0\"><figure style=\"aspect-ratio:16\/9;height:100px; padding-bottom:0;margin-bottom:0;\" class=\"wp-block-post-featured-image\"><a href=\"https:\/\/farapej-1.rezo.pro\/index.php\/notre-reseau\/les-associations-adherentes\/\" target=\"_self\"  style=\"height:100px\"><img loading=\"lazy\" decoding=\"async\" width=\"400\" height=\"400\" src=\"https:\/\/farapej-1.rezo.pro\/wp-content\/uploads\/2025\/11\/SUPPLEMENT-ARBRE-PARTENAIRES-Origina-vignette-400x400l.jpeg\" class=\"attachment-full size-full wp-post-image\" alt=\"Les associations\" style=\"width:100%;height:100%;object-fit:contain;\" srcset=\"https:\/\/farapej-1.rezo.pro\/wp-content\/uploads\/2025\/11\/SUPPLEMENT-ARBRE-PARTENAIRES-Origina-vignette-400x400l.jpeg 400w, https:\/\/farapej-1.rezo.pro\/wp-content\/uploads\/2025\/11\/SUPPLEMENT-ARBRE-PARTENAIRES-Origina-vignette-400x400l-300x300.jpeg 300w, https:\/\/farapej-1.rezo.pro\/wp-content\/uploads\/2025\/11\/SUPPLEMENT-ARBRE-PARTENAIRES-Origina-vignette-400x400l-150x150.jpeg 150w\" sizes=\"auto, (max-width: 400px) 100vw, 400px\" \/><\/a><\/figure>\n\n<h2 class=\"has-text-align-center has-link-color wp-elements-e9dbd46998321df0402018f70002c1a8 wp-block-post-title has-text-color has-accent-3-color has-medium-font-size wp-container-content-32e3a40d\"><a href=\"https:\/\/farapej-1.rezo.pro\/index.php\/notre-reseau\/les-associations-adherentes\/\" target=\"_self\" >Les associations<\/a><\/h2>\n\n<div class=\"has-text-align-center wp-block-post-excerpt has-text-color has-contrast-2-color has-small-font-size wp-container-content-32e3a40d\"><p class=\"wp-block-post-excerpt__excerpt\">Vous trouverez sur cette page les coordonn\u00e9es des associations du r\u00e9seau FARAPEJ <\/p><\/div>\n\n\n<div style=\"height:23px\" aria-hidden=\"true\" class=\"wp-block-spacer wp-container-content-78b3b043\"><\/div>\n<\/div>\n\n<\/li><li class=\"wp-block-post post-1331 page type-page status-publish has-post-thumbnail hentry\">\n\n<div class=\"wp-block-group is-vertical is-content-justification-center is-nowrap is-layout-flex wp-container-core-group-is-layout-7be2fa9c wp-block-group-is-layout-flex\" style=\"margin-top:var(--wp--preset--spacing--20);padding-top:0\"><figure style=\"aspect-ratio:16\/9;height:100px; padding-bottom:0;margin-bottom:0;\" class=\"wp-block-post-featured-image\"><a href=\"https:\/\/farapej-1.rezo.pro\/index.php\/notre-reseau\/adhesion-association\/\" target=\"_self\"  style=\"height:100px\"><img loading=\"lazy\" decoding=\"async\" width=\"400\" height=\"400\" src=\"https:\/\/farapej-1.rezo.pro\/wp-content\/uploads\/2025\/11\/SUPPLEMENT-ARBRE-PARTENAIRES-Origina-vignette-400x400l.jpeg\" class=\"attachment-full size-full wp-post-image\" alt=\"Adh\u00e9sion d&rsquo;une association\" style=\"width:100%;height:100%;object-fit:contain;\" srcset=\"https:\/\/farapej-1.rezo.pro\/wp-content\/uploads\/2025\/11\/SUPPLEMENT-ARBRE-PARTENAIRES-Origina-vignette-400x400l.jpeg 400w, https:\/\/farapej-1.rezo.pro\/wp-content\/uploads\/2025\/11\/SUPPLEMENT-ARBRE-PARTENAIRES-Origina-vignette-400x400l-300x300.jpeg 300w, https:\/\/farapej-1.rezo.pro\/wp-content\/uploads\/2025\/11\/SUPPLEMENT-ARBRE-PARTENAIRES-Origina-vignette-400x400l-150x150.jpeg 150w\" sizes=\"auto, (max-width: 400px) 100vw, 400px\" \/><\/a><\/figure>\n\n<h2 class=\"has-text-align-center has-link-color wp-elements-e9dbd46998321df0402018f70002c1a8 wp-block-post-title has-text-color has-accent-3-color has-medium-font-size wp-container-content-32e3a40d\"><a href=\"https:\/\/farapej-1.rezo.pro\/index.php\/notre-reseau\/adhesion-association\/\" target=\"_self\" >Adh\u00e9sion d&rsquo;une association<\/a><\/h2>\n\n<div class=\"has-text-align-center wp-block-post-excerpt has-text-color has-contrast-2-color has-small-font-size wp-container-content-32e3a40d\"><p class=\"wp-block-post-excerpt__excerpt\">Article 7 des statuts de la F\u00e9d\u00e9ration La demande d\u2019adh\u00e9sion d&rsquo;une association \u00e0 la F\u00e9d\u00e9ration, soit comme membre actif, soit\u2026 <\/p><\/div>\n\n\n<div style=\"height:23px\" aria-hidden=\"true\" class=\"wp-block-spacer wp-container-content-78b3b043\"><\/div>\n<\/div>\n\n<\/li><li class=\"wp-block-post post-1333 page type-page status-publish has-post-thumbnail hentry\">\n\n<div class=\"wp-block-group is-vertical is-content-justification-center is-nowrap is-layout-flex wp-container-core-group-is-layout-7be2fa9c wp-block-group-is-layout-flex\" style=\"margin-top:var(--wp--preset--spacing--20);padding-top:0\"><figure style=\"aspect-ratio:16\/9;height:100px; padding-bottom:0;margin-bottom:0;\" class=\"wp-block-post-featured-image\"><a href=\"https:\/\/farapej-1.rezo.pro\/index.php\/notre-reseau\/adhesion-individuelle\/\" target=\"_self\"  style=\"height:100px\"><img loading=\"lazy\" decoding=\"async\" width=\"400\" height=\"400\" src=\"https:\/\/farapej-1.rezo.pro\/wp-content\/uploads\/2025\/11\/SUPPLEMENT-ARBRE-PARTENAIRES-Origina-vignette-400x400l.jpeg\" class=\"attachment-full size-full wp-post-image\" alt=\"Adh\u00e9sion individuelle\" style=\"width:100%;height:100%;object-fit:contain;\" srcset=\"https:\/\/farapej-1.rezo.pro\/wp-content\/uploads\/2025\/11\/SUPPLEMENT-ARBRE-PARTENAIRES-Origina-vignette-400x400l.jpeg 400w, https:\/\/farapej-1.rezo.pro\/wp-content\/uploads\/2025\/11\/SUPPLEMENT-ARBRE-PARTENAIRES-Origina-vignette-400x400l-300x300.jpeg 300w, https:\/\/farapej-1.rezo.pro\/wp-content\/uploads\/2025\/11\/SUPPLEMENT-ARBRE-PARTENAIRES-Origina-vignette-400x400l-150x150.jpeg 150w\" sizes=\"auto, (max-width: 400px) 100vw, 400px\" \/><\/a><\/figure>\n\n<h2 class=\"has-text-align-center has-link-color wp-elements-e9dbd46998321df0402018f70002c1a8 wp-block-post-title has-text-color has-accent-3-color has-medium-font-size wp-container-content-32e3a40d\"><a href=\"https:\/\/farapej-1.rezo.pro\/index.php\/notre-reseau\/adhesion-individuelle\/\" target=\"_self\" >Adh\u00e9sion individuelle<\/a><\/h2>\n\n<div class=\"has-text-align-center wp-block-post-excerpt has-text-color has-contrast-2-color has-small-font-size wp-container-content-32e3a40d\"><p class=\"wp-block-post-excerpt__excerpt\">Il est possible d&rsquo;adh\u00e9rer individuellement \u00e0 la FARAPEJ. L&rsquo;adh\u00e9sion peut se faire sur Helloasso, (voir le formulaire ci-dessous) ou par\u2026 <\/p><\/div>\n\n\n<div style=\"height:23px\" aria-hidden=\"true\" class=\"wp-block-spacer wp-container-content-78b3b043\"><\/div>\n<\/div>\n\n<\/li><li class=\"wp-block-post post-1515 page type-page status-publish has-post-thumbnail hentry\">\n\n<div class=\"wp-block-group is-vertical is-content-justification-center is-nowrap is-layout-flex wp-container-core-group-is-layout-7be2fa9c wp-block-group-is-layout-flex\" style=\"margin-top:var(--wp--preset--spacing--20);padding-top:0\"><figure style=\"aspect-ratio:16\/9;height:100px; padding-bottom:0;margin-bottom:0;\" class=\"wp-block-post-featured-image\"><a href=\"https:\/\/farapej-1.rezo.pro\/index.php\/notre-reseau\/partenaires\/\" target=\"_self\"  style=\"height:100px\"><img loading=\"lazy\" decoding=\"async\" width=\"400\" height=\"400\" src=\"https:\/\/farapej-1.rezo.pro\/wp-content\/uploads\/2025\/11\/SUPPLEMENT-ARBRE-PARTENAIRES-Origina-vignette-400x400l.jpeg\" class=\"attachment-full size-full wp-post-image\" alt=\"Partenaires\" style=\"width:100%;height:100%;object-fit:contain;\" srcset=\"https:\/\/farapej-1.rezo.pro\/wp-content\/uploads\/2025\/11\/SUPPLEMENT-ARBRE-PARTENAIRES-Origina-vignette-400x400l.jpeg 400w, https:\/\/farapej-1.rezo.pro\/wp-content\/uploads\/2025\/11\/SUPPLEMENT-ARBRE-PARTENAIRES-Origina-vignette-400x400l-300x300.jpeg 300w, https:\/\/farapej-1.rezo.pro\/wp-content\/uploads\/2025\/11\/SUPPLEMENT-ARBRE-PARTENAIRES-Origina-vignette-400x400l-150x150.jpeg 150w\" sizes=\"auto, (max-width: 400px) 100vw, 400px\" \/><\/a><\/figure>\n\n<h2 class=\"has-text-align-center has-link-color wp-elements-e9dbd46998321df0402018f70002c1a8 wp-block-post-title has-text-color has-accent-3-color has-medium-font-size wp-container-content-32e3a40d\"><a href=\"https:\/\/farapej-1.rezo.pro\/index.php\/notre-reseau\/partenaires\/\" target=\"_self\" >Partenaires<\/a><\/h2>\n\n<div class=\"has-text-align-center wp-block-post-excerpt has-text-color has-contrast-2-color has-small-font-size wp-container-content-32e3a40d\"><p class=\"wp-block-post-excerpt__excerpt\">Les partenaires et soutiens <\/p><\/div>\n\n\n<div style=\"height:23px\" aria-hidden=\"true\" class=\"wp-block-spacer wp-container-content-78b3b043\"><\/div>\n<\/div>\n\n<\/li><\/ul>\n\n\n<div style=\"margin-top:0;margin-bottom:0;height:30px\" aria-hidden=\"true\" class=\"wp-block-spacer\"><\/div>\n\n\n<\/div>\n<\/div>\n<\/div>\n\n\n\n<p><\/p>\n","protected":false},"excerpt":{"rendered":"<p>En 2025 la FARAPEJ regroupe plus de 60 associations qui interviennent dans des domaines vari\u00e9s : Cet arbre symbolise le r\u00e9seau FARAPEJ . Cliquer dessus pour l&rsquo;agrandir Notre r\u00e9seau : les pages associ\u00e9es<\/p>\n","protected":false},"author":2,"featured_media":1687,"parent":0,"menu_order":20,"comment_status":"closed","ping_status":"closed","template":"","meta":{"_acf_changed":false,"footnotes":""},"class_list":["post-39","page","type-page","status-publish","has-post-thumbnail","hentry"],"acf":[],"_links":{"self":[{"href":"https:\/\/farapej-1.rezo.pro\/index.php\/wp-json\/wp\/v2\/pages\/39","targetHints":{"allow":["GET"]}}],"collection":[{"href":"https:\/\/farapej-1.rezo.pro\/index.php\/wp-json\/wp\/v2\/pages"}],"about":[{"href":"https:\/\/farapej-1.rezo.pro\/index.php\/wp-json\/wp\/v2\/types\/page"}],"author":[{"embeddable":true,"href":"https:\/\/farapej-1.rezo.pro\/index.php\/wp-json\/wp\/v2\/users\/2"}],"replies":[{"embeddable":true,"href":"https:\/\/farapej-1.rezo.pro\/index.php\/wp-json\/wp\/v2\/comments?post=39"}],"version-history":[{"count":32,"href":"https:\/\/farapej-1.rezo.pro\/index.php\/wp-json\/wp\/v2\/pages\/39\/revisions"}],"predecessor-version":[{"id":2418,"href":"https:\/\/farapej-1.rezo.pro\/index.php\/wp-json\/wp\/v2\/pages\/39\/revisions\/2418"}],"wp:featuredmedia":[{"embeddable":true,"href":"https:\/\/farapej-1.rezo.pro\/index.php\/wp-json\/wp\/v2\/media\/1687"}],"wp:attachment":[{"href":"https:\/\/farapej-1.rezo.pro\/index.php\/wp-json\/wp\/v2\/media?parent=39"}],"curies":[{"name":"wp","href":"https:\/\/api.w.org\/{rel}","templated":true}]}}