{"id":60,"date":"2025-09-23T10:50:54","date_gmt":"2025-09-23T08:50:54","guid":{"rendered":"https:\/\/farapej-1.rezo.pro\/?page_id=60"},"modified":"2026-01-22T14:26:46","modified_gmt":"2026-01-22T13:26:46","slug":"nos-actions","status":"publish","type":"page","link":"https:\/\/farapej-1.rezo.pro\/index.php\/nos-actions\/","title":{"rendered":"Nos r\u00e9flexions et actions"},"content":{"rendered":"\n<p>La FARAPEJ et son r\u00e9seau s&rsquo;efforcent d&rsquo;entretenir une r\u00e9flexion \u00e0 propos de la justice p\u00e9nale et de la prison en mettant en places des outils collaboratifs : colloques, journ\u00e9es nationales d&rsquo;\u00e9tude, conf\u00e9rences, programmes de recherche, etc.<\/p>\n\n\n\n<p>Elle d\u00e9veloppe \u00e9galement des actions de terrain au b\u00e9n\u00e9fice des b\u00e9n\u00e9voles et salari\u00e9s des associations adh\u00e9rentes en leur proposant des formations juridiques et \u00e0 l&rsquo;\u00e9coute.<\/p>\n\n\n\n<p>Dans ces diff\u00e9rents cadres, la F\u00e9d\u00e9ration et les associations adh\u00e9rentes font connaitre leurs positions et prises de position sur diff\u00e9rents aspects de la justice p\u00e9nale et de la prison : n\u00e9cessit\u00e9 d&rsquo;une<strong>&nbsp;<\/strong>transformation profonde de la vie en prison, \u00e9volution significative des moyens d\u2019expression, de la place et de l\u2019attention accord\u00e9e aux proches des d\u00e9tenus, de la nature des activit\u00e9s et de l\u2019organisation de la journ\u00e9e de d\u00e9tention et, plus profond\u00e9ment, respect de la dignit\u00e9 de toutes les personnes d\u00e9tenues et sortant de prison. Elles cherchent \u00e9galement \u00e0 convaincre que&nbsp;la prison n\u2019est qu\u2019une peine parmi d\u2019autres&nbsp;et que l\u2019incarc\u00e9ration n&rsquo;est qu\u2019une \u00e9tape de la sanction privative de libert\u00e9 dont l\u2019ex\u00e9cution doit \u00eatre individualis\u00e9e et qui doit pr\u00e9voir une&nbsp;lib\u00e9ration pr\u00e9par\u00e9e, progressive et accompagn\u00e9e.<\/p>\n\n\n\n<div style=\"height:24px\" aria-hidden=\"true\" class=\"wp-block-spacer\"><\/div>\n\n\n\n<div class=\"wp-block-group sous-pages has-global-padding is-layout-constrained wp-block-group-is-layout-constrained\" data-aos=\"fade-up\" data-aos-delay=\"900\" data-aos-duration=\"950\">\n<div class=\"wp-block-query alignwide is-layout-flow wp-block-query-is-layout-flow\">\n<div class=\"wp-block-group is-layout-flow wp-block-group-is-layout-flow\" style=\"margin-top:0;margin-bottom:0;padding-top:var(--wp--preset--spacing--10);padding-right:var(--wp--preset--spacing--10);padding-bottom:var(--wp--preset--spacing--10);padding-left:var(--wp--preset--spacing--10)\"><ul class=\"columns-4 alignfull wp-block-post-template is-layout-grid wp-container-core-post-template-is-layout-0eac9162 wp-block-post-template-is-layout-grid\"><li class=\"wp-block-post post-62 page type-page status-publish has-post-thumbnail hentry\">\n\n<div class=\"wp-block-group is-vertical is-content-justification-center is-nowrap is-layout-flex wp-container-core-group-is-layout-7be2fa9c wp-block-group-is-layout-flex\" style=\"margin-top:var(--wp--preset--spacing--20);padding-top:0\"><figure style=\"aspect-ratio:16\/9;height:100px; padding-bottom:0;margin-bottom:0;\" class=\"wp-block-post-featured-image\"><a href=\"https:\/\/farapej-1.rezo.pro\/index.php\/nos-actions\/les-formations\/\" target=\"_self\"  style=\"height:100px\"><img loading=\"lazy\" decoding=\"async\" width=\"1080\" height=\"1080\" src=\"https:\/\/farapej-1.rezo.pro\/wp-content\/uploads\/2025\/10\/Formation.jpg\" class=\"attachment-full size-full wp-post-image\" alt=\"Les formations\" style=\"width:100%;height:100%;object-fit:contain;\" srcset=\"https:\/\/farapej-1.rezo.pro\/wp-content\/uploads\/2025\/10\/Formation.jpg 1080w, https:\/\/farapej-1.rezo.pro\/wp-content\/uploads\/2025\/10\/Formation-300x300.jpg 300w, https:\/\/farapej-1.rezo.pro\/wp-content\/uploads\/2025\/10\/Formation-1024x1024.jpg 1024w, https:\/\/farapej-1.rezo.pro\/wp-content\/uploads\/2025\/10\/Formation-150x150.jpg 150w, https:\/\/farapej-1.rezo.pro\/wp-content\/uploads\/2025\/10\/Formation-768x768.jpg 768w\" sizes=\"auto, (max-width: 1080px) 100vw, 1080px\" \/><\/a><\/figure>\n\n<h2 class=\"has-text-align-center has-link-color wp-elements-e9dbd46998321df0402018f70002c1a8 wp-block-post-title has-text-color has-accent-3-color has-medium-font-size wp-container-content-32e3a40d\"><a href=\"https:\/\/farapej-1.rezo.pro\/index.php\/nos-actions\/les-formations\/\" target=\"_self\" >Les formations<\/a><\/h2>\n\n<div class=\"has-text-align-center wp-block-post-excerpt has-text-color has-contrast-2-color has-small-font-size wp-container-content-32e3a40d\"><p class=\"wp-block-post-excerpt__excerpt\">Programmes et modalit\u00e9s d&rsquo;inscription Comment s\u2019inscrire&nbsp;? Pour les formations \u00e0 Paris et en visioconf\u00e9rence&nbsp;:Les inscriptions et les r\u00e8glements se font\u2026 <\/p><\/div>\n\n\n<div style=\"height:23px\" aria-hidden=\"true\" class=\"wp-block-spacer wp-container-content-78b3b043\"><\/div>\n<\/div>\n\n<\/li><li class=\"wp-block-post post-64 page type-page status-publish has-post-thumbnail hentry\">\n\n<div class=\"wp-block-group is-vertical is-content-justification-center is-nowrap is-layout-flex wp-container-core-group-is-layout-7be2fa9c wp-block-group-is-layout-flex\" style=\"margin-top:var(--wp--preset--spacing--20);padding-top:0\"><figure style=\"aspect-ratio:16\/9;height:100px; padding-bottom:0;margin-bottom:0;\" class=\"wp-block-post-featured-image\"><a href=\"https:\/\/farapej-1.rezo.pro\/index.php\/nos-actions\/les-journees-nationales-prison\/\" target=\"_self\"  style=\"height:100px\"><img loading=\"lazy\" decoding=\"async\" width=\"1080\" height=\"1080\" src=\"https:\/\/farapej-1.rezo.pro\/wp-content\/uploads\/2025\/10\/Jnp-Original.jpg\" class=\"attachment-full size-full wp-post-image\" alt=\"Les Journ\u00e9es Nationales Prison\" style=\"width:100%;height:100%;object-fit:contain;\" srcset=\"https:\/\/farapej-1.rezo.pro\/wp-content\/uploads\/2025\/10\/Jnp-Original.jpg 1080w, https:\/\/farapej-1.rezo.pro\/wp-content\/uploads\/2025\/10\/Jnp-Original-300x300.jpg 300w, https:\/\/farapej-1.rezo.pro\/wp-content\/uploads\/2025\/10\/Jnp-Original-1024x1024.jpg 1024w, https:\/\/farapej-1.rezo.pro\/wp-content\/uploads\/2025\/10\/Jnp-Original-150x150.jpg 150w, https:\/\/farapej-1.rezo.pro\/wp-content\/uploads\/2025\/10\/Jnp-Original-768x768.jpg 768w\" sizes=\"auto, (max-width: 1080px) 100vw, 1080px\" \/><\/a><\/figure>\n\n<h2 class=\"has-text-align-center has-link-color wp-elements-e9dbd46998321df0402018f70002c1a8 wp-block-post-title has-text-color has-accent-3-color has-medium-font-size wp-container-content-32e3a40d\"><a href=\"https:\/\/farapej-1.rezo.pro\/index.php\/nos-actions\/les-journees-nationales-prison\/\" target=\"_self\" >Les Journ\u00e9es Nationales Prison<\/a><\/h2>\n\n<div class=\"has-text-align-center wp-block-post-excerpt has-text-color has-contrast-2-color has-small-font-size wp-container-content-32e3a40d\"><p class=\"wp-block-post-excerpt__excerpt\">A l&rsquo;initiative du GNCP (Groupe National de Concertation Prison), les Journ\u00e9es Nationales Prison (JNP) visent \u00e0 sensibiliser le grand public\u2026 <\/p><\/div>\n\n\n<div style=\"height:23px\" aria-hidden=\"true\" class=\"wp-block-spacer wp-container-content-78b3b043\"><\/div>\n<\/div>\n\n<\/li><li class=\"wp-block-post post-66 page type-page status-publish has-post-thumbnail hentry\">\n\n<div class=\"wp-block-group is-vertical is-content-justification-center is-nowrap is-layout-flex wp-container-core-group-is-layout-7be2fa9c wp-block-group-is-layout-flex\" style=\"margin-top:var(--wp--preset--spacing--20);padding-top:0\"><figure style=\"aspect-ratio:16\/9;height:100px; padding-bottom:0;margin-bottom:0;\" class=\"wp-block-post-featured-image\"><a href=\"https:\/\/farapej-1.rezo.pro\/index.php\/nos-actions\/les-conferences-journees-detude-colloques\/\" target=\"_self\"  style=\"height:100px\"><img loading=\"lazy\" decoding=\"async\" width=\"2048\" height=\"2048\" src=\"https:\/\/farapej-1.rezo.pro\/wp-content\/uploads\/2025\/10\/Colorisation-Conference.jpg\" class=\"attachment-full size-full wp-post-image\" alt=\"Les \u00e9v\u00e8nements FARAPEJ\" style=\"width:100%;height:100%;object-fit:contain;\" srcset=\"https:\/\/farapej-1.rezo.pro\/wp-content\/uploads\/2025\/10\/Colorisation-Conference.jpg 2048w, https:\/\/farapej-1.rezo.pro\/wp-content\/uploads\/2025\/10\/Colorisation-Conference-300x300.jpg 300w, https:\/\/farapej-1.rezo.pro\/wp-content\/uploads\/2025\/10\/Colorisation-Conference-1024x1024.jpg 1024w, https:\/\/farapej-1.rezo.pro\/wp-content\/uploads\/2025\/10\/Colorisation-Conference-150x150.jpg 150w, https:\/\/farapej-1.rezo.pro\/wp-content\/uploads\/2025\/10\/Colorisation-Conference-768x768.jpg 768w, https:\/\/farapej-1.rezo.pro\/wp-content\/uploads\/2025\/10\/Colorisation-Conference-1536x1536.jpg 1536w\" sizes=\"auto, (max-width: 2048px) 100vw, 2048px\" \/><\/a><\/figure>\n\n<h2 class=\"has-text-align-center has-link-color wp-elements-e9dbd46998321df0402018f70002c1a8 wp-block-post-title has-text-color has-accent-3-color has-medium-font-size wp-container-content-32e3a40d\"><a href=\"https:\/\/farapej-1.rezo.pro\/index.php\/nos-actions\/les-conferences-journees-detude-colloques\/\" target=\"_self\" >Les \u00e9v\u00e8nements FARAPEJ<\/a><\/h2>\n\n<div class=\"has-text-align-center wp-block-post-excerpt has-text-color has-contrast-2-color has-small-font-size wp-container-content-32e3a40d\"><p class=\"wp-block-post-excerpt__excerpt\">Colloques Journ\u00e9es d&rsquo;\u00e9tudes Conf\u00e9rences <\/p><\/div>\n\n\n<div style=\"height:23px\" aria-hidden=\"true\" class=\"wp-block-spacer wp-container-content-78b3b043\"><\/div>\n<\/div>\n\n<\/li><li class=\"wp-block-post post-68 page type-page status-publish has-post-thumbnail hentry\">\n\n<div class=\"wp-block-group is-vertical is-content-justification-center is-nowrap is-layout-flex wp-container-core-group-is-layout-7be2fa9c wp-block-group-is-layout-flex\" style=\"margin-top:var(--wp--preset--spacing--20);padding-top:0\"><figure style=\"aspect-ratio:16\/9;height:100px; padding-bottom:0;margin-bottom:0;\" class=\"wp-block-post-featured-image\"><a href=\"https:\/\/farapej-1.rezo.pro\/index.php\/nos-actions\/les-plaidoyers-les-prises-de-position\/\" target=\"_self\"  style=\"height:100px\"><img loading=\"lazy\" decoding=\"async\" width=\"1000\" height=\"1000\" src=\"https:\/\/farapej-1.rezo.pro\/wp-content\/uploads\/2025\/10\/Plaidoyer.jpg\" class=\"attachment-full size-full wp-post-image\" alt=\"Les plaidoyers, les prises de position\" style=\"width:100%;height:100%;object-fit:contain;\" srcset=\"https:\/\/farapej-1.rezo.pro\/wp-content\/uploads\/2025\/10\/Plaidoyer.jpg 1000w, https:\/\/farapej-1.rezo.pro\/wp-content\/uploads\/2025\/10\/Plaidoyer-300x300.jpg 300w, https:\/\/farapej-1.rezo.pro\/wp-content\/uploads\/2025\/10\/Plaidoyer-150x150.jpg 150w, https:\/\/farapej-1.rezo.pro\/wp-content\/uploads\/2025\/10\/Plaidoyer-768x768.jpg 768w\" sizes=\"auto, (max-width: 1000px) 100vw, 1000px\" \/><\/a><\/figure>\n\n<h2 class=\"has-text-align-center has-link-color wp-elements-e9dbd46998321df0402018f70002c1a8 wp-block-post-title has-text-color has-accent-3-color has-medium-font-size wp-container-content-32e3a40d\"><a href=\"https:\/\/farapej-1.rezo.pro\/index.php\/nos-actions\/les-plaidoyers-les-prises-de-position\/\" target=\"_self\" >Les plaidoyers, les prises de position<\/a><\/h2>\n\n<div class=\"has-text-align-center wp-block-post-excerpt has-text-color has-contrast-2-color has-small-font-size wp-container-content-32e3a40d\"><p class=\"wp-block-post-excerpt__excerpt\">Nos plaidoyers La FARAPEJ s&rsquo;associe \u00e0 la tribune contre la surpopulation carc\u00e9rale. Voir notre article Les prises de positions <\/p><\/div>\n\n\n<div style=\"height:23px\" aria-hidden=\"true\" class=\"wp-block-spacer wp-container-content-78b3b043\"><\/div>\n<\/div>\n\n<\/li><li class=\"wp-block-post post-72 page type-page status-publish has-post-thumbnail hentry\">\n\n<div class=\"wp-block-group is-vertical is-content-justification-center is-nowrap is-layout-flex wp-container-core-group-is-layout-7be2fa9c wp-block-group-is-layout-flex\" style=\"margin-top:var(--wp--preset--spacing--20);padding-top:0\"><figure style=\"aspect-ratio:16\/9;height:100px; padding-bottom:0;margin-bottom:0;\" class=\"wp-block-post-featured-image\"><a href=\"https:\/\/farapej-1.rezo.pro\/index.php\/nos-actions\/les-programmes-associes\/\" target=\"_self\"  style=\"height:100px\"><img loading=\"lazy\" decoding=\"async\" width=\"1080\" height=\"1080\" src=\"https:\/\/farapej-1.rezo.pro\/wp-content\/uploads\/2025\/10\/Recherche-Original.jpg\" class=\"attachment-full size-full wp-post-image\" alt=\"Les programmes associ\u00e9s\" style=\"width:100%;height:100%;object-fit:contain;\" srcset=\"https:\/\/farapej-1.rezo.pro\/wp-content\/uploads\/2025\/10\/Recherche-Original.jpg 1080w, https:\/\/farapej-1.rezo.pro\/wp-content\/uploads\/2025\/10\/Recherche-Original-300x300.jpg 300w, https:\/\/farapej-1.rezo.pro\/wp-content\/uploads\/2025\/10\/Recherche-Original-1024x1024.jpg 1024w, https:\/\/farapej-1.rezo.pro\/wp-content\/uploads\/2025\/10\/Recherche-Original-150x150.jpg 150w, https:\/\/farapej-1.rezo.pro\/wp-content\/uploads\/2025\/10\/Recherche-Original-768x768.jpg 768w\" sizes=\"auto, (max-width: 1080px) 100vw, 1080px\" \/><\/a><\/figure>\n\n<h2 class=\"has-text-align-center has-link-color wp-elements-e9dbd46998321df0402018f70002c1a8 wp-block-post-title has-text-color has-accent-3-color has-medium-font-size wp-container-content-32e3a40d\"><a href=\"https:\/\/farapej-1.rezo.pro\/index.php\/nos-actions\/les-programmes-associes\/\" target=\"_self\" >Les programmes associ\u00e9s<\/a><\/h2>\n\n<div class=\"has-text-align-center wp-block-post-excerpt has-text-color has-contrast-2-color has-small-font-size wp-container-content-32e3a40d\"><p class=\"wp-block-post-excerpt__excerpt\">RESCALED&nbsp;: Un mouvement pour une d\u00e9tention \u00e0 petite \u00e9chelle RESCALED est un mouvement europ\u00e9en qui remet en question la mani\u00e8re\u2026 <\/p><\/div>\n\n\n<div style=\"height:23px\" aria-hidden=\"true\" class=\"wp-block-spacer wp-container-content-78b3b043\"><\/div>\n<\/div>\n\n<\/li><\/ul>\n\n\n<div style=\"margin-top:0;margin-bottom:0;height:30px\" aria-hidden=\"true\" class=\"wp-block-spacer\"><\/div>\n\n\n<\/div>\n<\/div>\n<\/div>\n","protected":false},"excerpt":{"rendered":"<p>La FARAPEJ et son r\u00e9seau s&rsquo;efforcent d&rsquo;entretenir une r\u00e9flexion \u00e0 propos de la justice p\u00e9nale et de la prison en mettant en places des outils collaboratifs : colloques, journ\u00e9es nationales d&rsquo;\u00e9tude, conf\u00e9rences, programmes de recherche, etc. Elle d\u00e9veloppe \u00e9galement des actions de terrain au b\u00e9n\u00e9fice des b\u00e9n\u00e9voles et salari\u00e9s des associations adh\u00e9rentes en leur proposant [&hellip;]<\/p>\n","protected":false},"author":2,"featured_media":1446,"parent":0,"menu_order":30,"comment_status":"closed","ping_status":"closed","template":"","meta":{"_acf_changed":false,"footnotes":""},"class_list":["post-60","page","type-page","status-publish","has-post-thumbnail","hentry"],"acf":[],"_links":{"self":[{"href":"https:\/\/farapej-1.rezo.pro\/index.php\/wp-json\/wp\/v2\/pages\/60","targetHints":{"allow":["GET"]}}],"collection":[{"href":"https:\/\/farapej-1.rezo.pro\/index.php\/wp-json\/wp\/v2\/pages"}],"about":[{"href":"https:\/\/farapej-1.rezo.pro\/index.php\/wp-json\/wp\/v2\/types\/page"}],"author":[{"embeddable":true,"href":"https:\/\/farapej-1.rezo.pro\/index.php\/wp-json\/wp\/v2\/users\/2"}],"replies":[{"embeddable":true,"href":"https:\/\/farapej-1.rezo.pro\/index.php\/wp-json\/wp\/v2\/comments?post=60"}],"version-history":[{"count":14,"href":"https:\/\/farapej-1.rezo.pro\/index.php\/wp-json\/wp\/v2\/pages\/60\/revisions"}],"predecessor-version":[{"id":2573,"href":"https:\/\/farapej-1.rezo.pro\/index.php\/wp-json\/wp\/v2\/pages\/60\/revisions\/2573"}],"wp:featuredmedia":[{"embeddable":true,"href":"https:\/\/farapej-1.rezo.pro\/index.php\/wp-json\/wp\/v2\/media\/1446"}],"wp:attachment":[{"href":"https:\/\/farapej-1.rezo.pro\/index.php\/wp-json\/wp\/v2\/media?parent=60"}],"curies":[{"name":"wp","href":"https:\/\/api.w.org\/{rel}","templated":true}]}}