{"id":62,"date":"2025-09-23T10:51:22","date_gmt":"2025-09-23T08:51:22","guid":{"rendered":"https:\/\/farapej-1.rezo.pro\/?page_id=62"},"modified":"2026-02-17T10:49:36","modified_gmt":"2026-02-17T09:49:36","slug":"les-formations","status":"publish","type":"page","link":"https:\/\/farapej-1.rezo.pro\/index.php\/nos-actions\/les-formations\/","title":{"rendered":"Les formations"},"content":{"rendered":"\n<h2 class=\"wp-block-heading\">  Programmes et modalit\u00e9s d&rsquo;inscription<\/h2>\n\n\n\n<h3 class=\"wp-block-heading\">Comment s\u2019inscrire&nbsp;?<\/h3>\n\n\n\n<p><strong>Pour les formations \u00e0 Paris et en visioconf\u00e9rence&nbsp;:<\/strong><br>Les inscriptions et les r\u00e8glements se font sur le site HelloAsso. Vous pouvez acc\u00e9der aux formations en suivant le <a href=\"https:\/\/www.helloasso.com\/associations\/farapej\" data-type=\"link\" data-id=\"https:\/\/www.helloasso.com\/associations\/farapej\">lien<\/a><\/p>\n\n\n\n<p><strong>Pour les formations \u00e0 Lyon Villeurbanne (69)&nbsp;:<\/strong><br>Contactez directement le D\u00e9l\u00e9gu\u00e9 r\u00e9gional Auvergne-Rh\u00f4ne-Alpes de la FARAPEJ&nbsp;:&nbsp;<a href=\"mailto:bernard.lecogne@gmail.com\">bernard.lecogne@gmail.com<\/a><br>Paiement par ch\u00e8que ou esp\u00e8ce le jour de la formation<\/p>\n\n\n\n<p>Sauf indications contraires au moment de l\u2019inscription, les formations se d\u00e9roulent de 9h00 \u00e0 17h (<em>des ajustements d\u2019horaires peuvent \u00eatre pr\u00e9vus sur les formations en ligne<\/em>).<\/p>\n\n\n\n<blockquote class=\"wp-block-quote is-layout-flow wp-block-quote-is-layout-flow\">\n<p>Pour toutes questions sur les formations ou difficult\u00e9s li\u00e9es aux inscriptions, n\u2019h\u00e9sitez pas \u00e0 nous contacter \u00e0&nbsp;<a href=\"mailto:formation@farapej.fr\">formation@farapej.fr<\/a>&nbsp;ou au 07.45.24.08.58<\/p>\n<\/blockquote>\n\n\n\n<h3 class=\"wp-block-heading\">Publics<\/h3>\n\n\n\n<ul class=\"wp-block-list\">\n<li>adh\u00e9rents individuels \u00e0 la FARAPEJ<\/li>\n\n\n\n<li>membres, b\u00e9n\u00e9voles ou salari\u00e9s, des associations adh\u00e9rentes ou partenaires de la FARAPEJ<\/li>\n\n\n\n<li>personnes int\u00e9ress\u00e9es par les questions relatives \u00e0 la prison et la justice.<\/li>\n<\/ul>\n\n\n\n<blockquote class=\"wp-block-quote is-layout-flow wp-block-quote-is-layout-flow\">\n<p>Ces formations sont organis\u00e9es par la FARAPEJ tout au long de l\u2019ann\u00e9e. Ce sont des moments privil\u00e9gi\u00e9s pour d\u00e9velopper et actualiser des connaissances th\u00e9oriques et pratiques, mieux se rep\u00e9rer dans le syst\u00e8me socio-judiciaire et p\u00e9nitentiaire, partager des exp\u00e9riences et mutualiser les comp\u00e9tences pour mieux accompagner les personnes rencontr\u00e9es et accueillies.<\/p>\n<\/blockquote>\n\n\n\n<h3 class=\"wp-block-heading\">Tarifs<\/h3>\n\n\n\n<ul class=\"wp-block-list\">\n<li><strong>10 euros&nbsp;<\/strong>pour les adh\u00e9rents de la FARAPEJ et pour les adh\u00e9rents d\u2019une association membre de la F\u00e9d\u00e9ration&nbsp;;<\/li>\n\n\n\n<li><strong>20 euros&nbsp;<\/strong>pour les adh\u00e9rents d\u2019une association membre du Groupe National de Concertation Prison (GNCP) et tarifs r\u00e9duits (\u00e9tudiants, demandeurs d\u2019emploi)&nbsp;;<\/li>\n\n\n\n<li><strong>50 euros&nbsp;<\/strong>pour les personnes ne relevant d&rsquo;aucun de ces crit\u00e8res<\/li>\n<\/ul>\n\n\n\n<h3 class=\"wp-block-heading\">Programmes<\/h3>\n\n\n\n<p>Pour Paris et Lyon Villeurbanne, retrouvez nos&nbsp;<strong>Programmes et calendriers du 1er semestre 202<\/strong>6&nbsp;(ci-dessous).<\/p>\n\n\n\n<p>Certaines formations peuvent \u00eatre mises en place dans d&rsquo;autres r\u00e9gions de France : pour en conna\u00eetre les modalit\u00e9s d&rsquo;organisation, merci de contacter la FARAPEJ \u00e0 <a href=\"mailto:formation@farapej.fr\">formation@farapej.fr<\/a>&nbsp;ou au 07.45.24.08.58.<\/p>\n\n\n\n<h3 class=\"wp-block-heading\">Formations en visioconf\u00e9rences<\/h3>\n\n\n\n<p>La FARAPEJ propose de temps en temps des formations en visioconf\u00e9rence. En 2025, des stagiaires ont pu assister \u00e0 une formation anim\u00e9e par Projet 19 sur les diff\u00e9rentes sources de financement pour les associations. Il a \u00e9t\u00e9 aussi possible de suivre une formation intitul\u00e9e \u00ab\u00a0L&rsquo;acc\u00e8s aux soins et la pr\u00e9vention du suicide en prison\u00a0\u00bb, en f\u00e9vrier 2026. <\/p>\n\n\n\n<div class=\"wp-block-group helloasso-formations is-content-justification-center is-layout-flex wp-container-core-group-is-layout-a363e33b wp-block-group-is-layout-flex\"><\/div>\n\n\n\n<div class=\"wp-block-group sous-pages has-global-padding is-layout-constrained wp-block-group-is-layout-constrained\" data-aos=\"fade-up\" data-aos-delay=\"900\" data-aos-duration=\"950\">\n<h3 class=\"wp-block-heading alignfull has-accent-2-color has-text-color has-link-color wp-elements-ee988a8c930f6ef90defdbd71942d938\">Les formations : pages associ\u00e9es<\/h3>\n\n\n\n<div class=\"wp-block-query alignwide is-layout-flow wp-block-query-is-layout-flow\">\n<div class=\"wp-block-group is-layout-flow wp-block-group-is-layout-flow\" style=\"margin-top:0;margin-bottom:0;padding-top:var(--wp--preset--spacing--10);padding-right:var(--wp--preset--spacing--10);padding-bottom:var(--wp--preset--spacing--10);padding-left:var(--wp--preset--spacing--10)\"><ul class=\"columns-4 alignfull wp-block-post-template is-layout-grid wp-container-core-post-template-is-layout-0eac9162 wp-block-post-template-is-layout-grid\"><li class=\"wp-block-post post-1362 page type-page status-publish has-post-thumbnail hentry\">\n\n<div class=\"wp-block-group is-vertical is-content-justification-center is-nowrap is-layout-flex wp-container-core-group-is-layout-7be2fa9c wp-block-group-is-layout-flex\" style=\"margin-top:var(--wp--preset--spacing--20);padding-top:0\"><figure style=\"aspect-ratio:16\/9;height:100px; padding-bottom:0;margin-bottom:0;\" class=\"wp-block-post-featured-image\"><a href=\"https:\/\/farapej-1.rezo.pro\/index.php\/nos-actions\/les-formations\/les-formations-a-paris\/\" target=\"_self\"  style=\"height:100px\"><img loading=\"lazy\" decoding=\"async\" width=\"1080\" height=\"1080\" src=\"https:\/\/farapej-1.rezo.pro\/wp-content\/uploads\/2025\/10\/Formation.jpg\" class=\"attachment-full size-full wp-post-image\" alt=\"Les formations \u00e0 Paris\" style=\"width:100%;height:100%;object-fit:contain;\" srcset=\"https:\/\/farapej-1.rezo.pro\/wp-content\/uploads\/2025\/10\/Formation.jpg 1080w, https:\/\/farapej-1.rezo.pro\/wp-content\/uploads\/2025\/10\/Formation-300x300.jpg 300w, https:\/\/farapej-1.rezo.pro\/wp-content\/uploads\/2025\/10\/Formation-1024x1024.jpg 1024w, https:\/\/farapej-1.rezo.pro\/wp-content\/uploads\/2025\/10\/Formation-150x150.jpg 150w, https:\/\/farapej-1.rezo.pro\/wp-content\/uploads\/2025\/10\/Formation-768x768.jpg 768w\" sizes=\"auto, (max-width: 1080px) 100vw, 1080px\" \/><\/a><\/figure>\n\n<h2 class=\"has-text-align-center has-link-color wp-elements-e9dbd46998321df0402018f70002c1a8 wp-block-post-title has-text-color has-accent-3-color has-medium-font-size wp-container-content-32e3a40d\"><a href=\"https:\/\/farapej-1.rezo.pro\/index.php\/nos-actions\/les-formations\/les-formations-a-paris\/\" target=\"_self\" >Les formations \u00e0 Paris<\/a><\/h2>\n\n<div class=\"has-text-align-center wp-block-post-excerpt has-text-color has-contrast-2-color has-small-font-size wp-container-content-32e3a40d\"><p class=\"wp-block-post-excerpt__excerpt\">Programme des formations \u00e0 Paris. Inscriptions aux formations parisiennes. Pour toutes questions sur les formations ou difficult\u00e9s li\u00e9es aux inscriptions,\u2026 <\/p><\/div>\n\n\n<div style=\"height:23px\" aria-hidden=\"true\" class=\"wp-block-spacer wp-container-content-78b3b043\"><\/div>\n<\/div>\n\n<\/li><li class=\"wp-block-post post-1364 page type-page status-publish has-post-thumbnail hentry\">\n\n<div class=\"wp-block-group is-vertical is-content-justification-center is-nowrap is-layout-flex wp-container-core-group-is-layout-7be2fa9c wp-block-group-is-layout-flex\" style=\"margin-top:var(--wp--preset--spacing--20);padding-top:0\"><figure style=\"aspect-ratio:16\/9;height:100px; padding-bottom:0;margin-bottom:0;\" class=\"wp-block-post-featured-image\"><a href=\"https:\/\/farapej-1.rezo.pro\/index.php\/nos-actions\/les-formations\/les-formations-a-lyon\/\" target=\"_self\"  style=\"height:100px\"><img loading=\"lazy\" decoding=\"async\" width=\"1080\" height=\"1080\" src=\"https:\/\/farapej-1.rezo.pro\/wp-content\/uploads\/2025\/10\/Formation.jpg\" class=\"attachment-full size-full wp-post-image\" alt=\"Les formations \u00e0 Lyon\" style=\"width:100%;height:100%;object-fit:contain;\" srcset=\"https:\/\/farapej-1.rezo.pro\/wp-content\/uploads\/2025\/10\/Formation.jpg 1080w, https:\/\/farapej-1.rezo.pro\/wp-content\/uploads\/2025\/10\/Formation-300x300.jpg 300w, https:\/\/farapej-1.rezo.pro\/wp-content\/uploads\/2025\/10\/Formation-1024x1024.jpg 1024w, https:\/\/farapej-1.rezo.pro\/wp-content\/uploads\/2025\/10\/Formation-150x150.jpg 150w, https:\/\/farapej-1.rezo.pro\/wp-content\/uploads\/2025\/10\/Formation-768x768.jpg 768w\" sizes=\"auto, (max-width: 1080px) 100vw, 1080px\" \/><\/a><\/figure>\n\n<h2 class=\"has-text-align-center has-link-color wp-elements-e9dbd46998321df0402018f70002c1a8 wp-block-post-title has-text-color has-accent-3-color has-medium-font-size wp-container-content-32e3a40d\"><a href=\"https:\/\/farapej-1.rezo.pro\/index.php\/nos-actions\/les-formations\/les-formations-a-lyon\/\" target=\"_self\" >Les formations \u00e0 Lyon<\/a><\/h2>\n\n<div class=\"has-text-align-center wp-block-post-excerpt has-text-color has-contrast-2-color has-small-font-size wp-container-content-32e3a40d\"><p class=\"wp-block-post-excerpt__excerpt\">Programme des formations \u00e0 Lyon Villeurbanne. T\u00e9l\u00e9charger le programme du premier semestre 2026 Pour toutes questions sur les formations ou\u2026 <\/p><\/div>\n\n\n<div style=\"height:23px\" aria-hidden=\"true\" class=\"wp-block-spacer wp-container-content-78b3b043\"><\/div>\n<\/div>\n\n<\/li><li class=\"wp-block-post post-2484 page type-page status-publish has-post-thumbnail hentry\">\n\n<div class=\"wp-block-group is-vertical is-content-justification-center is-nowrap is-layout-flex wp-container-core-group-is-layout-7be2fa9c wp-block-group-is-layout-flex\" style=\"margin-top:var(--wp--preset--spacing--20);padding-top:0\"><figure style=\"aspect-ratio:16\/9;height:100px; padding-bottom:0;margin-bottom:0;\" class=\"wp-block-post-featured-image\"><a href=\"https:\/\/farapej-1.rezo.pro\/index.php\/nos-actions\/les-formations\/les-programmes-de-formations\/\" target=\"_self\"  style=\"height:100px\"><img loading=\"lazy\" decoding=\"async\" width=\"1080\" height=\"1080\" src=\"https:\/\/farapej-1.rezo.pro\/wp-content\/uploads\/2025\/10\/Formation.jpg\" class=\"attachment-full size-full wp-post-image\" alt=\"Les programmes de formations des ann\u00e9es pr\u00e9c\u00e9dentes\" style=\"width:100%;height:100%;object-fit:contain;\" srcset=\"https:\/\/farapej-1.rezo.pro\/wp-content\/uploads\/2025\/10\/Formation.jpg 1080w, https:\/\/farapej-1.rezo.pro\/wp-content\/uploads\/2025\/10\/Formation-300x300.jpg 300w, https:\/\/farapej-1.rezo.pro\/wp-content\/uploads\/2025\/10\/Formation-1024x1024.jpg 1024w, https:\/\/farapej-1.rezo.pro\/wp-content\/uploads\/2025\/10\/Formation-150x150.jpg 150w, https:\/\/farapej-1.rezo.pro\/wp-content\/uploads\/2025\/10\/Formation-768x768.jpg 768w\" sizes=\"auto, (max-width: 1080px) 100vw, 1080px\" \/><\/a><\/figure>\n\n<h2 class=\"has-text-align-center has-link-color wp-elements-e9dbd46998321df0402018f70002c1a8 wp-block-post-title has-text-color has-accent-3-color has-medium-font-size wp-container-content-32e3a40d\"><a href=\"https:\/\/farapej-1.rezo.pro\/index.php\/nos-actions\/les-formations\/les-programmes-de-formations\/\" target=\"_self\" >Les programmes de formations des ann\u00e9es pr\u00e9c\u00e9dentes<\/a><\/h2>\n\n<div class=\"has-text-align-center wp-block-post-excerpt has-text-color has-contrast-2-color has-small-font-size wp-container-content-32e3a40d\"><p class=\"wp-block-post-excerpt__excerpt\">Les programmes de la FARAPEJ sont semestriels. Si certaines formations reviennent r\u00e9guli\u00e8rement, nous veillons \u00e9galement \u00e0 renouveler notre offre. Consulter\u2026 <\/p><\/div>\n\n\n<div style=\"height:23px\" aria-hidden=\"true\" class=\"wp-block-spacer wp-container-content-78b3b043\"><\/div>\n<\/div>\n\n<\/li><\/ul>\n\n\n<div style=\"margin-top:0;margin-bottom:0;height:30px\" aria-hidden=\"true\" class=\"wp-block-spacer\"><\/div>\n\n\n<\/div>\n<\/div>\n<\/div>\n","protected":false},"excerpt":{"rendered":"<p>Programmes et modalit\u00e9s d&rsquo;inscription Comment s\u2019inscrire&nbsp;? Pour les formations \u00e0 Paris et en visioconf\u00e9rence&nbsp;:Les inscriptions et les r\u00e8glements se font sur le site HelloAsso. Vous pouvez acc\u00e9der aux formations en suivant le lien Pour les formations \u00e0 Lyon Villeurbanne (69)&nbsp;:Contactez directement le D\u00e9l\u00e9gu\u00e9 r\u00e9gional Auvergne-Rh\u00f4ne-Alpes de la FARAPEJ&nbsp;:&nbsp;bernard.lecogne@gmail.comPaiement par ch\u00e8que ou esp\u00e8ce le jour de [&hellip;]<\/p>\n","protected":false},"author":1,"featured_media":1776,"parent":60,"menu_order":10,"comment_status":"closed","ping_status":"closed","template":"","meta":{"_acf_changed":false,"footnotes":""},"class_list":["post-62","page","type-page","status-publish","has-post-thumbnail","hentry"],"acf":[],"_links":{"self":[{"href":"https:\/\/farapej-1.rezo.pro\/index.php\/wp-json\/wp\/v2\/pages\/62","targetHints":{"allow":["GET"]}}],"collection":[{"href":"https:\/\/farapej-1.rezo.pro\/index.php\/wp-json\/wp\/v2\/pages"}],"about":[{"href":"https:\/\/farapej-1.rezo.pro\/index.php\/wp-json\/wp\/v2\/types\/page"}],"author":[{"embeddable":true,"href":"https:\/\/farapej-1.rezo.pro\/index.php\/wp-json\/wp\/v2\/users\/1"}],"replies":[{"embeddable":true,"href":"https:\/\/farapej-1.rezo.pro\/index.php\/wp-json\/wp\/v2\/comments?post=62"}],"version-history":[{"count":31,"href":"https:\/\/farapej-1.rezo.pro\/index.php\/wp-json\/wp\/v2\/pages\/62\/revisions"}],"predecessor-version":[{"id":2648,"href":"https:\/\/farapej-1.rezo.pro\/index.php\/wp-json\/wp\/v2\/pages\/62\/revisions\/2648"}],"up":[{"embeddable":true,"href":"https:\/\/farapej-1.rezo.pro\/index.php\/wp-json\/wp\/v2\/pages\/60"}],"wp:featuredmedia":[{"embeddable":true,"href":"https:\/\/farapej-1.rezo.pro\/index.php\/wp-json\/wp\/v2\/media\/1776"}],"wp:attachment":[{"href":"https:\/\/farapej-1.rezo.pro\/index.php\/wp-json\/wp\/v2\/media?parent=62"}],"curies":[{"name":"wp","href":"https:\/\/api.w.org\/{rel}","templated":true}]}}