{"id":64,"date":"2025-09-23T10:51:57","date_gmt":"2025-09-23T08:51:57","guid":{"rendered":"https:\/\/farapej-1.rezo.pro\/?page_id=64"},"modified":"2025-11-05T15:46:54","modified_gmt":"2025-11-05T14:46:54","slug":"les-journees-nationales-prison","status":"publish","type":"page","link":"https:\/\/farapej-1.rezo.pro\/index.php\/nos-actions\/les-journees-nationales-prison\/","title":{"rendered":"Les Journ\u00e9es Nationales Prison"},"content":{"rendered":"\n<p>A l&rsquo;initiative du GNCP (Groupe National de Concertation Prison), les Journ\u00e9es Nationales Prison (JNP) visent \u00e0 sensibiliser le grand public aux th\u00e9matiques carc\u00e9rales \u00e0 travers de nombreuses manifestations et \u00e9v\u00e8nements&nbsp;: conf\u00e9rences, colloques, projections de films, expositions, ateliers de th\u00e9\u00e2tre&#8230;<\/p>\n\n\n\n<p>Les JNP se d\u00e9roulent partout en France au cours de la derni\u00e8re semaine de novembre. Chaque ann\u00e9e, les associations organisatrices s\u2019inspirent d\u2019un th\u00e8me diff\u00e9rent pour interpeller le public.<\/p>\n\n\n\n<h2 class=\"wp-block-heading\"><\/h2>\n\n\n\n<div class=\"wp-block-query alignwide is-layout-flow wp-block-query-is-layout-flow\">\n<div class=\"wp-block-group is-layout-flow wp-block-group-is-layout-flow\" style=\"margin-top:0;margin-bottom:0;padding-top:var(--wp--preset--spacing--10);padding-right:var(--wp--preset--spacing--10);padding-bottom:var(--wp--preset--spacing--10);padding-left:var(--wp--preset--spacing--10)\"><ul class=\"columns-3 alignfull wp-block-post-template is-layout-grid wp-container-core-post-template-is-layout-4764eb0f wp-block-post-template-is-layout-grid\"><li class=\"wp-block-post post-2403 page type-page status-publish has-post-thumbnail hentry\">\n\n<div class=\"wp-block-group is-vertical is-content-justification-center is-nowrap is-layout-flex wp-container-core-group-is-layout-7be2fa9c wp-block-group-is-layout-flex\" style=\"margin-top:var(--wp--preset--spacing--20);padding-top:0\"><figure style=\"aspect-ratio:16\/9;height:100px; padding-bottom:0;margin-bottom:0;\" class=\"wp-block-post-featured-image\"><a href=\"https:\/\/farapej-1.rezo.pro\/index.php\/nos-actions\/les-journees-nationales-prison\/les-journees-nationales-prison-2025\/\" target=\"_self\"  style=\"height:100px\"><img loading=\"lazy\" decoding=\"async\" width=\"1811\" height=\"2560\" src=\"https:\/\/farapej-1.rezo.pro\/wp-content\/uploads\/2025\/10\/JNP-2025-Quelle-prison-pour-faire-societe-end-scaled.jpg\" class=\"attachment-full size-full wp-post-image\" alt=\"Les Journ\u00e9es Nationales Prison 2025\" style=\"width:100%;height:100%;object-fit:contain;\" srcset=\"https:\/\/farapej-1.rezo.pro\/wp-content\/uploads\/2025\/10\/JNP-2025-Quelle-prison-pour-faire-societe-end-scaled.jpg 1811w, https:\/\/farapej-1.rezo.pro\/wp-content\/uploads\/2025\/10\/JNP-2025-Quelle-prison-pour-faire-societe-end-212x300.jpg 212w, https:\/\/farapej-1.rezo.pro\/wp-content\/uploads\/2025\/10\/JNP-2025-Quelle-prison-pour-faire-societe-end-724x1024.jpg 724w, https:\/\/farapej-1.rezo.pro\/wp-content\/uploads\/2025\/10\/JNP-2025-Quelle-prison-pour-faire-societe-end-768x1086.jpg 768w, https:\/\/farapej-1.rezo.pro\/wp-content\/uploads\/2025\/10\/JNP-2025-Quelle-prison-pour-faire-societe-end-1086x1536.jpg 1086w, https:\/\/farapej-1.rezo.pro\/wp-content\/uploads\/2025\/10\/JNP-2025-Quelle-prison-pour-faire-societe-end-1449x2048.jpg 1449w\" sizes=\"auto, (max-width: 1811px) 100vw, 1811px\" \/><\/a><\/figure>\n\n<h2 class=\"has-text-align-center has-link-color wp-elements-e9dbd46998321df0402018f70002c1a8 wp-block-post-title has-text-color has-accent-3-color has-medium-font-size wp-container-content-32e3a40d\"><a href=\"https:\/\/farapej-1.rezo.pro\/index.php\/nos-actions\/les-journees-nationales-prison\/les-journees-nationales-prison-2025\/\" target=\"_self\" >Les Journ\u00e9es Nationales Prison 2025<\/a><\/h2>\n\n<div class=\"has-text-align-center wp-block-post-excerpt has-text-color has-contrast-2-color has-small-font-size wp-container-content-32e3a40d\"><p class=\"wp-block-post-excerpt__excerpt\">Des initiatives partout en France Les 32\u1d49 JNP se d\u00e9rouleront du 24 au 30 novembre\u2026 <\/p><\/div>\n\n\n<div style=\"height:23px\" aria-hidden=\"true\" class=\"wp-block-spacer wp-container-content-78b3b043\"><\/div>\n<\/div>\n\n<\/li><li class=\"wp-block-post post-2399 page type-page status-publish has-post-thumbnail hentry\">\n\n<div class=\"wp-block-group is-vertical is-content-justification-center is-nowrap is-layout-flex wp-container-core-group-is-layout-7be2fa9c wp-block-group-is-layout-flex\" style=\"margin-top:var(--wp--preset--spacing--20);padding-top:0\"><figure style=\"aspect-ratio:16\/9;height:100px; padding-bottom:0;margin-bottom:0;\" class=\"wp-block-post-featured-image\"><a href=\"https:\/\/farapej-1.rezo.pro\/index.php\/nos-actions\/les-journees-nationales-prison\/les-editions-precedentes-des-jnp\/\" target=\"_self\"  style=\"height:100px\"><img loading=\"lazy\" decoding=\"async\" width=\"1414\" height=\"2000\" src=\"https:\/\/farapej-1.rezo.pro\/wp-content\/uploads\/2025\/10\/AFFICHE-JNP-2024.png\" class=\"attachment-full size-full wp-post-image\" alt=\"Les \u00e9ditions pr\u00e9c\u00e9dentes des JNP\" style=\"width:100%;height:100%;object-fit:contain;\" srcset=\"https:\/\/farapej-1.rezo.pro\/wp-content\/uploads\/2025\/10\/AFFICHE-JNP-2024.png 1414w, https:\/\/farapej-1.rezo.pro\/wp-content\/uploads\/2025\/10\/AFFICHE-JNP-2024-212x300.png 212w, https:\/\/farapej-1.rezo.pro\/wp-content\/uploads\/2025\/10\/AFFICHE-JNP-2024-724x1024.png 724w, https:\/\/farapej-1.rezo.pro\/wp-content\/uploads\/2025\/10\/AFFICHE-JNP-2024-768x1086.png 768w, https:\/\/farapej-1.rezo.pro\/wp-content\/uploads\/2025\/10\/AFFICHE-JNP-2024-1086x1536.png 1086w\" sizes=\"auto, (max-width: 1414px) 100vw, 1414px\" \/><\/a><\/figure>\n\n<h2 class=\"has-text-align-center has-link-color wp-elements-e9dbd46998321df0402018f70002c1a8 wp-block-post-title has-text-color has-accent-3-color has-medium-font-size wp-container-content-32e3a40d\"><a href=\"https:\/\/farapej-1.rezo.pro\/index.php\/nos-actions\/les-journees-nationales-prison\/les-editions-precedentes-des-jnp\/\" target=\"_self\" >Les \u00e9ditions pr\u00e9c\u00e9dentes des JNP<\/a><\/h2>\n\n<div class=\"has-text-align-center wp-block-post-excerpt has-text-color has-contrast-2-color has-small-font-size wp-container-content-32e3a40d\"><p class=\"wp-block-post-excerpt__excerpt\">Journ\u00e9es Nationales Prison 2024 Comme chaque ann\u00e9e, les associations du milieu prison-justice \u00e9taient invit\u00e9es \u00e0\u2026 <\/p><\/div>\n\n\n<div style=\"height:23px\" aria-hidden=\"true\" class=\"wp-block-spacer wp-container-content-78b3b043\"><\/div>\n<\/div>\n\n<\/li><\/ul>\n\n\n<div style=\"margin-top:0;margin-bottom:0;height:30px\" aria-hidden=\"true\" class=\"wp-block-spacer\"><\/div>\n\n\n<\/div>\n<\/div>\n","protected":false},"excerpt":{"rendered":"<p>A l&rsquo;initiative du GNCP (Groupe National de Concertation Prison), les Journ\u00e9es Nationales Prison (JNP) visent \u00e0 sensibiliser le grand public aux th\u00e9matiques carc\u00e9rales \u00e0 travers de nombreuses manifestations et \u00e9v\u00e8nements&nbsp;: conf\u00e9rences, colloques, projections de films, expositions, ateliers de th\u00e9\u00e2tre&#8230; Les JNP se d\u00e9roulent partout en France au cours de la derni\u00e8re semaine de novembre. Chaque [&hellip;]<\/p>\n","protected":false},"author":1,"featured_media":2139,"parent":60,"menu_order":20,"comment_status":"closed","ping_status":"closed","template":"","meta":{"_acf_changed":false,"footnotes":""},"class_list":["post-64","page","type-page","status-publish","has-post-thumbnail","hentry"],"acf":[],"_links":{"self":[{"href":"https:\/\/farapej-1.rezo.pro\/index.php\/wp-json\/wp\/v2\/pages\/64","targetHints":{"allow":["GET"]}}],"collection":[{"href":"https:\/\/farapej-1.rezo.pro\/index.php\/wp-json\/wp\/v2\/pages"}],"about":[{"href":"https:\/\/farapej-1.rezo.pro\/index.php\/wp-json\/wp\/v2\/types\/page"}],"author":[{"embeddable":true,"href":"https:\/\/farapej-1.rezo.pro\/index.php\/wp-json\/wp\/v2\/users\/1"}],"replies":[{"embeddable":true,"href":"https:\/\/farapej-1.rezo.pro\/index.php\/wp-json\/wp\/v2\/comments?post=64"}],"version-history":[{"count":17,"href":"https:\/\/farapej-1.rezo.pro\/index.php\/wp-json\/wp\/v2\/pages\/64\/revisions"}],"predecessor-version":[{"id":2410,"href":"https:\/\/farapej-1.rezo.pro\/index.php\/wp-json\/wp\/v2\/pages\/64\/revisions\/2410"}],"up":[{"embeddable":true,"href":"https:\/\/farapej-1.rezo.pro\/index.php\/wp-json\/wp\/v2\/pages\/60"}],"wp:featuredmedia":[{"embeddable":true,"href":"https:\/\/farapej-1.rezo.pro\/index.php\/wp-json\/wp\/v2\/media\/2139"}],"wp:attachment":[{"href":"https:\/\/farapej-1.rezo.pro\/index.php\/wp-json\/wp\/v2\/media?parent=64"}],"curies":[{"name":"wp","href":"https:\/\/api.w.org\/{rel}","templated":true}]}}