{"id":66,"date":"2025-09-23T10:52:19","date_gmt":"2025-09-23T08:52:19","guid":{"rendered":"https:\/\/farapej-1.rezo.pro\/?page_id=66"},"modified":"2025-10-06T11:26:47","modified_gmt":"2025-10-06T09:26:47","slug":"les-conferences-journees-detude-colloques","status":"publish","type":"page","link":"https:\/\/farapej-1.rezo.pro\/index.php\/nos-actions\/les-conferences-journees-detude-colloques\/","title":{"rendered":"Les \u00e9v\u00e8nements FARAPEJ"},"content":{"rendered":"\n<h4 class=\"wp-block-heading has-text-align-center\"><a href=\"#colloques\">Colloques<\/a><\/h4>\n\n\n\n<h4 class=\"wp-block-heading has-text-align-center\"><a href=\"#JDE\">Journ\u00e9es d&rsquo;\u00e9tudes<\/a><\/h4>\n\n\n\n<h4 class=\"wp-block-heading has-text-align-center\"><a href=\"#conf\u00e9rences\">Conf\u00e9rences<\/a><\/h4>\n\n\n\n<figure class=\"wp-block-image aligncenter size-medium\"><img loading=\"lazy\" decoding=\"async\" width=\"300\" height=\"300\" src=\"https:\/\/farapej-1.rezo.pro\/wp-content\/uploads\/2025\/10\/Colorisation-Conference-300x300.jpg\" alt=\"Illustration Cherif N'diaye conf\u00e9rence\" class=\"wp-image-1179\" srcset=\"https:\/\/farapej-1.rezo.pro\/wp-content\/uploads\/2025\/10\/Colorisation-Conference-300x300.jpg 300w, https:\/\/farapej-1.rezo.pro\/wp-content\/uploads\/2025\/10\/Colorisation-Conference-1024x1024.jpg 1024w, https:\/\/farapej-1.rezo.pro\/wp-content\/uploads\/2025\/10\/Colorisation-Conference-150x150.jpg 150w, https:\/\/farapej-1.rezo.pro\/wp-content\/uploads\/2025\/10\/Colorisation-Conference-768x768.jpg 768w, https:\/\/farapej-1.rezo.pro\/wp-content\/uploads\/2025\/10\/Colorisation-Conference-1536x1536.jpg 1536w, https:\/\/farapej-1.rezo.pro\/wp-content\/uploads\/2025\/10\/Colorisation-Conference.jpg 2048w\" sizes=\"auto, (max-width: 300px) 100vw, 300px\" \/><figcaption class=\"wp-element-caption\">Illustration Cherif N&rsquo;Diaye conf\u00e9rence\npour Farapej<\/figcaption><\/figure>\n\n\n\n<figure class=\"wp-block-image aligncenter size-full\" id=\"colloques\"><a href=\"#colloques\"><img loading=\"lazy\" decoding=\"async\" width=\"30\" height=\"27\" src=\"https:\/\/farapej-1.rezo.pro\/wp-content\/uploads\/2025\/10\/etoile-bleue-tranparente-small.jpg\" alt=\"\" class=\"wp-image-1217\"\/><\/a><\/figure>\n\n\n\n<div style=\"height:21px\" aria-hidden=\"true\" class=\"wp-block-spacer\"><\/div>\n\n\n\n<div style=\"height:20px\" aria-hidden=\"true\" class=\"wp-block-spacer\"><\/div>\n\n\n\n<p><\/p>\n","protected":false},"excerpt":{"rendered":"<p>Colloques Journ\u00e9es d&rsquo;\u00e9tudes Conf\u00e9rences<\/p>\n","protected":false},"author":1,"featured_media":1179,"parent":60,"menu_order":30,"comment_status":"closed","ping_status":"closed","template":"","meta":{"_acf_changed":false,"footnotes":""},"class_list":["post-66","page","type-page","status-publish","has-post-thumbnail","hentry"],"acf":[],"_links":{"self":[{"href":"https:\/\/farapej-1.rezo.pro\/index.php\/wp-json\/wp\/v2\/pages\/66","targetHints":{"allow":["GET"]}}],"collection":[{"href":"https:\/\/farapej-1.rezo.pro\/index.php\/wp-json\/wp\/v2\/pages"}],"about":[{"href":"https:\/\/farapej-1.rezo.pro\/index.php\/wp-json\/wp\/v2\/types\/page"}],"author":[{"embeddable":true,"href":"https:\/\/farapej-1.rezo.pro\/index.php\/wp-json\/wp\/v2\/users\/1"}],"replies":[{"embeddable":true,"href":"https:\/\/farapej-1.rezo.pro\/index.php\/wp-json\/wp\/v2\/comments?post=66"}],"version-history":[{"count":29,"href":"https:\/\/farapej-1.rezo.pro\/index.php\/wp-json\/wp\/v2\/pages\/66\/revisions"}],"predecessor-version":[{"id":1264,"href":"https:\/\/farapej-1.rezo.pro\/index.php\/wp-json\/wp\/v2\/pages\/66\/revisions\/1264"}],"up":[{"embeddable":true,"href":"https:\/\/farapej-1.rezo.pro\/index.php\/wp-json\/wp\/v2\/pages\/60"}],"wp:featuredmedia":[{"embeddable":true,"href":"https:\/\/farapej-1.rezo.pro\/index.php\/wp-json\/wp\/v2\/media\/1179"}],"wp:attachment":[{"href":"https:\/\/farapej-1.rezo.pro\/index.php\/wp-json\/wp\/v2\/media?parent=66"}],"curies":[{"name":"wp","href":"https:\/\/api.w.org\/{rel}","templated":true}]}}