{"id":72,"date":"2025-09-23T10:53:41","date_gmt":"2025-09-23T08:53:41","guid":{"rendered":"https:\/\/farapej-1.rezo.pro\/?page_id=72"},"modified":"2025-10-18T11:22:21","modified_gmt":"2025-10-18T09:22:21","slug":"les-programmes-associes","status":"publish","type":"page","link":"https:\/\/farapej-1.rezo.pro\/index.php\/nos-actions\/les-programmes-associes\/","title":{"rendered":"Les programmes associ\u00e9s"},"content":{"rendered":"\n<h2 class=\"wp-block-heading\">RESCALED&nbsp;: Un mouvement pour une d\u00e9tention \u00e0 petite \u00e9chelle<\/h2>\n\n\n\n<p><strong>RESCALED est un mouvement europ\u00e9en qui remet en question la mani\u00e8re dont la d\u00e9tention est habituellement organis\u00e9e. Une des solutions propos\u00e9es est le remplacement des prisons par des \u00ab&nbsp;maisons de d\u00e9tention&nbsp;\u00bb. Ces \u00e9tablissements de petite taille sont diff\u00e9renci\u00e9s selon le niveau de s\u00e9curit\u00e9 et les programmes d\u2019activit\u00e9s les plus adapt\u00e9s aux personnes d\u00e9tenues.<\/strong><\/p>\n\n\n\n<p><strong>Pourquoi l\u2019Europe a-t-elle besoin d\u2019un concept novateur en mati\u00e8re de d\u00e9tention&nbsp;?<\/strong><\/p>\n\n\n\n<p>La politique p\u00e9nitentiaire europ\u00e9enne est claire&nbsp;: la peine ne doit pas \u00eatre que la privation de libert\u00e9. En outre, les droits fondamentaux des personnes d\u00e9tenues devraient \u00eatre respect\u00e9es et leur r\u00e9insertion et leur r\u00e9habilitation facilit\u00e9es. La r\u00e9paration du pr\u00e9judice caus\u00e9 par l\u2019infraction devrait \u00e9galement \u00eatre favoris\u00e9e.<\/p>\n\n\n\n<p>Au niveau du Conseil de l\u2019Europe, ces principes europ\u00e9ens sont \u00e9nonc\u00e9s dans les R\u00e8gles p\u00e9nitentiaires europ\u00e9ennes et de nombreuses autres recommandations europ\u00e9ennes, dans les normes du CPT (Comit\u00e9 europ\u00e9en pour la pr\u00e9vention et de la torture et des peines ou traitements inhumains ou d\u00e9gradants) et dans la jurisprudence de la Cour europ\u00e9enne des droits de l\u2019Homme (CEDH). Au niveau de l\u2019UE, ces points de vue se refl\u00e8tent dans la Charte des droits fondamentaux de l\u2019UE, dans le \u00ab\u00a0Livre vert sur l\u2019application de la l\u00e9gislation de l\u2019UE en mati\u00e8re de justice p\u00e9nale dans le domaine de la d\u00e9tention\u00a0\u00bb et dans les auditions et la r\u00e9solution successives dans ce contexte. Au niveau national ou local, la r\u00e9insertion, la r\u00e9adaptation et la r\u00e9paration sont des objectifs importants des lois p\u00e9nitentiaires nationales.<\/p>\n\n\n\n<h1 class=\"wp-block-heading\">STEP<\/h1>\n\n\n\n<p>La FARAPEJ est partenaire du projet europ\u00e9en STEP&nbsp;: Supporting distance Training and Education in Prison.<\/p>\n\n\n\n<p>Le droit des personnes d\u00e9tenues et leur acc\u00e8s effectif \u00e0 la formation et \u00e0 l\u2019enseignement est une absolue n\u00e9cessit\u00e9. En effet, Comme indiqu\u00e9 dans le rapport de synth\u00e8se r\u00e9dig\u00e9 par GHK Consulting pour la Commission europ\u00e9enne, un pourcentage \u00e9lev\u00e9 des d\u00e9tenus en Union Europ\u00e9enne a un niveau de qualification peu \u00e9lev\u00e9, ce qui a un effet n\u00e9gatif important sur leurs perspectives de r\u00e9insertion professionnelle, cette condition \u00e9tant identifi\u00e9e comme l\u2019un des facteurs cl\u00e9s de la r\u00e9cidive.<\/p>\n\n\n\n<p>L\u2019acc\u00e8s \u00e0 la formation \u00e0 distance, qui \u00e9tait d\u00e9j\u00e0 un enjeu important \u00e0 l\u2019\u00e8re pr\u00e9-Covid, est devenu essentiel avec l\u2019urgence sanitaire.<\/p>\n\n\n\n<p>Le projet repose sur plusieurs aspects de l\u2019\u00e9volution de la formation \u00e0 distance&nbsp;:<\/p>\n\n\n\n<ul class=\"wp-block-list\">\n<li>L\u2019acc\u00e8s \u00e0 internet et \u00e0 l\u2019\u00e9ducation num\u00e9rique<\/li>\n\n\n\n<li>La formation du personnel p\u00e9nitentiaire<\/li>\n\n\n\n<li>L\u2019acquisition des comp\u00e9tences num\u00e9riques de base par les formateurs et les apprenants<\/li>\n<\/ul>\n\n\n\n<p>Le projet STEP a pour but de renforcer la formation et l\u2019\u00e9ducation \u00e0 distance en prison. Il vise donc \u00e0 soutenir et renforcer l\u2019utilisation des outils num\u00e9riques et l\u2019enseignement \u00e0 distance dans les prisons en accompagnant les formateurs et le personnel p\u00e9nitentiaire dans l\u2019acquisition des comp\u00e9tences ad\u00e9quates pour la mise en \u0153uvre de ces outils.<\/p>\n\n\n\n<p>Pour mieux accompagner les am\u00e9liorations de la formation \u00e0 distance en prison, il est n\u00e9cessaire d\u2019adopter une m\u00e9thodologie commune \u00e0 travers la collecte de bonnes pratiques europ\u00e9ennes en mati\u00e8re d\u2019enseignement \u00e0 distance en prison. Pour cela, une recherche comparative entre les 5 pays europ\u00e9ens est men\u00e9e.<br>Cette recherche posera les bases d\u2019une analyse des forces et des faiblesses des diff\u00e9rentes m\u00e9thodes de formation dans le but de construire des lignes directrices pour l\u2019am\u00e9lioration de l\u2019enseignement \u00e0 distance en prison et mener \u00e0 la cr\u00e9ation de formations pour le personnel p\u00e9nitentiaire et pour le personnel civil travaillant dans ces institutions.<\/p>\n\n\n\n<p>Ce projet europ\u00e9en regroupe des associations situ\u00e9es dans 5 pays&nbsp;: le Portugal, les Pays-Bas, l\u2019Espagne, l\u2019Italie et la France. C\u2019est la Farapej qui coordonne le projet en France. Un p\u00f4le STEP a donc \u00e9t\u00e9 constitu\u00e9 au sein de la F\u00e9d\u00e9ration, il comprend un salari\u00e9 (Nicolas MARTEL) et deux membres du conseil d\u2019administration (Herv\u00e9 ROMIEUX et Christian LOOTEN). Le p\u00f4le se r\u00e9unit aussi souvent que n\u00e9cessaire.<\/p>\n\n\n\n<p>Le projet STEP a d\u00e9but\u00e9 au 2\u00e8me semestre 2021. Depuis, la FARAPEJ a particip\u00e9 \u00e0 plusieurs r\u00e9unions de coordination avec les partenaires europ\u00e9ens&nbsp;: Linc, Form2You, Antigone, Chances &amp; Changes et AIFED.<\/p>\n\n\n\n<p>Dans le cadre de sa recherche sur la formation \u00e0 distance en prison, la Farapej a rencontr\u00e9 Jean-Luc H\u00e9raud, responsable du p\u00f4le formation de la Direction de l\u2019Administration P\u00e9nitentiaire, Ludovic Courtade, responsable local de l\u2019enseignement de la prison de Caen, Annick Leroux, responsable de la formation \u00e0 distance de l\u2019Universit\u00e9 de Caen et Bernard Petitgas, docteur en sociologie.<\/p>\n\n\n\n<p><\/p>\n","protected":false},"excerpt":{"rendered":"<p>RESCALED&nbsp;: Un mouvement pour une d\u00e9tention \u00e0 petite \u00e9chelle RESCALED est un mouvement europ\u00e9en qui remet en question la mani\u00e8re dont la d\u00e9tention est habituellement organis\u00e9e. Une des solutions propos\u00e9es est le remplacement des prisons par des \u00ab&nbsp;maisons de d\u00e9tention&nbsp;\u00bb. Ces \u00e9tablissements de petite taille sont diff\u00e9renci\u00e9s selon le niveau de s\u00e9curit\u00e9 et les programmes [&hellip;]<\/p>\n","protected":false},"author":1,"featured_media":2118,"parent":60,"menu_order":60,"comment_status":"closed","ping_status":"closed","template":"","meta":{"_acf_changed":false,"footnotes":""},"class_list":["post-72","page","type-page","status-publish","has-post-thumbnail","hentry"],"acf":[],"_links":{"self":[{"href":"https:\/\/farapej-1.rezo.pro\/index.php\/wp-json\/wp\/v2\/pages\/72","targetHints":{"allow":["GET"]}}],"collection":[{"href":"https:\/\/farapej-1.rezo.pro\/index.php\/wp-json\/wp\/v2\/pages"}],"about":[{"href":"https:\/\/farapej-1.rezo.pro\/index.php\/wp-json\/wp\/v2\/types\/page"}],"author":[{"embeddable":true,"href":"https:\/\/farapej-1.rezo.pro\/index.php\/wp-json\/wp\/v2\/users\/1"}],"replies":[{"embeddable":true,"href":"https:\/\/farapej-1.rezo.pro\/index.php\/wp-json\/wp\/v2\/comments?post=72"}],"version-history":[{"count":4,"href":"https:\/\/farapej-1.rezo.pro\/index.php\/wp-json\/wp\/v2\/pages\/72\/revisions"}],"predecessor-version":[{"id":1772,"href":"https:\/\/farapej-1.rezo.pro\/index.php\/wp-json\/wp\/v2\/pages\/72\/revisions\/1772"}],"up":[{"embeddable":true,"href":"https:\/\/farapej-1.rezo.pro\/index.php\/wp-json\/wp\/v2\/pages\/60"}],"wp:featuredmedia":[{"embeddable":true,"href":"https:\/\/farapej-1.rezo.pro\/index.php\/wp-json\/wp\/v2\/media\/2118"}],"wp:attachment":[{"href":"https:\/\/farapej-1.rezo.pro\/index.php\/wp-json\/wp\/v2\/media?parent=72"}],"curies":[{"name":"wp","href":"https:\/\/api.w.org\/{rel}","templated":true}]}}